{"id":47194,"date":"2025-05-29T08:21:34","date_gmt":"2025-05-29T08:21:34","guid":{"rendered":"https:\/\/jnksport.com\/?post_type=product&#038;p=47194"},"modified":"2026-04-29T22:32:06","modified_gmt":"2026-04-29T22:32:06","slug":"zapatilla-nike-air-max-fq1833-001-hombre","status":"publish","type":"product","link":"https:\/\/jnksport.com\/en\/product\/zapatilla-nike-air-max-fq1833-001-hombre\/","title":{"rendered":"Zapatilla Nike Air Max FQ1833-001 Hombre"},"content":{"rendered":"<div>\n<div>Los Air Max Alpha Trainer 6 aportan solidez y comodidad, lo mejor de ambos mundos, a tus entrenamientos m\u00e1s exigentes. La base plana y ancha evita que te hundas para que puedas marcarte tus objetivos y alcanzarlos. El robusto tal\u00f3n, potenciado con una amortiguaci\u00f3n \u00abAir de alto rendimiento\u00bb visible, ofrece una estabilidad fiable cuando vas a por todas en una repetici\u00f3n m\u00e1s.<\/p>\n<p>Estabilidad: alta<\/p>\n<p>Cuanto m\u00e1s soporte ofrecen los tenis, m\u00e1s estabilidad pueden darle a tu pisada. La combinaci\u00f3n de soporte optimizado y amortiguaci\u00f3n colocada intencionalmente te ayuda a sentir seguridad en cada paso. La unidad Max Air del tal\u00f3n se ha perfeccionado para ofrecer una estabilidad a\u00fan mayor. La suela plana y ancha con un patr\u00f3n de goma \u00f3ptimo, te proporciona estabilidad y tracci\u00f3n.<\/p>\n<p>Amortiguaci\u00f3n: alta<\/p>\n<p>La amortiguaci\u00f3n en el antepi\u00e9 y el tal\u00f3n suaviza el impacto de tu entrenamiento. La entresuela de espuma con una unidad Air Max en el tal\u00f3n amortigua el pie para brindar comodidad duradera. El cuello amortigua el tobillo en cada movimiento.<\/p>\n<p>Flexibilidad: moderada<\/p>\n<p>Cuanta m\u00e1s flexibilidad tengas en la entresuela y la suela, m\u00e1s podr\u00e1s moverte de forma natural. Las ranuras flexibles en el antepi\u00e9 est\u00e1n dise\u00f1adas para los desplantes.<\/p>\n<p>Goma adherente<\/p>\n<p>La goma envuelve el lateral para ayudar a mantener con firmeza el pie sobre la suela en los movimientos laterales.<\/p>\n<\/div>\n<\/div>\n<ul>\n<li>Marca: Nike<\/li>\n<li>Codigo: FQ1833-001<\/li>\n<li>Modelo: Air Max<\/li>\n<li>G\u00e9nero: Hombre<\/li>\n<li>Estilo: Deportivo<\/li>\n<li>Cierre: Cordones<\/li>\n<li>Material: Textil<\/li>\n<li>Color: Negro<\/li>\n<li>Material de la Suela: Goma<\/li>\n<\/ul>","protected":false},"excerpt":{"rendered":"<p>Los Air Max Alpha Trainer 6 aportan solidez y comodidad, lo mejor de ambos mundos, a tus entrenamientos m\u00e1s exigentes. La base plana y ancha&#8230;<\/p>","protected":false},"featured_media":59481,"comment_status":"open","ping_status":"closed","template":"","meta":{"om_disable_all_campaigns":false,"_monsterinsights_skip_tracking":false,"_monsterinsights_sitenote_active":false,"_monsterinsights_sitenote_note":"","_monsterinsights_sitenote_category":0,"_uf_show_specific_survey":0,"_uf_disable_surveys":false,"_joinchat":[]},"etheme_brands":[],"product_brand":[],"product_cat":[19],"product_tag":[],"class_list":{"0":"post-47194","1":"product","2":"type-product","3":"status-publish","4":"has-post-thumbnail","6":"product_cat-hombre","7":"product_shipping_class-envio-a-lima-y-provincia","9":"first","10":"instock","11":"sale","12":"featured","13":"shipping-taxable","14":"purchasable","15":"product-type-variable"},"aioseo_notices":[],"_links":{"self":[{"href":"https:\/\/jnksport.com\/en\/wp-json\/wp\/v2\/product\/47194","targetHints":{"allow":["GET"]}}],"collection":[{"href":"https:\/\/jnksport.com\/en\/wp-json\/wp\/v2\/product"}],"about":[{"href":"https:\/\/jnksport.com\/en\/wp-json\/wp\/v2\/types\/product"}],"replies":[{"embeddable":true,"href":"https:\/\/jnksport.com\/en\/wp-json\/wp\/v2\/comments?post=47194"}],"version-history":[{"count":1,"href":"https:\/\/jnksport.com\/en\/wp-json\/wp\/v2\/product\/47194\/revisions"}],"predecessor-version":[{"id":59482,"href":"https:\/\/jnksport.com\/en\/wp-json\/wp\/v2\/product\/47194\/revisions\/59482"}],"wp:featuredmedia":[{"embeddable":true,"href":"https:\/\/jnksport.com\/en\/wp-json\/wp\/v2\/media\/59481"}],"wp:attachment":[{"href":"https:\/\/jnksport.com\/en\/wp-json\/wp\/v2\/media?parent=47194"}],"wp:term":[{"taxonomy":"brand","embeddable":true,"href":"https:\/\/jnksport.com\/en\/wp-json\/wp\/v2\/etheme_brands?post=47194"},{"taxonomy":"product_brand","embeddable":true,"href":"https:\/\/jnksport.com\/en\/wp-json\/wp\/v2\/product_brand?post=47194"},{"taxonomy":"product_cat","embeddable":true,"href":"https:\/\/jnksport.com\/en\/wp-json\/wp\/v2\/product_cat?post=47194"},{"taxonomy":"product_tag","embeddable":true,"href":"https:\/\/jnksport.com\/en\/wp-json\/wp\/v2\/product_tag?post=47194"}],"curies":[{"name":"wp","href":"https:\/\/api.w.org\/{rel}","templated":true}]}}