{"id":47197,"date":"2025-05-29T08:21:34","date_gmt":"2025-05-29T08:21:34","guid":{"rendered":"https:\/\/jnksport.com\/?post_type=product&#038;p=47197"},"modified":"2026-04-29T22:32:07","modified_gmt":"2026-04-29T22:32:07","slug":"zapatilla-nike-bella-7-fz1689-003-mujer","status":"publish","type":"product","link":"https:\/\/jnksport.com\/en\/product\/zapatilla-nike-bella-7-fz1689-003-mujer\/","title":{"rendered":"Zapatilla Nike Bella 7 FZ1689-003 Mujer"},"content":{"rendered":"<div>\n<div>Resiste y s\u00e9 fuerte durante una serie o movi\u00e9ndote al ritmo de tu entrenamiento favorito con los Bella 7. La amortiguaci\u00f3n Air Zoom ofrece la combinaci\u00f3n adecuada de estabilidad y suavidad de alto nivel. Adem\u00e1s, la nueva parte superior de malla es el\u00e1stica, transpirable y combina perfectamente con distintos atuendos para usarlos todo el d\u00eda despu\u00e9s de entrenar.<\/p>\n<p>Flexibilidad: moderada<\/p>\n<p>Cuanta m\u00e1s flexibilidad tengas en la entresuela y la suela, m\u00e1s podr\u00e1s moverte de forma natural. La parte superior de malla actualizada se estira con cada desplante y movimiento.<\/p>\n<p>Estabilidad: alta<\/p>\n<p>Cuanto m\u00e1s soporte ofrecen los tenis, m\u00e1s estabilidad pueden darle a tu pisada. La combinaci\u00f3n de soporte optimizado y amortiguaci\u00f3n colocada intencionalmente te ayuda a sentir seguridad en cada paso. La unidad Air Zoom se combina con una placa de pl\u00e1stico y una estructura de goma en el tal\u00f3n para ofrecer estabilidad al levantar pesas.<\/p>\n<p>Amortiguaci\u00f3n: alta<\/p>\n<p>La amortiguaci\u00f3n en el antepi\u00e9 y el tal\u00f3n suaviza el impacto de tu entrenamiento. La unidad Air Zoom en el tal\u00f3n se combina con una entresuela de espuma suave para mantener la comodidad desde el gimnasio hasta donde te lleve el d\u00eda.<\/p>\n<p>Ajuste c\u00f3modo<\/p>\n<p>La malla suave y transpirable se integra perfectamente al dise\u00f1o y a\u00f1ade comodidad a cada paso.<\/p><\/div>\n<\/div>\n<ul>\n<li>Marca: Nike<\/li>\n<li>Codigo: FZ1689-003<\/li>\n<li>Modelo: Bella 7<\/li>\n<li>G\u00e9nero: Mujer<\/li>\n<li>Estilo: Deportivo<\/li>\n<li>Cierre: Cordones<\/li>\n<li>Material: Textil<\/li>\n<li>Color: Negro<\/li>\n<li>Material de la Suela: Goma<\/li>\n<\/ul>","protected":false},"excerpt":{"rendered":"<p>Resiste y s\u00e9 fuerte durante una serie o movi\u00e9ndote al ritmo de tu entrenamiento favorito con los Bella 7. La amortiguaci\u00f3n Air Zoom ofrece la&#8230;<\/p>","protected":false},"featured_media":59483,"comment_status":"open","ping_status":"closed","template":"","meta":{"om_disable_all_campaigns":false,"_monsterinsights_skip_tracking":false,"_monsterinsights_sitenote_active":false,"_monsterinsights_sitenote_note":"","_monsterinsights_sitenote_category":0,"_uf_show_specific_survey":0,"_uf_disable_surveys":false,"_joinchat":[]},"etheme_brands":[],"product_brand":[],"product_cat":[18],"product_tag":[],"class_list":{"0":"post-47197","1":"product","2":"type-product","3":"status-publish","4":"has-post-thumbnail","6":"product_cat-mujer","7":"product_shipping_class-envio-a-lima-y-provincia","9":"first","10":"instock","11":"sale","12":"featured","13":"shipping-taxable","14":"purchasable","15":"product-type-variable"},"aioseo_notices":[],"_links":{"self":[{"href":"https:\/\/jnksport.com\/en\/wp-json\/wp\/v2\/product\/47197","targetHints":{"allow":["GET"]}}],"collection":[{"href":"https:\/\/jnksport.com\/en\/wp-json\/wp\/v2\/product"}],"about":[{"href":"https:\/\/jnksport.com\/en\/wp-json\/wp\/v2\/types\/product"}],"replies":[{"embeddable":true,"href":"https:\/\/jnksport.com\/en\/wp-json\/wp\/v2\/comments?post=47197"}],"version-history":[{"count":1,"href":"https:\/\/jnksport.com\/en\/wp-json\/wp\/v2\/product\/47197\/revisions"}],"predecessor-version":[{"id":59484,"href":"https:\/\/jnksport.com\/en\/wp-json\/wp\/v2\/product\/47197\/revisions\/59484"}],"wp:featuredmedia":[{"embeddable":true,"href":"https:\/\/jnksport.com\/en\/wp-json\/wp\/v2\/media\/59483"}],"wp:attachment":[{"href":"https:\/\/jnksport.com\/en\/wp-json\/wp\/v2\/media?parent=47197"}],"wp:term":[{"taxonomy":"brand","embeddable":true,"href":"https:\/\/jnksport.com\/en\/wp-json\/wp\/v2\/etheme_brands?post=47197"},{"taxonomy":"product_brand","embeddable":true,"href":"https:\/\/jnksport.com\/en\/wp-json\/wp\/v2\/product_brand?post=47197"},{"taxonomy":"product_cat","embeddable":true,"href":"https:\/\/jnksport.com\/en\/wp-json\/wp\/v2\/product_cat?post=47197"},{"taxonomy":"product_tag","embeddable":true,"href":"https:\/\/jnksport.com\/en\/wp-json\/wp\/v2\/product_tag?post=47197"}],"curies":[{"name":"wp","href":"https:\/\/api.w.org\/{rel}","templated":true}]}}