{"id":47228,"date":"2025-05-29T08:21:39","date_gmt":"2025-05-29T08:21:39","guid":{"rendered":"https:\/\/jnksport.com\/?post_type=product&#038;p=47228"},"modified":"2026-04-29T22:32:07","modified_gmt":"2026-04-29T22:32:07","slug":"zapatilla-nike-court-vision-low-hv0927-097-hombre","status":"publish","type":"product","link":"https:\/\/jnksport.com\/en\/product\/zapatilla-nike-court-vision-low-hv0927-097-hombre\/","title":{"rendered":"Zapatilla Nike Court Vision Low HV0927-097 Hombre"},"content":{"rendered":"<div>\n<div>El estilo de contraataque del b\u00e1squetbol de los a\u00f1os 80 se fusiona con el ritmo acelerado de la cultura actual del deporte en los Nike Court Vision Low. La parte superior impecable se inspira en los tenis de b\u00e1squetbol retro y su cl\u00e1sica suela cupsole de goma se ha utilizado en estilos ic\u00f3nicos del pasado.<\/p>\n<p>Beneficios<\/p>\n<p>La parte superior de cuero sint\u00e9tico adquiere la suavidad perfecta con el paso del tiempo.<br \/>\nLa suela cupsole de goma ofrece durabilidad y tracci\u00f3n.<br \/>\nLas perforaciones en la punta y los costados ofrecen una mayor transpirabilidad.<\/p><\/div>\n<\/div>\n<ul>\n<li>Marca: Nike<\/li>\n<li>Codigo: HV0927-097<\/li>\n<li>Modelo: Court Vision Low<\/li>\n<li>G\u00e9nero: Hombre<\/li>\n<li>Estilo: Urbano<\/li>\n<li>Cierre: Cordones<\/li>\n<li>Material: Cuero<\/li>\n<li>Color: Gris<\/li>\n<li>Material de la Suela: Goma<\/li>\n<\/ul>","protected":false},"excerpt":{"rendered":"<p>El estilo de contraataque del b\u00e1squetbol de los a\u00f1os 80 se fusiona con el ritmo acelerado de la cultura actual del deporte en los Nike&#8230;<\/p>","protected":false},"featured_media":59469,"comment_status":"open","ping_status":"closed","template":"","meta":{"om_disable_all_campaigns":false,"_monsterinsights_skip_tracking":false,"_monsterinsights_sitenote_active":false,"_monsterinsights_sitenote_note":"","_monsterinsights_sitenote_category":0,"_uf_show_specific_survey":0,"_uf_disable_surveys":false,"_joinchat":[]},"etheme_brands":[],"product_brand":[],"product_cat":[19],"product_tag":[],"class_list":{"0":"post-47228","1":"product","2":"type-product","3":"status-publish","4":"has-post-thumbnail","6":"product_cat-hombre","7":"product_shipping_class-envio-a-lima-y-provincia","9":"first","10":"instock","11":"sale","12":"featured","13":"shipping-taxable","14":"purchasable","15":"product-type-variable"},"aioseo_notices":[],"_links":{"self":[{"href":"https:\/\/jnksport.com\/en\/wp-json\/wp\/v2\/product\/47228","targetHints":{"allow":["GET"]}}],"collection":[{"href":"https:\/\/jnksport.com\/en\/wp-json\/wp\/v2\/product"}],"about":[{"href":"https:\/\/jnksport.com\/en\/wp-json\/wp\/v2\/types\/product"}],"replies":[{"embeddable":true,"href":"https:\/\/jnksport.com\/en\/wp-json\/wp\/v2\/comments?post=47228"}],"version-history":[{"count":1,"href":"https:\/\/jnksport.com\/en\/wp-json\/wp\/v2\/product\/47228\/revisions"}],"predecessor-version":[{"id":59470,"href":"https:\/\/jnksport.com\/en\/wp-json\/wp\/v2\/product\/47228\/revisions\/59470"}],"wp:featuredmedia":[{"embeddable":true,"href":"https:\/\/jnksport.com\/en\/wp-json\/wp\/v2\/media\/59469"}],"wp:attachment":[{"href":"https:\/\/jnksport.com\/en\/wp-json\/wp\/v2\/media?parent=47228"}],"wp:term":[{"taxonomy":"brand","embeddable":true,"href":"https:\/\/jnksport.com\/en\/wp-json\/wp\/v2\/etheme_brands?post=47228"},{"taxonomy":"product_brand","embeddable":true,"href":"https:\/\/jnksport.com\/en\/wp-json\/wp\/v2\/product_brand?post=47228"},{"taxonomy":"product_cat","embeddable":true,"href":"https:\/\/jnksport.com\/en\/wp-json\/wp\/v2\/product_cat?post=47228"},{"taxonomy":"product_tag","embeddable":true,"href":"https:\/\/jnksport.com\/en\/wp-json\/wp\/v2\/product_tag?post=47228"}],"curies":[{"name":"wp","href":"https:\/\/api.w.org\/{rel}","templated":true}]}}