{"id":47229,"date":"2025-05-29T08:21:39","date_gmt":"2025-05-29T08:21:39","guid":{"rendered":"https:\/\/jnksport.com\/?post_type=product&#038;p=47229"},"modified":"2026-04-29T22:32:07","modified_gmt":"2026-04-29T22:32:07","slug":"zapatilla-adidas-response-runner-ih6106-hombre","status":"publish","type":"product","link":"https:\/\/jnksport.com\/en\/product\/zapatilla-adidas-response-runner-ih6106-hombre\/","title":{"rendered":"Zapatilla Adidas Response Runner IH6106 Hombre"},"content":{"rendered":"<div>\n<div>Zapatillas de running para uso diario hechas parcialmente con materiales reciclados.<br \/>\nYa sea para completar una serie de vueltas suave o para lograr tu mejor marca personal, estas zapatillas de running adidas te ofrecen la sujeci\u00f3n que necesitas para cumplir tus objetivos. La mediasuela de EVA ofrece comodidad y amortiguaci\u00f3n, mientras que la suela de gran agarre mantiene tu ritmo estable. Su dise\u00f1o vers\u00e1til se adapta a la perfecci\u00f3n a tus actividades del d\u00eda a d\u00eda.<\/p>\n<p>Este producto contiene al menos un 20% de material reciclado. Utilizando materiales reciclados reducimos el desperdicio, nuestra dependencia de los recursos finitos y la huella que generan los productos que fabricamos.<\/p>\n<p>Ajuste cl\u00e1sico<br \/>\nSistema de amarre de pasadores<br \/>\nParte superior de malla<br \/>\nForro interno textil<br \/>\nPlantilla OrthoLite\u00ae<br \/>\nMediasuela de EVA<br \/>\nPeso: 258 g (talla PE 40,5)<br \/>\nCa\u00edda mediasuela: 10 mm (tal\u00f3n 32 mm \/ antepi\u00e9 22 mm)<br \/>\nSuela de caucho<br \/>\nContienen al menos un 20% de material reciclado<br \/>\nColor del art\u00edculo: Cloud White \/ Lucid Blue \/ Lucid Lemon<br \/>\nN\u00famero de art\u00edculo: IH6106<\/p><\/div>\n<\/div>\n<ul>\n<li>Marca: Adidas<\/li>\n<li>Codigo: IH6106<\/li>\n<li>Modelo: Response Runner<\/li>\n<li>G\u00e9nero: Hombre<\/li>\n<li>Estilo: Deportivo<\/li>\n<li>Cierre: Cordones<\/li>\n<li>Material: Textil<\/li>\n<li>Color: Blanco<\/li>\n<li>Material de la Suela: Caucho<\/li>\n<\/ul>","protected":false},"excerpt":{"rendered":"<p>Zapatillas de running para uso diario hechas parcialmente con materiales reciclados. Ya sea para completar una serie de vueltas suave o para lograr tu mejor&#8230;<\/p>","protected":false},"featured_media":54996,"comment_status":"open","ping_status":"closed","template":"","meta":{"om_disable_all_campaigns":false,"_monsterinsights_skip_tracking":false,"_monsterinsights_sitenote_active":false,"_monsterinsights_sitenote_note":"","_monsterinsights_sitenote_category":0,"_uf_show_specific_survey":0,"_uf_disable_surveys":false,"_joinchat":[]},"etheme_brands":[],"product_brand":[],"product_cat":[19],"product_tag":[],"class_list":{"0":"post-47229","1":"product","2":"type-product","3":"status-publish","4":"has-post-thumbnail","6":"product_cat-hombre","7":"product_shipping_class-envio-a-lima-y-provincia","9":"first","10":"instock","11":"featured","12":"shipping-taxable","13":"purchasable","14":"product-type-variable"},"aioseo_notices":[],"_links":{"self":[{"href":"https:\/\/jnksport.com\/en\/wp-json\/wp\/v2\/product\/47229","targetHints":{"allow":["GET"]}}],"collection":[{"href":"https:\/\/jnksport.com\/en\/wp-json\/wp\/v2\/product"}],"about":[{"href":"https:\/\/jnksport.com\/en\/wp-json\/wp\/v2\/types\/product"}],"replies":[{"embeddable":true,"href":"https:\/\/jnksport.com\/en\/wp-json\/wp\/v2\/comments?post=47229"}],"version-history":[{"count":0,"href":"https:\/\/jnksport.com\/en\/wp-json\/wp\/v2\/product\/47229\/revisions"}],"wp:featuredmedia":[{"embeddable":true,"href":"https:\/\/jnksport.com\/en\/wp-json\/wp\/v2\/media\/54996"}],"wp:attachment":[{"href":"https:\/\/jnksport.com\/en\/wp-json\/wp\/v2\/media?parent=47229"}],"wp:term":[{"taxonomy":"brand","embeddable":true,"href":"https:\/\/jnksport.com\/en\/wp-json\/wp\/v2\/etheme_brands?post=47229"},{"taxonomy":"product_brand","embeddable":true,"href":"https:\/\/jnksport.com\/en\/wp-json\/wp\/v2\/product_brand?post=47229"},{"taxonomy":"product_cat","embeddable":true,"href":"https:\/\/jnksport.com\/en\/wp-json\/wp\/v2\/product_cat?post=47229"},{"taxonomy":"product_tag","embeddable":true,"href":"https:\/\/jnksport.com\/en\/wp-json\/wp\/v2\/product_tag?post=47229"}],"curies":[{"name":"wp","href":"https:\/\/api.w.org\/{rel}","templated":true}]}}