{"id":47231,"date":"2025-05-29T08:21:39","date_gmt":"2025-05-29T08:21:39","guid":{"rendered":"https:\/\/jnksport.com\/?post_type=product&#038;p=47231"},"modified":"2026-04-11T17:02:58","modified_gmt":"2026-04-11T17:02:58","slug":"zapatilla-adidas-smiley-advantage-ih6257-ninos","status":"publish","type":"product","link":"https:\/\/jnksport.com\/en\/product\/zapatilla-adidas-smiley-advantage-ih6257-ninos\/","title":{"rendered":"Zapatilla Adidas Smiley Advantage IH6257 Ni\u00f1os"},"content":{"rendered":"<div>\n<div>Para peque\u00f1os optimistas<br \/>\nDise\u00f1ada para los pies m\u00e1s inquietos, esta zapatilla adidas es perfecta para que tu peque juegue sin parar. Los estampados de Smiley le envuelven en buenas vibraciones. El cierre autoadherente te permite pon\u00e9rsela y quit\u00e1rsela en un abrir y cerrar de ojos. La suela de EVA moldeada de una sola pieza le proporciona una pisada m\u00e1s c\u00f3moda y ligera.<br \/>\nHorma cl\u00e1sica<br \/>\nCierre autoadherente<br \/>\nEmpeine sint\u00e9tico y textil<br \/>\nEstampados de Smiley<br \/>\nSuela de EVA moldeada de una sola pieza<br \/>\nColor del art\u00edculo: Cloud White \/ Bright Yellow \/ Core Black<br \/>\nN\u00famero de art\u00edculo: IH6257<\/div>\n<\/div>\n<ul>\n<li>Marca: Adidas<\/li>\n<li>Codigo: IH6257<\/li>\n<li>Modelo: Smiley Advantage<\/li>\n<li>G\u00e9nero: Ni\u00f1os<\/li>\n<li>Estilo: Urbano<\/li>\n<li>Cierre: Velcro<\/li>\n<li>Material: Cuero<\/li>\n<li>Color: Blanco<\/li>\n<li>Material de la Suela: Caucho<\/li>\n<\/ul>","protected":false},"excerpt":{"rendered":"<p>Para peque\u00f1os optimistas Dise\u00f1ada para los pies m\u00e1s inquietos, esta zapatilla adidas es perfecta para que tu peque juegue sin parar. Los estampados de Smiley&#8230;<\/p>","protected":false},"featured_media":54997,"comment_status":"open","ping_status":"closed","template":"","meta":{"om_disable_all_campaigns":false,"_monsterinsights_skip_tracking":false,"_monsterinsights_sitenote_active":false,"_monsterinsights_sitenote_note":"","_monsterinsights_sitenote_category":0,"_uf_show_specific_survey":0,"_uf_disable_surveys":false,"_joinchat":[]},"etheme_brands":[],"product_brand":[],"product_cat":[159],"product_tag":[],"class_list":{"0":"post-47231","1":"product","2":"type-product","3":"status-publish","4":"has-post-thumbnail","6":"product_cat-ninos","7":"product_shipping_class-envio-a-lima-y-provincia","9":"first","10":"instock","11":"featured","12":"shipping-taxable","13":"purchasable","14":"product-type-variable"},"aioseo_notices":[],"_links":{"self":[{"href":"https:\/\/jnksport.com\/en\/wp-json\/wp\/v2\/product\/47231","targetHints":{"allow":["GET"]}}],"collection":[{"href":"https:\/\/jnksport.com\/en\/wp-json\/wp\/v2\/product"}],"about":[{"href":"https:\/\/jnksport.com\/en\/wp-json\/wp\/v2\/types\/product"}],"replies":[{"embeddable":true,"href":"https:\/\/jnksport.com\/en\/wp-json\/wp\/v2\/comments?post=47231"}],"version-history":[{"count":0,"href":"https:\/\/jnksport.com\/en\/wp-json\/wp\/v2\/product\/47231\/revisions"}],"wp:featuredmedia":[{"embeddable":true,"href":"https:\/\/jnksport.com\/en\/wp-json\/wp\/v2\/media\/54997"}],"wp:attachment":[{"href":"https:\/\/jnksport.com\/en\/wp-json\/wp\/v2\/media?parent=47231"}],"wp:term":[{"taxonomy":"brand","embeddable":true,"href":"https:\/\/jnksport.com\/en\/wp-json\/wp\/v2\/etheme_brands?post=47231"},{"taxonomy":"product_brand","embeddable":true,"href":"https:\/\/jnksport.com\/en\/wp-json\/wp\/v2\/product_brand?post=47231"},{"taxonomy":"product_cat","embeddable":true,"href":"https:\/\/jnksport.com\/en\/wp-json\/wp\/v2\/product_cat?post=47231"},{"taxonomy":"product_tag","embeddable":true,"href":"https:\/\/jnksport.com\/en\/wp-json\/wp\/v2\/product_tag?post=47231"}],"curies":[{"name":"wp","href":"https:\/\/api.w.org\/{rel}","templated":true}]}}