{"id":47262,"date":"2025-05-29T08:21:44","date_gmt":"2025-05-29T08:21:44","guid":{"rendered":"https:\/\/jnksport.com\/?post_type=product&#038;p=47262"},"modified":"2026-04-11T17:02:58","modified_gmt":"2026-04-11T17:02:58","slug":"zapatilla-adidas-grand-court-2-0-ih6310-ninos","status":"publish","type":"product","link":"https:\/\/jnksport.com\/en\/product\/zapatilla-adidas-grand-court-2-0-ih6310-ninos\/","title":{"rendered":"Zapatilla Adidas Grand Court 2.0 IH6310 Ni\u00f1os"},"content":{"rendered":"<div>\n<div>La magia de Disney<br \/>\nUn look cl\u00e1sico con un toque divertido. Estas Zapatillas para peques incansables se inspira en el m\u00edtico dise\u00f1o Grand Court de adidas y lo actualiza con 3 tiras con lunares y un adorable estampado de Minnie Mouse. La mediasuela y la suela de EVA suave le ofrecen una pisada m\u00e1s c\u00f3moda y una gran estabilidad mientras explora el mundo que le rodea. Los pasadores el\u00e1sticos y la correa autoadherente le permiten calzarse y descalzarse f\u00e1cilmente, ya sea para jugar en el parque o para ver su pel\u00edcula favorita de Disney en casa.<\/p>\n<p>Este producto contiene al menos un 20% de materiales reciclados. Utilizando materiales reciclados, reducimos los residuos, nuestra dependencia de los recursos finitos y la huella que generan los productos que fabricamos.<br \/>\nHorma cl\u00e1sica<br \/>\nPasadores el\u00e1sticos y cierre autoadherente<br \/>\nEmpeine textil y sint\u00e9tico<br \/>\nForro textil<br \/>\nSuela y mediasuela de EVA<br \/>\nColor del art\u00edculo: Cloud White \/ Pink Fusion \/ Pure Ruby<br \/>\nN\u00famero de art\u00edculo: IH6310<\/p><\/div>\n<\/div>\n<ul>\n<li>Marca: Adidas<\/li>\n<li>Codigo: IH6310<\/li>\n<li>Modelo: Grand Court 2.0<\/li>\n<li>G\u00e9nero: Ni\u00f1os<\/li>\n<li>Estilo: Urbano<\/li>\n<li>Cierre: Cordones<\/li>\n<li>Material: Cuero<\/li>\n<li>Color: Blanco<\/li>\n<li>Material de la Suela: Caucho<\/li>\n<\/ul>","protected":false},"excerpt":{"rendered":"<p>La magia de Disney Un look cl\u00e1sico con un toque divertido. Estas Zapatillas para peques incansables se inspira en el m\u00edtico dise\u00f1o Grand Court de&#8230;<\/p>","protected":false},"featured_media":45879,"comment_status":"open","ping_status":"closed","template":"","meta":{"om_disable_all_campaigns":false,"_monsterinsights_skip_tracking":false,"_monsterinsights_sitenote_active":false,"_monsterinsights_sitenote_note":"","_monsterinsights_sitenote_category":0,"_uf_show_specific_survey":0,"_uf_disable_surveys":false,"_joinchat":[]},"etheme_brands":[],"product_brand":[],"product_cat":[159],"product_tag":[],"class_list":{"0":"post-47262","1":"product","2":"type-product","3":"status-publish","4":"has-post-thumbnail","6":"product_cat-ninos","7":"product_shipping_class-envio-a-lima-y-provincia","9":"first","10":"instock","11":"sale","12":"featured","13":"shipping-taxable","14":"purchasable","15":"product-type-variable"},"aioseo_notices":[],"_links":{"self":[{"href":"https:\/\/jnksport.com\/en\/wp-json\/wp\/v2\/product\/47262","targetHints":{"allow":["GET"]}}],"collection":[{"href":"https:\/\/jnksport.com\/en\/wp-json\/wp\/v2\/product"}],"about":[{"href":"https:\/\/jnksport.com\/en\/wp-json\/wp\/v2\/types\/product"}],"replies":[{"embeddable":true,"href":"https:\/\/jnksport.com\/en\/wp-json\/wp\/v2\/comments?post=47262"}],"version-history":[{"count":0,"href":"https:\/\/jnksport.com\/en\/wp-json\/wp\/v2\/product\/47262\/revisions"}],"wp:featuredmedia":[{"embeddable":true,"href":"https:\/\/jnksport.com\/en\/wp-json\/wp\/v2\/media\/45879"}],"wp:attachment":[{"href":"https:\/\/jnksport.com\/en\/wp-json\/wp\/v2\/media?parent=47262"}],"wp:term":[{"taxonomy":"brand","embeddable":true,"href":"https:\/\/jnksport.com\/en\/wp-json\/wp\/v2\/etheme_brands?post=47262"},{"taxonomy":"product_brand","embeddable":true,"href":"https:\/\/jnksport.com\/en\/wp-json\/wp\/v2\/product_brand?post=47262"},{"taxonomy":"product_cat","embeddable":true,"href":"https:\/\/jnksport.com\/en\/wp-json\/wp\/v2\/product_cat?post=47262"},{"taxonomy":"product_tag","embeddable":true,"href":"https:\/\/jnksport.com\/en\/wp-json\/wp\/v2\/product_tag?post=47262"}],"curies":[{"name":"wp","href":"https:\/\/api.w.org\/{rel}","templated":true}]}}