{"id":47263,"date":"2025-05-29T08:21:44","date_gmt":"2025-05-29T08:21:44","guid":{"rendered":"https:\/\/jnksport.com\/?post_type=product&#038;p=47263"},"modified":"2025-12-01T06:28:01","modified_gmt":"2025-12-01T06:28:01","slug":"zapatilla-joma-invicto-invs2576in-hombre","status":"publish","type":"product","link":"https:\/\/jnksport.com\/en\/product\/zapatilla-joma-invicto-invs2576in-hombre\/","title":{"rendered":"Zapatilla Joma Invicto INVS2576IN Hombre"},"content":{"rendered":"<div>\n<div>Zapatillas de f\u00fatbol sala, destinadas al uso profesional gracias a que devuelven el m\u00e1ximo rendimiento en la cancha. Su tecnolog\u00eda de vanguardia las permite estar a la altura del futsal de \u00e9lite. Jugadores profesionales como R. Santos y Neguinho han marcado hitos en su palmar\u00e9s calzando este modelo.<\/p>\n<p>Upper fabricado en mesh con acabado en Jacquard. Se le ha a\u00f1adido el sistema de microperforaciones VTS para aportarle un extra de transpirabilidad. El ajuste y la sujeci\u00f3n est\u00e1n garantizados gracias al sistema termosellado JOMA SPORTECH. Tambi\u00e9n lleva el mismo material en la puntera, que funciona como la tecnolog\u00eda PROTECTION.<\/p>\n<p>El contrafuerte EXO COUNTER trasero aporta solidez ante los diferentes cambios de direcci\u00f3n.<\/p>\n<p>Mediasuela compuesta en la parte inferior trasera por la tecnolog\u00eda FOAM REACTIVE. Su gran capacidad de absorci\u00f3n de los impactos suaviza la pisada y devuelve un confort excepcional. La parte superior es de phylon de alta densidad para hacerla m\u00e1s estable<\/p>\n<p>Suela de caucho DURABILITY de alta resistencia a la abrasi\u00f3n y calidad. Se adapta a terrenos indoor sin dejar marcas en la cancha. Con l\u00edneas FLEXO para los movimientos multidireccionales.<\/p><\/div>\n<\/div>\n<ul>\n<li>Marca: Joma<\/li>\n<li>Codigo: INVS2576IN<\/li>\n<li>Modelo: Invicto<\/li>\n<li>G\u00e9nero: Hombre<\/li>\n<li>Estilo: Deportivo<\/li>\n<li>Cierre: Cordones<\/li>\n<li>Material: Cuero<\/li>\n<li>Color: Blanco<\/li>\n<li>Material de la Suela: Caucho<\/li>\n<\/ul>","protected":false},"excerpt":{"rendered":"<p>Zapatillas de f\u00fatbol sala, destinadas al uso profesional gracias a que devuelven el m\u00e1ximo rendimiento en la cancha. Su tecnolog\u00eda de vanguardia las permite estar&#8230;<\/p>","protected":false},"featured_media":45885,"comment_status":"open","ping_status":"closed","template":"","meta":{"om_disable_all_campaigns":false,"_monsterinsights_skip_tracking":false,"_monsterinsights_sitenote_active":false,"_monsterinsights_sitenote_note":"","_monsterinsights_sitenote_category":0,"_uf_show_specific_survey":0,"_uf_disable_surveys":false,"_joinchat":[]},"etheme_brands":[],"product_brand":[],"product_cat":[19],"product_tag":[],"class_list":{"0":"post-47263","1":"product","2":"type-product","3":"status-publish","4":"has-post-thumbnail","6":"product_cat-hombre","7":"product_shipping_class-envio-a-lima-y-provincia","9":"first","10":"instock","11":"sale","12":"featured","13":"shipping-taxable","14":"purchasable","15":"product-type-variable"},"aioseo_notices":[],"_links":{"self":[{"href":"https:\/\/jnksport.com\/en\/wp-json\/wp\/v2\/product\/47263","targetHints":{"allow":["GET"]}}],"collection":[{"href":"https:\/\/jnksport.com\/en\/wp-json\/wp\/v2\/product"}],"about":[{"href":"https:\/\/jnksport.com\/en\/wp-json\/wp\/v2\/types\/product"}],"replies":[{"embeddable":true,"href":"https:\/\/jnksport.com\/en\/wp-json\/wp\/v2\/comments?post=47263"}],"version-history":[{"count":0,"href":"https:\/\/jnksport.com\/en\/wp-json\/wp\/v2\/product\/47263\/revisions"}],"wp:featuredmedia":[{"embeddable":true,"href":"https:\/\/jnksport.com\/en\/wp-json\/wp\/v2\/media\/45885"}],"wp:attachment":[{"href":"https:\/\/jnksport.com\/en\/wp-json\/wp\/v2\/media?parent=47263"}],"wp:term":[{"taxonomy":"brand","embeddable":true,"href":"https:\/\/jnksport.com\/en\/wp-json\/wp\/v2\/etheme_brands?post=47263"},{"taxonomy":"product_brand","embeddable":true,"href":"https:\/\/jnksport.com\/en\/wp-json\/wp\/v2\/product_brand?post=47263"},{"taxonomy":"product_cat","embeddable":true,"href":"https:\/\/jnksport.com\/en\/wp-json\/wp\/v2\/product_cat?post=47263"},{"taxonomy":"product_tag","embeddable":true,"href":"https:\/\/jnksport.com\/en\/wp-json\/wp\/v2\/product_tag?post=47263"}],"curies":[{"name":"wp","href":"https:\/\/api.w.org\/{rel}","templated":true}]}}