{"id":47300,"date":"2025-05-29T08:21:50","date_gmt":"2025-05-29T08:21:50","guid":{"rendered":"https:\/\/jnksport.com\/?post_type=product&#038;p=47300"},"modified":"2026-03-27T23:05:24","modified_gmt":"2026-03-27T23:05:24","slug":"zapatilla-adidas-break-start-ji0375-ninos","status":"publish","type":"product","link":"https:\/\/jnksport.com\/en\/product\/zapatilla-adidas-break-start-ji0375-ninos\/","title":{"rendered":"Zapatilla Adidas Break Start JI0375 Ni\u00f1os"},"content":{"rendered":"<div>\n<div>Estos tenis adidas para ni\u00f1os inspiran grandes sue\u00f1os. Inspirados en los mejores jugadores de b\u00e1squet, su silueta de corte bajo y exterior estilizado mantienen el look arraigado en el estilo MVP. Las tiras ajustables de cierre por contacto los hacen f\u00e1ciles de poner y quitar, mientras que el forro interno textil mantiene tus pies c\u00f3modos. Sin importar si tu peque\u00f1o quiere convertirse en un atleta de fama mundial o simplemente superar su prueba de matem\u00e1ticas, estos tenis brindan soporte a cada uno de sus movimientos con una mediasuela c\u00f3moda y una suela de caucho de m\u00e1ximo agarre. Para el ni\u00f1o so\u00f1ador, estos tenis son justo lo que necesitas.<\/p>\n<p>Corte cl\u00e1sico<br \/>\nTiras ajustables de cierre por contacto<br \/>\nExterior de cuero y material sint\u00e9tico<br \/>\nForro textil<br \/>\nSuela de caucho<br \/>\nC\u00f3digo del producto : JI0375<\/p><\/div>\n<\/div>\n<ul>\n<li>Marca: Adidas<\/li>\n<li>Codigo: JI0375<\/li>\n<li>Modelo: Break Start<\/li>\n<li>G\u00e9nero: Ni\u00f1os<\/li>\n<li>Estilo: Urbano<\/li>\n<li>Cierre: Cordones<\/li>\n<li>Material: Cuero<\/li>\n<li>Color: Negro<\/li>\n<li>Material de la Suela: Caucho<\/li>\n<\/ul>","protected":false},"excerpt":{"rendered":"<p>Estos tenis adidas para ni\u00f1os inspiran grandes sue\u00f1os. Inspirados en los mejores jugadores de b\u00e1squet, su silueta de corte bajo y exterior estilizado mantienen el&#8230;<\/p>","protected":false},"featured_media":55006,"comment_status":"open","ping_status":"closed","template":"","meta":{"om_disable_all_campaigns":false,"_monsterinsights_skip_tracking":false,"_monsterinsights_sitenote_active":false,"_monsterinsights_sitenote_note":"","_monsterinsights_sitenote_category":0,"_uf_show_specific_survey":0,"_uf_disable_surveys":false,"_joinchat":[]},"etheme_brands":[],"product_brand":[],"product_cat":[159],"product_tag":[],"class_list":{"0":"post-47300","1":"product","2":"type-product","3":"status-publish","4":"has-post-thumbnail","6":"product_cat-ninos","7":"product_shipping_class-envio-a-lima-y-provincia","9":"first","10":"instock","11":"featured","12":"shipping-taxable","13":"purchasable","14":"product-type-variable"},"aioseo_notices":[],"_links":{"self":[{"href":"https:\/\/jnksport.com\/en\/wp-json\/wp\/v2\/product\/47300","targetHints":{"allow":["GET"]}}],"collection":[{"href":"https:\/\/jnksport.com\/en\/wp-json\/wp\/v2\/product"}],"about":[{"href":"https:\/\/jnksport.com\/en\/wp-json\/wp\/v2\/types\/product"}],"replies":[{"embeddable":true,"href":"https:\/\/jnksport.com\/en\/wp-json\/wp\/v2\/comments?post=47300"}],"version-history":[{"count":0,"href":"https:\/\/jnksport.com\/en\/wp-json\/wp\/v2\/product\/47300\/revisions"}],"wp:featuredmedia":[{"embeddable":true,"href":"https:\/\/jnksport.com\/en\/wp-json\/wp\/v2\/media\/55006"}],"wp:attachment":[{"href":"https:\/\/jnksport.com\/en\/wp-json\/wp\/v2\/media?parent=47300"}],"wp:term":[{"taxonomy":"brand","embeddable":true,"href":"https:\/\/jnksport.com\/en\/wp-json\/wp\/v2\/etheme_brands?post=47300"},{"taxonomy":"product_brand","embeddable":true,"href":"https:\/\/jnksport.com\/en\/wp-json\/wp\/v2\/product_brand?post=47300"},{"taxonomy":"product_cat","embeddable":true,"href":"https:\/\/jnksport.com\/en\/wp-json\/wp\/v2\/product_cat?post=47300"},{"taxonomy":"product_tag","embeddable":true,"href":"https:\/\/jnksport.com\/en\/wp-json\/wp\/v2\/product_tag?post=47300"}],"curies":[{"name":"wp","href":"https:\/\/api.w.org\/{rel}","templated":true}]}}