{"id":47331,"date":"2025-05-29T08:21:55","date_gmt":"2025-05-29T08:21:55","guid":{"rendered":"https:\/\/jnksport.com\/?post_type=product&#038;p=47331"},"modified":"2026-04-29T22:32:07","modified_gmt":"2026-04-29T22:32:07","slug":"zapatilla-adidas-hoops-3-0-bold-ji3457-mujer","status":"publish","type":"product","link":"https:\/\/jnksport.com\/en\/product\/zapatilla-adidas-hoops-3-0-bold-ji3457-mujer\/","title":{"rendered":"Zapatilla Adidas Hoops 3.0 Bold JI3457 Mujer"},"content":{"rendered":"<div>\n<div>Zapatillas para uso diario inspiradas en la est\u00e9tica cl\u00e1sica del b\u00e1squet<br \/>\nCon estas zapatillas Hoops 3.0 Bold de adidas el protagonismo es todo tuyo. La suela con plataforma te regala unos cent\u00edmetros extra de altura, mientras que los elegantes detalles metalizados no pasan desapercibidos. Inspiradas en el calzado de b\u00e1squet, presentan un panel de malla alrededor del tobillo y un forro que te brindan una gran comodidad de la ma\u00f1ana a la noche. Su dise\u00f1o vers\u00e1til combina con todo, desde prendas deportivas hasta tu pantal\u00f3n deportivo favorito.<\/p>\n<p>Ajuste cl\u00e1sico<br \/>\nCierre de pasadores<br \/>\nExterior textil y sint\u00e9tico<br \/>\nPanel de malla alrededor del tobillo<br \/>\nForro de malla<br \/>\nSuela tipo cupsole de caucho con plataforma<br \/>\nColor del art\u00edculo: Cloud White \/ Cyber Metallic \/ Alumina<br \/>\nN\u00famero de art\u00edculo: JI3457<\/p><\/div>\n<\/div>\n<ul>\n<li>Marca: Adidas<\/li>\n<li>Codigo: JI3457<\/li>\n<li>Modelo: Hoops 3.0 Bold<\/li>\n<li>G\u00e9nero: Mujer<\/li>\n<li>Estilo: Urbano<\/li>\n<li>Cierre: Cordones<\/li>\n<li>Material: Cuero<\/li>\n<li>Color: Blanco<\/li>\n<li>Material de la Suela: Caucho<\/li>\n<\/ul>","protected":false},"excerpt":{"rendered":"<p>Zapatillas para uso diario inspiradas en la est\u00e9tica cl\u00e1sica del b\u00e1squet Con estas zapatillas Hoops 3.0 Bold de adidas el protagonismo es todo tuyo. La&#8230;<\/p>","protected":false},"featured_media":57221,"comment_status":"open","ping_status":"closed","template":"","meta":{"om_disable_all_campaigns":false,"_monsterinsights_skip_tracking":false,"_monsterinsights_sitenote_active":false,"_monsterinsights_sitenote_note":"","_monsterinsights_sitenote_category":0,"_uf_show_specific_survey":0,"_uf_disable_surveys":false,"_joinchat":[]},"etheme_brands":[],"product_brand":[],"product_cat":[18],"product_tag":[],"class_list":{"0":"post-47331","1":"product","2":"type-product","3":"status-publish","4":"has-post-thumbnail","6":"product_cat-mujer","7":"product_shipping_class-envio-a-lima-y-provincia","9":"first","10":"instock","11":"featured","12":"shipping-taxable","13":"purchasable","14":"product-type-variable"},"aioseo_notices":[],"_links":{"self":[{"href":"https:\/\/jnksport.com\/en\/wp-json\/wp\/v2\/product\/47331","targetHints":{"allow":["GET"]}}],"collection":[{"href":"https:\/\/jnksport.com\/en\/wp-json\/wp\/v2\/product"}],"about":[{"href":"https:\/\/jnksport.com\/en\/wp-json\/wp\/v2\/types\/product"}],"replies":[{"embeddable":true,"href":"https:\/\/jnksport.com\/en\/wp-json\/wp\/v2\/comments?post=47331"}],"version-history":[{"count":0,"href":"https:\/\/jnksport.com\/en\/wp-json\/wp\/v2\/product\/47331\/revisions"}],"wp:featuredmedia":[{"embeddable":true,"href":"https:\/\/jnksport.com\/en\/wp-json\/wp\/v2\/media\/57221"}],"wp:attachment":[{"href":"https:\/\/jnksport.com\/en\/wp-json\/wp\/v2\/media?parent=47331"}],"wp:term":[{"taxonomy":"brand","embeddable":true,"href":"https:\/\/jnksport.com\/en\/wp-json\/wp\/v2\/etheme_brands?post=47331"},{"taxonomy":"product_brand","embeddable":true,"href":"https:\/\/jnksport.com\/en\/wp-json\/wp\/v2\/product_brand?post=47331"},{"taxonomy":"product_cat","embeddable":true,"href":"https:\/\/jnksport.com\/en\/wp-json\/wp\/v2\/product_cat?post=47331"},{"taxonomy":"product_tag","embeddable":true,"href":"https:\/\/jnksport.com\/en\/wp-json\/wp\/v2\/product_tag?post=47331"}],"curies":[{"name":"wp","href":"https:\/\/api.w.org\/{rel}","templated":true}]}}