{"id":47333,"date":"2025-05-29T08:21:55","date_gmt":"2025-05-29T08:21:55","guid":{"rendered":"https:\/\/jnksport.com\/?post_type=product&#038;p=47333"},"modified":"2026-04-20T15:30:20","modified_gmt":"2026-04-20T15:30:20","slug":"zapatilla-joma-mundial-muns2502in-hombre","status":"publish","type":"product","link":"https:\/\/jnksport.com\/en\/product\/zapatilla-joma-mundial-muns2502in-hombre\/","title":{"rendered":"Zapatilla Joma Mundial MUNS2502IN Hombre"},"content":{"rendered":"<div>\n<div>Zapatillas de f\u00fatbol sala. Este modelo din\u00e1mico y resistente estar\u00e1 a la altura del f\u00fatbol sala profesional. Ideal para futbolistas que busquen potenciar su velocidad.<\/p>\n<p>Corte fabricado combinando varios materiales. La zona delantera, es decir, donde hay mayor contacto con el bal\u00f3n, es de piel de alta calidad para ofrecer buen contacto con el bal\u00f3n. Para hacerlas m\u00e1s ligeras y transpirables, cuenta con parte en mesh. Las perforaciones VTS ubicadas en zonas estrat\u00e9gicas optimizan la ventilaci\u00f3n del sudor.<\/p>\n<p>Refuerzo PROTECTION en la puntera.<\/p>\n<p>Mediasuela de phylon para mayor estabilidad y amortiguaci\u00f3n.<\/p>\n<p>Suela de caucho DURABILITY de gran resistencia a la abrasi\u00f3n y calidad. Se adhiere a la perfecci\u00f3n a terrenos indoor sin dejar marcas en la cancha. Con l\u00edneas FLEXO para los movimientos multidireccionales.<\/p><\/div>\n<\/div>\n<ul>\n<li>Marca: Joma<\/li>\n<li>Codigo: MUNS2502IN<\/li>\n<li>Modelo: Mundial<\/li>\n<li>G\u00e9nero: Hombre<\/li>\n<li>Estilo: Deportivo<\/li>\n<li>Cierre: Cordones<\/li>\n<li>Material: Textil<\/li>\n<li>Color: Blanco<\/li>\n<li>Material de la Suela: Caucho<\/li>\n<\/ul>","protected":false},"excerpt":{"rendered":"<p>Zapatillas de f\u00fatbol sala. Este modelo din\u00e1mico y resistente estar\u00e1 a la altura del f\u00fatbol sala profesional. Ideal para futbolistas que busquen potenciar su velocidad&#8230;.<\/p>","protected":false},"featured_media":45944,"comment_status":"open","ping_status":"closed","template":"","meta":{"om_disable_all_campaigns":false,"_monsterinsights_skip_tracking":false,"_monsterinsights_sitenote_active":false,"_monsterinsights_sitenote_note":"","_monsterinsights_sitenote_category":0,"_uf_show_specific_survey":0,"_uf_disable_surveys":false,"_joinchat":[]},"etheme_brands":[],"product_brand":[],"product_cat":[19],"product_tag":[],"class_list":{"0":"post-47333","1":"product","2":"type-product","3":"status-publish","4":"has-post-thumbnail","6":"product_cat-hombre","7":"product_shipping_class-envio-a-lima-y-provincia","9":"first","10":"instock","11":"sale","12":"featured","13":"shipping-taxable","14":"purchasable","15":"product-type-variable"},"aioseo_notices":[],"_links":{"self":[{"href":"https:\/\/jnksport.com\/en\/wp-json\/wp\/v2\/product\/47333","targetHints":{"allow":["GET"]}}],"collection":[{"href":"https:\/\/jnksport.com\/en\/wp-json\/wp\/v2\/product"}],"about":[{"href":"https:\/\/jnksport.com\/en\/wp-json\/wp\/v2\/types\/product"}],"replies":[{"embeddable":true,"href":"https:\/\/jnksport.com\/en\/wp-json\/wp\/v2\/comments?post=47333"}],"version-history":[{"count":0,"href":"https:\/\/jnksport.com\/en\/wp-json\/wp\/v2\/product\/47333\/revisions"}],"wp:featuredmedia":[{"embeddable":true,"href":"https:\/\/jnksport.com\/en\/wp-json\/wp\/v2\/media\/45944"}],"wp:attachment":[{"href":"https:\/\/jnksport.com\/en\/wp-json\/wp\/v2\/media?parent=47333"}],"wp:term":[{"taxonomy":"brand","embeddable":true,"href":"https:\/\/jnksport.com\/en\/wp-json\/wp\/v2\/etheme_brands?post=47333"},{"taxonomy":"product_brand","embeddable":true,"href":"https:\/\/jnksport.com\/en\/wp-json\/wp\/v2\/product_brand?post=47333"},{"taxonomy":"product_cat","embeddable":true,"href":"https:\/\/jnksport.com\/en\/wp-json\/wp\/v2\/product_cat?post=47333"},{"taxonomy":"product_tag","embeddable":true,"href":"https:\/\/jnksport.com\/en\/wp-json\/wp\/v2\/product_tag?post=47333"}],"curies":[{"name":"wp","href":"https:\/\/api.w.org\/{rel}","templated":true}]}}