{"id":47334,"date":"2025-05-29T08:21:55","date_gmt":"2025-05-29T08:21:55","guid":{"rendered":"https:\/\/jnksport.com\/?post_type=product&#038;p=47334"},"modified":"2026-03-29T20:21:17","modified_gmt":"2026-03-29T20:21:17","slug":"zapatilla-joma-top-flex-tops2528tf-hombre","status":"publish","type":"product","link":"https:\/\/jnksport.com\/en\/product\/zapatilla-joma-top-flex-tops2528tf-hombre\/","title":{"rendered":"Zapatilla Joma Top Flex TOPS2528TF Hombre"},"content":{"rendered":"<div>\n<div>Botas de f\u00fatbol para c\u00e9sped sint\u00e9tico. El modelo unisex m\u00e1s emblem\u00e1tico del cat\u00e1logo de f\u00fatbol sala de Joma. Ligeras y vers\u00e1tiles, ideales tanto para entrenamiento como para competici\u00f3n. Probadas por futbolistas profesionales.<\/p>\n<p>La parte superior est\u00e1 hecha de cuero muy flexible, resistente y transpirable. Proporciona un excelente contacto con el bal\u00f3n, garantizando control y potencia. El interior est\u00e1 forrado con un tejido suave y altamente resistente a la tracci\u00f3n. Adem\u00e1s, cuenta con acolchado de tela en la zona del tobillo y la leng\u00fceta para optimizar el ajuste y la comodidad. Por otro lado, se han insertado perforaciones VTS en el cuero para mejorar la ventilaci\u00f3n del sudor y mantener la temperatura del pie constante. <\/p>\n<p>Refuerzo de protecci\u00f3n en la puntera fabricado en goma.<\/p>\n<p>Entresuela de phylon de alta durabilidad. Proporciona estabilidad, absorci\u00f3n de impactos y reactividad. La tecnolog\u00eda PULSOR, compuesta por piezas de gel, consigue una excelente amortiguaci\u00f3n.<\/p>\n<p>La suela exterior est\u00e1 fabricada con caucho DURABILITY de alta calidad, con buena resistencia a la abrasi\u00f3n y agarre superficial. Su estructura multital\u00f3n reduce la presi\u00f3n de la pisada y garantiza un buen soporte. El sistema de l\u00ednea FLEXO garantiza una transici\u00f3n natural de la pisada.<\/p><\/div>\n<\/div>\n<ul>\n<li>Marca: Joma<\/li>\n<li>Codigo: TOPS2528TF<\/li>\n<li>Modelo: Top Flex<\/li>\n<li>G\u00e9nero: Hombre<\/li>\n<li>Estilo: Deportivo<\/li>\n<li>Cierre: Cordones<\/li>\n<li>Material: Cuero<\/li>\n<li>Color: Amarillo<\/li>\n<li>Material de la Suela: Caucho<\/li>\n<\/ul>","protected":false},"excerpt":{"rendered":"<p>Botas de f\u00fatbol para c\u00e9sped sint\u00e9tico. El modelo unisex m\u00e1s emblem\u00e1tico del cat\u00e1logo de f\u00fatbol sala de Joma. Ligeras y vers\u00e1tiles, ideales tanto para entrenamiento&#8230;<\/p>","protected":false},"featured_media":45949,"comment_status":"open","ping_status":"closed","template":"","meta":{"om_disable_all_campaigns":false,"_monsterinsights_skip_tracking":false,"_monsterinsights_sitenote_active":false,"_monsterinsights_sitenote_note":"","_monsterinsights_sitenote_category":0,"_uf_show_specific_survey":0,"_uf_disable_surveys":false,"_joinchat":[]},"etheme_brands":[],"product_brand":[],"product_cat":[19],"product_tag":[],"class_list":{"0":"post-47334","1":"product","2":"type-product","3":"status-publish","4":"has-post-thumbnail","6":"product_cat-hombre","7":"product_shipping_class-envio-a-lima-y-provincia","9":"first","10":"instock","11":"featured","12":"shipping-taxable","13":"purchasable","14":"product-type-variable"},"aioseo_notices":[],"_links":{"self":[{"href":"https:\/\/jnksport.com\/en\/wp-json\/wp\/v2\/product\/47334","targetHints":{"allow":["GET"]}}],"collection":[{"href":"https:\/\/jnksport.com\/en\/wp-json\/wp\/v2\/product"}],"about":[{"href":"https:\/\/jnksport.com\/en\/wp-json\/wp\/v2\/types\/product"}],"replies":[{"embeddable":true,"href":"https:\/\/jnksport.com\/en\/wp-json\/wp\/v2\/comments?post=47334"}],"version-history":[{"count":0,"href":"https:\/\/jnksport.com\/en\/wp-json\/wp\/v2\/product\/47334\/revisions"}],"wp:featuredmedia":[{"embeddable":true,"href":"https:\/\/jnksport.com\/en\/wp-json\/wp\/v2\/media\/45949"}],"wp:attachment":[{"href":"https:\/\/jnksport.com\/en\/wp-json\/wp\/v2\/media?parent=47334"}],"wp:term":[{"taxonomy":"brand","embeddable":true,"href":"https:\/\/jnksport.com\/en\/wp-json\/wp\/v2\/etheme_brands?post=47334"},{"taxonomy":"product_brand","embeddable":true,"href":"https:\/\/jnksport.com\/en\/wp-json\/wp\/v2\/product_brand?post=47334"},{"taxonomy":"product_cat","embeddable":true,"href":"https:\/\/jnksport.com\/en\/wp-json\/wp\/v2\/product_cat?post=47334"},{"taxonomy":"product_tag","embeddable":true,"href":"https:\/\/jnksport.com\/en\/wp-json\/wp\/v2\/product_tag?post=47334"}],"curies":[{"name":"wp","href":"https:\/\/api.w.org\/{rel}","templated":true}]}}