{"id":47365,"date":"2025-05-29T08:22:00","date_gmt":"2025-05-29T08:22:00","guid":{"rendered":"https:\/\/jnksport.com\/?post_type=product&#038;p=47365"},"modified":"2026-03-13T12:48:44","modified_gmt":"2026-03-13T12:48:44","slug":"zapatilla-joma-top-flex-tops2531in-hombre","status":"publish","type":"product","link":"https:\/\/jnksport.com\/en\/product\/zapatilla-joma-top-flex-tops2531in-hombre\/","title":{"rendered":"Zapatilla Joma Top Flex TOPS2531IN Hombre"},"content":{"rendered":"<div>\n<div>Zapatillas de f\u00fatbol sala. Contin\u00faa el modelo tradicional de f\u00fatbol sala que lleva m\u00e1s de 30 a\u00f1os en la colecci\u00f3n de Joma, famoso por su calidad, flexibilidad y comodidad. Dise\u00f1ado para alcanzar el m\u00e1ximo rendimiento, sigue acompa\u00f1ando a futbolistas profesionales como Amandinha, ocho veces elegida la mejor jugadora del mundo, o Pito.<\/p>\n<p>Upper elaborado con piel. Este material es ideal para este deporte gracias a su durabilidad, flexibilidad, transpirabilidad y buen contacto con el bal\u00f3n. Ventilaci\u00f3n reforzada con la tecnolog\u00eda de perforaciones VTS.<\/p>\n<p>Refuerzo PROTECTION en la puntera.<\/p>\n<p>Mediasuela de phylon para un mayor equilibrio y amortiguaci\u00f3n.<\/p>\n<p>Suela de caucho DURABILITY de alta resistencia a la abrasi\u00f3n y calidad. Se adapta adecuadamente a terrenos indoor sin dejar marcas en la cancha. Equipada con estructuras ROTATION que facilitan los giros durante los cambios de direcci\u00f3n.<\/p>\n<\/div>\n<\/div>\n<ul>\n<li>Marca: Joma<\/li>\n<li>Codigo: TOPS2531IN<\/li>\n<li>Modelo: Top Flex<\/li>\n<li>G\u00e9nero: Hombre<\/li>\n<li>Estilo: Deportivo<\/li>\n<li>Cierre: Cordones<\/li>\n<li>Material: Cuero<\/li>\n<li>Color: Negro<\/li>\n<li>Material de la Suela: Caucho<\/li>\n<\/ul>","protected":false},"excerpt":{"rendered":"<p>Zapatillas de f\u00fatbol sala. Contin\u00faa el modelo tradicional de f\u00fatbol sala que lleva m\u00e1s de 30 a\u00f1os en la colecci\u00f3n de Joma, famoso por su&#8230;<\/p>","protected":false},"featured_media":45954,"comment_status":"open","ping_status":"closed","template":"","meta":{"om_disable_all_campaigns":false,"_monsterinsights_skip_tracking":false,"_monsterinsights_sitenote_active":false,"_monsterinsights_sitenote_note":"","_monsterinsights_sitenote_category":0,"_uf_show_specific_survey":0,"_uf_disable_surveys":false,"_joinchat":[]},"etheme_brands":[],"product_brand":[],"product_cat":[19],"product_tag":[],"class_list":{"0":"post-47365","1":"product","2":"type-product","3":"status-publish","4":"has-post-thumbnail","6":"product_cat-hombre","7":"product_shipping_class-envio-a-lima-y-provincia","9":"first","10":"instock","11":"featured","12":"shipping-taxable","13":"purchasable","14":"product-type-variable"},"aioseo_notices":[],"_links":{"self":[{"href":"https:\/\/jnksport.com\/en\/wp-json\/wp\/v2\/product\/47365","targetHints":{"allow":["GET"]}}],"collection":[{"href":"https:\/\/jnksport.com\/en\/wp-json\/wp\/v2\/product"}],"about":[{"href":"https:\/\/jnksport.com\/en\/wp-json\/wp\/v2\/types\/product"}],"replies":[{"embeddable":true,"href":"https:\/\/jnksport.com\/en\/wp-json\/wp\/v2\/comments?post=47365"}],"version-history":[{"count":0,"href":"https:\/\/jnksport.com\/en\/wp-json\/wp\/v2\/product\/47365\/revisions"}],"wp:featuredmedia":[{"embeddable":true,"href":"https:\/\/jnksport.com\/en\/wp-json\/wp\/v2\/media\/45954"}],"wp:attachment":[{"href":"https:\/\/jnksport.com\/en\/wp-json\/wp\/v2\/media?parent=47365"}],"wp:term":[{"taxonomy":"brand","embeddable":true,"href":"https:\/\/jnksport.com\/en\/wp-json\/wp\/v2\/etheme_brands?post=47365"},{"taxonomy":"product_brand","embeddable":true,"href":"https:\/\/jnksport.com\/en\/wp-json\/wp\/v2\/product_brand?post=47365"},{"taxonomy":"product_cat","embeddable":true,"href":"https:\/\/jnksport.com\/en\/wp-json\/wp\/v2\/product_cat?post=47365"},{"taxonomy":"product_tag","embeddable":true,"href":"https:\/\/jnksport.com\/en\/wp-json\/wp\/v2\/product_tag?post=47365"}],"curies":[{"name":"wp","href":"https:\/\/api.w.org\/{rel}","templated":true}]}}