{"id":48379,"date":"2025-07-02T20:52:16","date_gmt":"2025-07-02T20:52:16","guid":{"rendered":"https:\/\/jnksport.com\/?post_type=product&#038;p=48379"},"modified":"2026-04-20T15:30:23","modified_gmt":"2026-04-20T15:30:23","slug":"zapatilla-caterpillar-colorado-sneaker-p725994-hombre","status":"publish","type":"product","link":"https:\/\/jnksport.com\/en\/product\/zapatilla-caterpillar-colorado-sneaker-p725994-hombre\/","title":{"rendered":"Zapatilla Caterpillar Colorado Sneaker P725994 Hombre"},"content":{"rendered":"<div>\n<div>La Colorado Sneaker Lo, es una zapatilla de ca\u00f1a baja, equipada para cada entorno. Este bot\u00edn es un h\u00edbrido que cuenta con una suela deportiva para un mejor rendimiento.<\/p>\n<p>Detalles:<br \/>\nMaterial: Nubuck\/lona\/malla<br \/>\nForro de malla de nailon suave y transpirable.<br \/>\nPlantilla de espuma acolchada.<br \/>\nForro de calcet\u00edn de tela suave con control de olores probi\u00f3tico CLEANSPORT NXT<br \/>\nEntresuela de EVA duradera y ligera<br \/>\nConstrucci\u00f3n estrobosc\u00f3pica<br \/>\nTecnolog\u00edas: CLEANSPORT NXT\u2122<br \/>\nCategor\u00eda: Calzado<br \/>\nG\u00e9nero: Hombre<br \/>\nColor: Negro<br \/>\nEstilo: Urbano<br \/>\nMaterial de suela: Caucho<br \/>\nSuperficie : Asfalto<br \/>\nTipo de Ca\u00f1a: Ca\u00f1a Media<\/p><\/div>\n<\/div>\n<ul>\n<li>Marca: Caterpillar<\/li>\n<li>Codigo: P725994<\/li>\n<li>Modelo: Colorado Sneaker<\/li>\n<li>G\u00e9nero: Hombre<\/li>\n<li>Estilo: Urbano<\/li>\n<li>Cierre: Cordones<\/li>\n<li>Material: Cuero<\/li>\n<li>Color: Negro<\/li>\n<li>Material de la Suela: Caucho<\/li>\n<\/ul>","protected":false},"excerpt":{"rendered":"<p>La Colorado Sneaker Lo, es una zapatilla de ca\u00f1a baja, equipada para cada entorno. Este bot\u00edn es un h\u00edbrido que cuenta con una suela deportiva&#8230;<\/p>","protected":false},"featured_media":47440,"comment_status":"open","ping_status":"closed","template":"","meta":{"om_disable_all_campaigns":false,"_monsterinsights_skip_tracking":false,"_monsterinsights_sitenote_active":false,"_monsterinsights_sitenote_note":"","_monsterinsights_sitenote_category":0,"_uf_show_specific_survey":0,"_uf_disable_surveys":false,"_joinchat":[]},"etheme_brands":[],"product_brand":[],"product_cat":[19],"product_tag":[],"class_list":{"0":"post-48379","1":"product","2":"type-product","3":"status-publish","4":"has-post-thumbnail","6":"product_cat-hombre","7":"product_shipping_class-envio-a-lima-y-provincia","9":"first","10":"instock","11":"sale","12":"featured","13":"shipping-taxable","14":"purchasable","15":"product-type-variable"},"aioseo_notices":[],"_links":{"self":[{"href":"https:\/\/jnksport.com\/en\/wp-json\/wp\/v2\/product\/48379","targetHints":{"allow":["GET"]}}],"collection":[{"href":"https:\/\/jnksport.com\/en\/wp-json\/wp\/v2\/product"}],"about":[{"href":"https:\/\/jnksport.com\/en\/wp-json\/wp\/v2\/types\/product"}],"replies":[{"embeddable":true,"href":"https:\/\/jnksport.com\/en\/wp-json\/wp\/v2\/comments?post=48379"}],"version-history":[{"count":0,"href":"https:\/\/jnksport.com\/en\/wp-json\/wp\/v2\/product\/48379\/revisions"}],"wp:featuredmedia":[{"embeddable":true,"href":"https:\/\/jnksport.com\/en\/wp-json\/wp\/v2\/media\/47440"}],"wp:attachment":[{"href":"https:\/\/jnksport.com\/en\/wp-json\/wp\/v2\/media?parent=48379"}],"wp:term":[{"taxonomy":"brand","embeddable":true,"href":"https:\/\/jnksport.com\/en\/wp-json\/wp\/v2\/etheme_brands?post=48379"},{"taxonomy":"product_brand","embeddable":true,"href":"https:\/\/jnksport.com\/en\/wp-json\/wp\/v2\/product_brand?post=48379"},{"taxonomy":"product_cat","embeddable":true,"href":"https:\/\/jnksport.com\/en\/wp-json\/wp\/v2\/product_cat?post=48379"},{"taxonomy":"product_tag","embeddable":true,"href":"https:\/\/jnksport.com\/en\/wp-json\/wp\/v2\/product_tag?post=48379"}],"curies":[{"name":"wp","href":"https:\/\/api.w.org\/{rel}","templated":true}]}}