{"id":48435,"date":"2025-07-02T22:03:18","date_gmt":"2025-07-02T22:03:18","guid":{"rendered":"https:\/\/jnksport.com\/?post_type=product&#038;p=48435"},"modified":"2026-01-30T07:22:30","modified_gmt":"2026-01-30T07:22:30","slug":"zapatillas-reebok-classic-leather-100008492-hombre","status":"publish","type":"product","link":"https:\/\/jnksport.com\/en\/product\/zapatillas-reebok-classic-leather-100008492-hombre\/","title":{"rendered":"Zapatillas Reebok Classic Leather 100008492 Hombre"},"content":{"rendered":"<div>\n<div>Zapatillas de inspiraci\u00f3n retro con el logo Union Jack.<\/p>\n<p>El dise\u00f1o limpio y minimalista mantiene su apariencia siempre fresca. Estos Zapatillas Reebok Classic Leather actualizan el ic\u00f3nico estilo retro. Una parte superior de cuero flexible y logotipos extra\u00eddos de los archivos te brindan Zapatillas que siempre funcionan, sin importar con qu\u00e9 las uses.<\/p>\n<p>Materiales: Parte Superior : 100% Piel Recubierta De Pu<\/p><\/div>\n<\/div>\n<ul>\n<li>Marca: Reebok<\/li>\n<li>Codigo: 100008492<\/li>\n<li>Modelo: Classic Leather<\/li>\n<li>G\u00e9nero: Hombre<\/li>\n<li>Estilo: Urbano<\/li>\n<li>Cierre: Cordones<\/li>\n<li>Material: Cuero<\/li>\n<li>Color: Blanco<\/li>\n<li>Material de la Suela: Goma<\/li>\n<\/ul>","protected":false},"excerpt":{"rendered":"<p>Zapatillas de inspiraci\u00f3n retro con el logo Union Jack. El dise\u00f1o limpio y minimalista mantiene su apariencia siempre fresca. Estos Zapatillas Reebok Classic Leather actualizan&#8230;<\/p>","protected":false},"featured_media":48274,"comment_status":"open","ping_status":"closed","template":"","meta":{"om_disable_all_campaigns":false,"_monsterinsights_skip_tracking":false,"_monsterinsights_sitenote_active":false,"_monsterinsights_sitenote_note":"","_monsterinsights_sitenote_category":0,"_uf_show_specific_survey":0,"_uf_disable_surveys":false,"_joinchat":[]},"etheme_brands":[],"product_brand":[],"product_cat":[19],"product_tag":[],"class_list":{"0":"post-48435","1":"product","2":"type-product","3":"status-publish","4":"has-post-thumbnail","6":"product_cat-hombre","7":"product_shipping_class-envio-a-lima-y-provincia","9":"first","10":"instock","11":"sale","12":"featured","13":"shipping-taxable","14":"purchasable","15":"product-type-variable"},"aioseo_notices":[],"_links":{"self":[{"href":"https:\/\/jnksport.com\/en\/wp-json\/wp\/v2\/product\/48435","targetHints":{"allow":["GET"]}}],"collection":[{"href":"https:\/\/jnksport.com\/en\/wp-json\/wp\/v2\/product"}],"about":[{"href":"https:\/\/jnksport.com\/en\/wp-json\/wp\/v2\/types\/product"}],"replies":[{"embeddable":true,"href":"https:\/\/jnksport.com\/en\/wp-json\/wp\/v2\/comments?post=48435"}],"version-history":[{"count":0,"href":"https:\/\/jnksport.com\/en\/wp-json\/wp\/v2\/product\/48435\/revisions"}],"wp:featuredmedia":[{"embeddable":true,"href":"https:\/\/jnksport.com\/en\/wp-json\/wp\/v2\/media\/48274"}],"wp:attachment":[{"href":"https:\/\/jnksport.com\/en\/wp-json\/wp\/v2\/media?parent=48435"}],"wp:term":[{"taxonomy":"brand","embeddable":true,"href":"https:\/\/jnksport.com\/en\/wp-json\/wp\/v2\/etheme_brands?post=48435"},{"taxonomy":"product_brand","embeddable":true,"href":"https:\/\/jnksport.com\/en\/wp-json\/wp\/v2\/product_brand?post=48435"},{"taxonomy":"product_cat","embeddable":true,"href":"https:\/\/jnksport.com\/en\/wp-json\/wp\/v2\/product_cat?post=48435"},{"taxonomy":"product_tag","embeddable":true,"href":"https:\/\/jnksport.com\/en\/wp-json\/wp\/v2\/product_tag?post=48435"}],"curies":[{"name":"wp","href":"https:\/\/api.w.org\/{rel}","templated":true}]}}