{"id":48438,"date":"2025-07-02T22:03:18","date_gmt":"2025-07-02T22:03:18","guid":{"rendered":"https:\/\/jnksport.com\/?post_type=product&#038;p=48438"},"modified":"2026-04-29T22:32:07","modified_gmt":"2026-04-29T22:32:07","slug":"zapatillas-reebok-atr-chill-100200468-hombre","status":"publish","type":"product","link":"https:\/\/jnksport.com\/en\/product\/zapatillas-reebok-atr-chill-100200468-hombre\/","title":{"rendered":"Zapatillas Reebok Atr Chill 100200468 Hombre"},"content":{"rendered":"<div>\n<div>Zapatos unisex Atr Chill<br \/>\n\u00a1Experimenta la felicidad de pies a cabeza! Ponte las Reebok ATR Chill para relajarte, recargar energ\u00edas y desconectar con facilidad. La parte superior se inspira en el baloncesto, lo que te permite empezar el d\u00eda con un mate espectacular. A la altura de las expectativas, estas zapatillas incorporan una c\u00f3moda plantilla Ortholite que te permite escapar del ajetreo y disfrutar del fr\u00edo con confianza. Elegantes y ultraligeras, las Reebok ATR Chill te mantienen a flote.<\/div>\n<\/div>\n<ul>\n<li>Marca: Reebok<\/li>\n<li>Codigo: 100200468<\/li>\n<li>Modelo: Atr Chill<\/li>\n<li>G\u00e9nero: Hombre<\/li>\n<li>Estilo: Urbano<\/li>\n<li>Cierre: Cordones<\/li>\n<li>Material: Cuero<\/li>\n<li>Color: Blanco<\/li>\n<li>Material de la Suela: Goma<\/li>\n<\/ul>","protected":false},"excerpt":{"rendered":"<p>Zapatos unisex Atr Chill \u00a1Experimenta la felicidad de pies a cabeza! Ponte las Reebok ATR Chill para relajarte, recargar energ\u00edas y desconectar con facilidad. La&#8230;<\/p>","protected":false},"featured_media":48289,"comment_status":"open","ping_status":"closed","template":"","meta":{"om_disable_all_campaigns":false,"_monsterinsights_skip_tracking":false,"_monsterinsights_sitenote_active":false,"_monsterinsights_sitenote_note":"","_monsterinsights_sitenote_category":0,"_uf_show_specific_survey":0,"_uf_disable_surveys":false,"_joinchat":[]},"etheme_brands":[],"product_brand":[],"product_cat":[19],"product_tag":[],"class_list":{"0":"post-48438","1":"product","2":"type-product","3":"status-publish","4":"has-post-thumbnail","6":"product_cat-hombre","7":"product_shipping_class-envio-a-lima-y-provincia","9":"first","10":"instock","11":"sale","12":"featured","13":"shipping-taxable","14":"purchasable","15":"product-type-variable"},"aioseo_notices":[],"_links":{"self":[{"href":"https:\/\/jnksport.com\/en\/wp-json\/wp\/v2\/product\/48438","targetHints":{"allow":["GET"]}}],"collection":[{"href":"https:\/\/jnksport.com\/en\/wp-json\/wp\/v2\/product"}],"about":[{"href":"https:\/\/jnksport.com\/en\/wp-json\/wp\/v2\/types\/product"}],"replies":[{"embeddable":true,"href":"https:\/\/jnksport.com\/en\/wp-json\/wp\/v2\/comments?post=48438"}],"version-history":[{"count":0,"href":"https:\/\/jnksport.com\/en\/wp-json\/wp\/v2\/product\/48438\/revisions"}],"wp:featuredmedia":[{"embeddable":true,"href":"https:\/\/jnksport.com\/en\/wp-json\/wp\/v2\/media\/48289"}],"wp:attachment":[{"href":"https:\/\/jnksport.com\/en\/wp-json\/wp\/v2\/media?parent=48438"}],"wp:term":[{"taxonomy":"brand","embeddable":true,"href":"https:\/\/jnksport.com\/en\/wp-json\/wp\/v2\/etheme_brands?post=48438"},{"taxonomy":"product_brand","embeddable":true,"href":"https:\/\/jnksport.com\/en\/wp-json\/wp\/v2\/product_brand?post=48438"},{"taxonomy":"product_cat","embeddable":true,"href":"https:\/\/jnksport.com\/en\/wp-json\/wp\/v2\/product_cat?post=48438"},{"taxonomy":"product_tag","embeddable":true,"href":"https:\/\/jnksport.com\/en\/wp-json\/wp\/v2\/product_tag?post=48438"}],"curies":[{"name":"wp","href":"https:\/\/api.w.org\/{rel}","templated":true}]}}