{"id":48470,"date":"2025-07-02T22:03:23","date_gmt":"2025-07-02T22:03:23","guid":{"rendered":"https:\/\/jnksport.com\/?post_type=product&#038;p=48470"},"modified":"2026-03-21T08:03:16","modified_gmt":"2026-03-21T08:03:16","slug":"zapatillas-reebok-gl1100-100201492-hombre","status":"publish","type":"product","link":"https:\/\/jnksport.com\/en\/product\/zapatillas-reebok-gl1100-100201492-hombre\/","title":{"rendered":"Zapatillas Reebok Gl1100 100201492 Hombre"},"content":{"rendered":"<div>\n<div>Los Tenis Reebok Gl1100 Hombre Negro Gris<br \/>\n son una excelente opci\u00f3n para quienes buscan un calzado casual con un toque retro y c\u00f3modo. Su dise\u00f1o inspirado en las zapatillas de running vintage, combinado con materiales de calidad y tecnolog\u00edas modernas, los convierte en una elecci\u00f3n popular.<br \/>\n-Dise\u00f1o y Caracter\u00edsticas:<br \/>\nDise\u00f1o Cl\u00e1sico: Los GL1100 rinden homenaje a los modelos de running de los a\u00f1os 80, con una silueta de ca\u00f1a baja y un dise\u00f1o limpio.<br \/>\nParte superior de material mixto: Combinan materiales como el ante sint\u00e9tico y la malla textil, lo que proporciona durabilidad y transpirabilidad.<br \/>\nEntresuela FuelFoam: La entresuela de FuelFoam ofrece una amortiguaci\u00f3n ligera y receptiva, brindando comodidad durante todo el d\u00eda.<br \/>\nSuela de goma: La suela de goma proporciona una excelente tracci\u00f3n y durabilidad.<br \/>\n-\u00bfPor qu\u00e9 elegir los Reebok GL1100 Azul Gris?<br \/>\nComodidad: La combinaci\u00f3n de materiales de alta calidad y tecnolog\u00edas innovadoras garantiza una comodidad superior.<br \/>\nVersatilidad: Perfectos para el uso diario, salidas casuales y actividades de baja intensidad.<br \/>\nEstilo: Su dise\u00f1o retro y los colores cl\u00e1sicos los hacen f\u00e1ciles de combinar con cualquier outfit.<br \/>\nDurabilidad: Dise\u00f1ados para resistir el desgaste diario.<br \/>\n\u25cf Modelo:100201492<br \/>\n\u25cf Marca: Reebok<br \/>\n\u25cf Tipo: Tenis<br \/>\n\u25cf G\u00e9nero: Hombre<br \/>\n\u25cf Material Capellada: 100% Sinteticos<br \/>\n\u25cfSuela: 100% EVA<\/div>\n<\/div>\n<ul>\n<li>Marca: Reebok<\/li>\n<li>Codigo: 100201492<\/li>\n<li>Modelo: Gl1100<\/li>\n<li>G\u00e9nero: Hombre<\/li>\n<li>Estilo: Urbano<\/li>\n<li>Cierre: Cordones<\/li>\n<li>Material: Textil<\/li>\n<li>Color: Negro<\/li>\n<li>Material de la Suela: Goma<\/li>\n<\/ul>","protected":false},"excerpt":{"rendered":"<p>Los Tenis Reebok Gl1100 Hombre Negro Gris son una excelente opci\u00f3n para quienes buscan un calzado casual con un toque retro y c\u00f3modo. Su dise\u00f1o&#8230;<\/p>","protected":false},"featured_media":48299,"comment_status":"open","ping_status":"closed","template":"","meta":{"om_disable_all_campaigns":false,"_monsterinsights_skip_tracking":false,"_monsterinsights_sitenote_active":false,"_monsterinsights_sitenote_note":"","_monsterinsights_sitenote_category":0,"_uf_show_specific_survey":0,"_uf_disable_surveys":false,"_joinchat":[]},"etheme_brands":[],"product_brand":[],"product_cat":[19],"product_tag":[],"class_list":{"0":"post-48470","1":"product","2":"type-product","3":"status-publish","4":"has-post-thumbnail","6":"product_cat-hombre","7":"product_shipping_class-envio-a-lima-y-provincia","9":"first","10":"instock","11":"sale","12":"featured","13":"shipping-taxable","14":"purchasable","15":"product-type-variable"},"aioseo_notices":[],"_links":{"self":[{"href":"https:\/\/jnksport.com\/en\/wp-json\/wp\/v2\/product\/48470","targetHints":{"allow":["GET"]}}],"collection":[{"href":"https:\/\/jnksport.com\/en\/wp-json\/wp\/v2\/product"}],"about":[{"href":"https:\/\/jnksport.com\/en\/wp-json\/wp\/v2\/types\/product"}],"replies":[{"embeddable":true,"href":"https:\/\/jnksport.com\/en\/wp-json\/wp\/v2\/comments?post=48470"}],"version-history":[{"count":0,"href":"https:\/\/jnksport.com\/en\/wp-json\/wp\/v2\/product\/48470\/revisions"}],"wp:featuredmedia":[{"embeddable":true,"href":"https:\/\/jnksport.com\/en\/wp-json\/wp\/v2\/media\/48299"}],"wp:attachment":[{"href":"https:\/\/jnksport.com\/en\/wp-json\/wp\/v2\/media?parent=48470"}],"wp:term":[{"taxonomy":"brand","embeddable":true,"href":"https:\/\/jnksport.com\/en\/wp-json\/wp\/v2\/etheme_brands?post=48470"},{"taxonomy":"product_brand","embeddable":true,"href":"https:\/\/jnksport.com\/en\/wp-json\/wp\/v2\/product_brand?post=48470"},{"taxonomy":"product_cat","embeddable":true,"href":"https:\/\/jnksport.com\/en\/wp-json\/wp\/v2\/product_cat?post=48470"},{"taxonomy":"product_tag","embeddable":true,"href":"https:\/\/jnksport.com\/en\/wp-json\/wp\/v2\/product_tag?post=48470"}],"curies":[{"name":"wp","href":"https:\/\/api.w.org\/{rel}","templated":true}]}}