{"id":48504,"date":"2025-07-02T22:03:29","date_gmt":"2025-07-02T22:03:29","guid":{"rendered":"https:\/\/jnksport.com\/?post_type=product&#038;p=48504"},"modified":"2026-03-29T20:21:17","modified_gmt":"2026-03-29T20:21:17","slug":"zapatillas-reebok-zig-dynamica-5-100209533-hombre","status":"publish","type":"product","link":"https:\/\/jnksport.com\/en\/product\/zapatillas-reebok-zig-dynamica-5-100209533-hombre\/","title":{"rendered":"Zapatillas Reebok Zig Dynamica 5 100209533 Hombre"},"content":{"rendered":"<div>\n<div>Reactivas, c\u00f3modas y vers\u00e1tiles, estas zapatillas Reebok son tu calzado ideal para el d\u00eda a d\u00eda. Su elegante parte superior de malla se apoya en la amortiguaci\u00f3n FuelFoam con mayor altura que nunca para una sensaci\u00f3n de confort. El ic\u00f3nico dise\u00f1o en zigzag de la entresuela crea una silueta impactante que se adapta f\u00e1cilmente a tus carreras y al resto del d\u00eda.<\/p>\n<p>Parte superior de malla con revestimientos de TPU.<br \/>\nCierre de cordones. Suela<br \/>\nde goma.<br \/>\nEntresuela FuelFoam.<\/p><\/div>\n<\/div>\n<ul>\n<li>Marca: Reebok<\/li>\n<li>Codigo: 100209533<\/li>\n<li>Modelo: Zig Dynamica 5<\/li>\n<li>G\u00e9nero: Hombre<\/li>\n<li>Estilo: Urbano<\/li>\n<li>Cierre: Cordones<\/li>\n<li>Material: Textil<\/li>\n<li>Color: Blanco<\/li>\n<li>Material de la Suela: Goma<\/li>\n<\/ul>","protected":false},"excerpt":{"rendered":"<p>Reactivas, c\u00f3modas y vers\u00e1tiles, estas zapatillas Reebok son tu calzado ideal para el d\u00eda a d\u00eda. Su elegante parte superior de malla se apoya en&#8230;<\/p>","protected":false},"featured_media":48318,"comment_status":"open","ping_status":"closed","template":"","meta":{"om_disable_all_campaigns":false,"_monsterinsights_skip_tracking":false,"_monsterinsights_sitenote_active":false,"_monsterinsights_sitenote_note":"","_monsterinsights_sitenote_category":0,"_uf_show_specific_survey":0,"_uf_disable_surveys":false,"_joinchat":[]},"etheme_brands":[],"product_brand":[],"product_cat":[19],"product_tag":[],"class_list":{"0":"post-48504","1":"product","2":"type-product","3":"status-publish","4":"has-post-thumbnail","6":"product_cat-hombre","7":"product_shipping_class-envio-a-lima-y-provincia","9":"first","10":"instock","11":"sale","12":"featured","13":"shipping-taxable","14":"purchasable","15":"product-type-variable"},"aioseo_notices":[],"_links":{"self":[{"href":"https:\/\/jnksport.com\/en\/wp-json\/wp\/v2\/product\/48504","targetHints":{"allow":["GET"]}}],"collection":[{"href":"https:\/\/jnksport.com\/en\/wp-json\/wp\/v2\/product"}],"about":[{"href":"https:\/\/jnksport.com\/en\/wp-json\/wp\/v2\/types\/product"}],"replies":[{"embeddable":true,"href":"https:\/\/jnksport.com\/en\/wp-json\/wp\/v2\/comments?post=48504"}],"version-history":[{"count":0,"href":"https:\/\/jnksport.com\/en\/wp-json\/wp\/v2\/product\/48504\/revisions"}],"wp:featuredmedia":[{"embeddable":true,"href":"https:\/\/jnksport.com\/en\/wp-json\/wp\/v2\/media\/48318"}],"wp:attachment":[{"href":"https:\/\/jnksport.com\/en\/wp-json\/wp\/v2\/media?parent=48504"}],"wp:term":[{"taxonomy":"brand","embeddable":true,"href":"https:\/\/jnksport.com\/en\/wp-json\/wp\/v2\/etheme_brands?post=48504"},{"taxonomy":"product_brand","embeddable":true,"href":"https:\/\/jnksport.com\/en\/wp-json\/wp\/v2\/product_brand?post=48504"},{"taxonomy":"product_cat","embeddable":true,"href":"https:\/\/jnksport.com\/en\/wp-json\/wp\/v2\/product_cat?post=48504"},{"taxonomy":"product_tag","embeddable":true,"href":"https:\/\/jnksport.com\/en\/wp-json\/wp\/v2\/product_tag?post=48504"}],"curies":[{"name":"wp","href":"https:\/\/api.w.org\/{rel}","templated":true}]}}