{"id":48507,"date":"2025-07-02T22:03:29","date_gmt":"2025-07-02T22:03:29","guid":{"rendered":"https:\/\/jnksport.com\/?post_type=product&#038;p=48507"},"modified":"2026-02-03T08:33:35","modified_gmt":"2026-02-03T08:33:35","slug":"zapatillas-asics-court-slide-4-1041a483-500-hombre","status":"publish","type":"product","link":"https:\/\/jnksport.com\/en\/product\/zapatillas-asics-court-slide-4-1041a483-500-hombre\/","title":{"rendered":"Zapatillas Asics Court Slide 4 1041A483-500 Hombre"},"content":{"rendered":"<div>\n<div>COURT SLIDE 4 ofrece comodidad y ligereza, adem\u00e1s de una mayor estabilidad.<br \/>\nLa parte superior est\u00e1 hecha de cuero sint\u00e9tico en una amplia superficie, y la estructura que cubre el antepi\u00e9, propenso al desgaste, proporciona una excelente durabilidad. El tal\u00f3n est\u00e1 acolchado con material suave para un ajuste y una sensaci\u00f3n m\u00e1s c\u00f3modos, y la suela exterior enrollada en la parte exterior del antepi\u00e9 proporciona mayor estabilidad contra el movimiento lateral.<\/p>\n<p>Material de la plantilla interior: Resina sint\u00e9tica (EVA)\/fija<br \/>\nMaterial superior: Piel sint\u00e9tica, fibra sint\u00e9tica. Material exterior: Suela de goma.<br \/>\ntama\u00f1o 22.5-29, 30<br \/>\nAncho\/\u00daltima EST\u00c1NDAR<br \/>\nMaterial superior Cuero artificial (cuero sint\u00e9tico) y fibras sint\u00e9ticas<br \/>\nMaterial exterior Suela de goma<br \/>\notros Compatible con goma antihuellas. Para todo tipo de pistas, principalmente duras. Homologado oficialmente por la Asociaci\u00f3n Japonesa de Tenis Suave.<\/p><\/div>\n<\/div>\n<ul>\n<li>Marca: Asics<\/li>\n<li>Codigo: 1041A483-500<\/li>\n<li>Modelo: Court Slide 4<\/li>\n<li>G\u00e9nero: Hombre<\/li>\n<li>Estilo: Deportivo<\/li>\n<li>Cierre: Cordones<\/li>\n<li>Material: Cuero<\/li>\n<li>Color: Negro<\/li>\n<li>Material de la Suela: Goma<\/li>\n<\/ul>","protected":false},"excerpt":{"rendered":"<p>COURT SLIDE 4 ofrece comodidad y ligereza, adem\u00e1s de una mayor estabilidad. La parte superior est\u00e1 hecha de cuero sint\u00e9tico en una amplia superficie, y&#8230;<\/p>","protected":false},"featured_media":48127,"comment_status":"open","ping_status":"closed","template":"","meta":{"om_disable_all_campaigns":false,"_monsterinsights_skip_tracking":false,"_monsterinsights_sitenote_active":false,"_monsterinsights_sitenote_note":"","_monsterinsights_sitenote_category":0,"_uf_show_specific_survey":0,"_uf_disable_surveys":false,"_joinchat":[]},"etheme_brands":[],"product_brand":[],"product_cat":[19],"product_tag":[],"class_list":{"0":"post-48507","1":"product","2":"type-product","3":"status-publish","4":"has-post-thumbnail","6":"product_cat-hombre","7":"product_shipping_class-envio-a-lima-y-provincia","9":"first","10":"instock","11":"sale","12":"featured","13":"shipping-taxable","14":"purchasable","15":"product-type-variable"},"aioseo_notices":[],"_links":{"self":[{"href":"https:\/\/jnksport.com\/en\/wp-json\/wp\/v2\/product\/48507","targetHints":{"allow":["GET"]}}],"collection":[{"href":"https:\/\/jnksport.com\/en\/wp-json\/wp\/v2\/product"}],"about":[{"href":"https:\/\/jnksport.com\/en\/wp-json\/wp\/v2\/types\/product"}],"replies":[{"embeddable":true,"href":"https:\/\/jnksport.com\/en\/wp-json\/wp\/v2\/comments?post=48507"}],"version-history":[{"count":0,"href":"https:\/\/jnksport.com\/en\/wp-json\/wp\/v2\/product\/48507\/revisions"}],"wp:featuredmedia":[{"embeddable":true,"href":"https:\/\/jnksport.com\/en\/wp-json\/wp\/v2\/media\/48127"}],"wp:attachment":[{"href":"https:\/\/jnksport.com\/en\/wp-json\/wp\/v2\/media?parent=48507"}],"wp:term":[{"taxonomy":"brand","embeddable":true,"href":"https:\/\/jnksport.com\/en\/wp-json\/wp\/v2\/etheme_brands?post=48507"},{"taxonomy":"product_brand","embeddable":true,"href":"https:\/\/jnksport.com\/en\/wp-json\/wp\/v2\/product_brand?post=48507"},{"taxonomy":"product_cat","embeddable":true,"href":"https:\/\/jnksport.com\/en\/wp-json\/wp\/v2\/product_cat?post=48507"},{"taxonomy":"product_tag","embeddable":true,"href":"https:\/\/jnksport.com\/en\/wp-json\/wp\/v2\/product_tag?post=48507"}],"curies":[{"name":"wp","href":"https:\/\/api.w.org\/{rel}","templated":true}]}}