{"id":48538,"date":"2025-07-02T22:03:35","date_gmt":"2025-07-02T22:03:35","guid":{"rendered":"https:\/\/jnksport.com\/?post_type=product&#038;p=48538"},"modified":"2026-04-29T19:29:05","modified_gmt":"2026-04-29T19:29:05","slug":"zapatillas-asics-solution-swift-1042a204-300-mujer","status":"publish","type":"product","link":"https:\/\/jnksport.com\/en\/product\/zapatillas-asics-solution-swift-1042a204-300-mujer\/","title":{"rendered":"Zapatillas Asics Solution Swift 1042A204-300 Mujer"},"content":{"rendered":"<div>\n<div>La zapatilla SOLUTION SWIFT \u2122 FF PADEL est\u00e1 dise\u00f1ada para jugadores que practican todo tipo de superficies, tanto en la red como en la l\u00ednea de fondo. Presenta una suela flexible que facilita movimientos multidireccionales.<\/p>\n<p>La entresuela est\u00e1 fabricada con amortiguaci\u00f3n FLYTEFOAM \u2122, una espuma ligera y duradera que aumenta la absorci\u00f3n de impactos. Por otro lado, la unidad de soporte TWISTRUSS<\/p>\n<p>\u2122 en el mediopi\u00e9 te permite realizar cortes r\u00e1pidos y seguros en la pista.<br \/>\nTecnolog\u00eda y caracter\u00edsticas-<br \/>\n\u2022 Parte superior flexible<br \/>\n\u2022 La tecnolog\u00eda TWISTRUSS \u2122 mejora la estabilidad al realizar cortes r\u00e1pidos<br \/>\n\u2022 La tecnolog\u00eda GEL \u2122 en la parte delantera y trasera del pie mejora la absorci\u00f3n de impactos y crea una sensaci\u00f3n m\u00e1s suave al pisar<br \/>\n\u2022 La amortiguaci\u00f3n FLYTEFOAM \u2122 proporciona una absorci\u00f3n de impactos ligera<br \/>\n\u2022 La plantilla se produce con el proceso de te\u00f1ido en soluci\u00f3n que reduce el uso de agua en aproximadamente un 33 % y las emisiones de carbono en aproximadamente un 45 % en comparaci\u00f3n con la tecnolog\u00eda de te\u00f1ido convencional<br \/>\n\u2022 El protector de puntera PGUARD \u2122 mejora la durabilidad<\/p><\/div>\n<\/div>\n<ul>\n<li>Marca: Asics<\/li>\n<li>Codigo: 1042A204-300<\/li>\n<li>Modelo: Solution Swift<\/li>\n<li>G\u00e9nero: Mujer<\/li>\n<li>Estilo: Deportivo<\/li>\n<li>Cierre: Cordones<\/li>\n<li>Material: Cuero<\/li>\n<li>Color: Turqueza<\/li>\n<li>Material de la Suela: Goma<\/li>\n<\/ul>","protected":false},"excerpt":{"rendered":"<p>La zapatilla SOLUTION SWIFT \u2122 FF PADEL est\u00e1 dise\u00f1ada para jugadores que practican todo tipo de superficies, tanto en la red como en la l\u00ednea&#8230;<\/p>","protected":false},"featured_media":59734,"comment_status":"open","ping_status":"closed","template":"","meta":{"om_disable_all_campaigns":false,"_monsterinsights_skip_tracking":false,"_monsterinsights_sitenote_active":false,"_monsterinsights_sitenote_note":"","_monsterinsights_sitenote_category":0,"_uf_show_specific_survey":0,"_uf_disable_surveys":false,"_joinchat":[]},"etheme_brands":[],"product_brand":[],"product_cat":[18],"product_tag":[],"class_list":{"0":"post-48538","1":"product","2":"type-product","3":"status-publish","4":"has-post-thumbnail","6":"product_cat-mujer","7":"product_shipping_class-envio-a-lima-y-provincia","9":"first","10":"instock","11":"sale","12":"featured","13":"shipping-taxable","14":"purchasable","15":"product-type-variable"},"aioseo_notices":[],"_links":{"self":[{"href":"https:\/\/jnksport.com\/en\/wp-json\/wp\/v2\/product\/48538","targetHints":{"allow":["GET"]}}],"collection":[{"href":"https:\/\/jnksport.com\/en\/wp-json\/wp\/v2\/product"}],"about":[{"href":"https:\/\/jnksport.com\/en\/wp-json\/wp\/v2\/types\/product"}],"replies":[{"embeddable":true,"href":"https:\/\/jnksport.com\/en\/wp-json\/wp\/v2\/comments?post=48538"}],"version-history":[{"count":1,"href":"https:\/\/jnksport.com\/en\/wp-json\/wp\/v2\/product\/48538\/revisions"}],"predecessor-version":[{"id":59735,"href":"https:\/\/jnksport.com\/en\/wp-json\/wp\/v2\/product\/48538\/revisions\/59735"}],"wp:featuredmedia":[{"embeddable":true,"href":"https:\/\/jnksport.com\/en\/wp-json\/wp\/v2\/media\/59734"}],"wp:attachment":[{"href":"https:\/\/jnksport.com\/en\/wp-json\/wp\/v2\/media?parent=48538"}],"wp:term":[{"taxonomy":"brand","embeddable":true,"href":"https:\/\/jnksport.com\/en\/wp-json\/wp\/v2\/etheme_brands?post=48538"},{"taxonomy":"product_brand","embeddable":true,"href":"https:\/\/jnksport.com\/en\/wp-json\/wp\/v2\/product_brand?post=48538"},{"taxonomy":"product_cat","embeddable":true,"href":"https:\/\/jnksport.com\/en\/wp-json\/wp\/v2\/product_cat?post=48538"},{"taxonomy":"product_tag","embeddable":true,"href":"https:\/\/jnksport.com\/en\/wp-json\/wp\/v2\/product_tag?post=48538"}],"curies":[{"name":"wp","href":"https:\/\/api.w.org\/{rel}","templated":true}]}}