{"id":48539,"date":"2025-07-02T22:03:35","date_gmt":"2025-07-02T22:03:35","guid":{"rendered":"https:\/\/jnksport.com\/?post_type=product&#038;p=48539"},"modified":"2026-03-29T20:21:18","modified_gmt":"2026-03-29T20:21:18","slug":"zapatillas-asics-gel-game-9-1042a217-104-mujer","status":"publish","type":"product","link":"https:\/\/jnksport.com\/en\/product\/zapatillas-asics-gel-game-9-1042a217-104-mujer\/","title":{"rendered":"Zapatillas Asics Gel-Game 9 1042A217-104 Mujer"},"content":{"rendered":"<div>\n<div>La zapatilla de tenis GEL-GAME\u2122 9 Clay\/OC es vers\u00e1til para el atleta recreativo que juega varias veces por semana. Manteniendo su excelente soporte, esta temporada nos centramos en mejorar la ventilaci\u00f3n y la flexibilidad de la zapatilla. Con un dise\u00f1o de malla abierta en la parte superior para mejorar la circulaci\u00f3n del aire y mantener los pies frescos, esta zapatilla se complementa con revestimientos de cuero sint\u00e9tico y una pel\u00edcula de PU (poliuretano) que ofrece mayor estabilidad en transiciones bruscas. La tecnolog\u00eda TRUSSTIC\u2122 en la entresuela proporciona mayor estabilidad en la cancha. Al mismo tiempo, el nuevo dise\u00f1o combina una espuma de entresuela EVA con amortiguaci\u00f3n con tecnolog\u00eda GEL\u2122 en el antepi\u00e9 para aumentar la absorci\u00f3n de impactos. Adem\u00e1s, la suela exterior mejorada ofrece mayor flexibilidad y un dise\u00f1o m\u00e1s duradero.<\/p>\n<p>BENEFICIOS:<\/p>\n<p>Dise\u00f1o de PU y malla<br \/>\nMejora la transpirabilidad<br \/>\nTecnolog\u00eda TRUSSTIC\u2122<br \/>\nMejora la estabilidad<br \/>\nTecnolog\u00eda GEL\u2122<br \/>\nLa amortiguaci\u00f3n proporciona una excelente absorci\u00f3n de impactos.<br \/>\nDise\u00f1o de suela exterior Clay\/Omnicourt<\/p><\/div>\n<\/div>\n<ul>\n<li>Marca: Asics<\/li>\n<li>Codigo: 1042A217-104<\/li>\n<li>Modelo: Gel-Game 9<\/li>\n<li>G\u00e9nero: Mujer<\/li>\n<li>Estilo: Deportivo<\/li>\n<li>Cierre: Cordones<\/li>\n<li>Material: Textil<\/li>\n<li>Color: Blanco<\/li>\n<li>Material de la Suela: Goma<\/li>\n<\/ul>","protected":false},"excerpt":{"rendered":"<p>La zapatilla de tenis GEL-GAME\u2122 9 Clay\/OC es vers\u00e1til para el atleta recreativo que juega varias veces por semana. Manteniendo su excelente soporte, esta temporada&#8230;<\/p>","protected":false},"featured_media":48139,"comment_status":"open","ping_status":"closed","template":"","meta":{"om_disable_all_campaigns":false,"_monsterinsights_skip_tracking":false,"_monsterinsights_sitenote_active":false,"_monsterinsights_sitenote_note":"","_monsterinsights_sitenote_category":0,"_uf_show_specific_survey":0,"_uf_disable_surveys":false,"_joinchat":[]},"etheme_brands":[],"product_brand":[],"product_cat":[18],"product_tag":[],"class_list":{"0":"post-48539","1":"product","2":"type-product","3":"status-publish","4":"has-post-thumbnail","6":"product_cat-mujer","7":"product_shipping_class-envio-a-lima-y-provincia","9":"first","10":"instock","11":"sale","12":"featured","13":"shipping-taxable","14":"purchasable","15":"product-type-variable"},"aioseo_notices":[],"_links":{"self":[{"href":"https:\/\/jnksport.com\/en\/wp-json\/wp\/v2\/product\/48539","targetHints":{"allow":["GET"]}}],"collection":[{"href":"https:\/\/jnksport.com\/en\/wp-json\/wp\/v2\/product"}],"about":[{"href":"https:\/\/jnksport.com\/en\/wp-json\/wp\/v2\/types\/product"}],"replies":[{"embeddable":true,"href":"https:\/\/jnksport.com\/en\/wp-json\/wp\/v2\/comments?post=48539"}],"version-history":[{"count":0,"href":"https:\/\/jnksport.com\/en\/wp-json\/wp\/v2\/product\/48539\/revisions"}],"wp:featuredmedia":[{"embeddable":true,"href":"https:\/\/jnksport.com\/en\/wp-json\/wp\/v2\/media\/48139"}],"wp:attachment":[{"href":"https:\/\/jnksport.com\/en\/wp-json\/wp\/v2\/media?parent=48539"}],"wp:term":[{"taxonomy":"brand","embeddable":true,"href":"https:\/\/jnksport.com\/en\/wp-json\/wp\/v2\/etheme_brands?post=48539"},{"taxonomy":"product_brand","embeddable":true,"href":"https:\/\/jnksport.com\/en\/wp-json\/wp\/v2\/product_brand?post=48539"},{"taxonomy":"product_cat","embeddable":true,"href":"https:\/\/jnksport.com\/en\/wp-json\/wp\/v2\/product_cat?post=48539"},{"taxonomy":"product_tag","embeddable":true,"href":"https:\/\/jnksport.com\/en\/wp-json\/wp\/v2\/product_tag?post=48539"}],"curies":[{"name":"wp","href":"https:\/\/api.w.org\/{rel}","templated":true}]}}