{"id":48543,"date":"2025-07-02T22:03:36","date_gmt":"2025-07-02T22:03:36","guid":{"rendered":"https:\/\/jnksport.com\/?post_type=product&#038;p=48543"},"modified":"2026-05-01T01:05:33","modified_gmt":"2026-05-01T01:05:33","slug":"zapatillas-skechers-hotshot-185232-wbk-mujer","status":"publish","type":"product","link":"https:\/\/jnksport.com\/en\/product\/zapatillas-skechers-hotshot-185232-wbk-mujer\/","title":{"rendered":"Zapatillas Skechers Hotshot 185232-WBK Mujer"},"content":{"rendered":"<div>\n<div>Zapatillas Skechers Hotshot para mujer. Dise\u00f1o moderno y c\u00f3modo para el d\u00eda a d\u00eda. Ideales para caminar o actividades urbanas. Disfruta de su ligereza y plantilla acolchada Air-Cooled Memory Foam.<\/p>\n<p>Caracter\u00edsticas:<br \/>\nPlantilla Air-Cooled Memory Foam<br \/>\nDise\u00f1o moderno y vers\u00e1til<br \/>\nSuela flexible y ligera<br \/>\nExterior de material transpirable<br \/>\nCierre con cordones ajustable<\/p><\/div>\n<\/div>\n<ul>\n<li>Marca: Skechers<\/li>\n<li>Codigo: 185232-WBK<\/li>\n<li>Modelo: Hotshot<\/li>\n<li>G\u00e9nero: Mujer<\/li>\n<li>Estilo: Urbano<\/li>\n<li>Cierre: Cordones<\/li>\n<li>Material: Cuero<\/li>\n<li>Color: Blanco<\/li>\n<li>Material de la Suela: Goma<\/li>\n<\/ul>","protected":false},"excerpt":{"rendered":"<p>Zapatillas Skechers Hotshot para mujer. Dise\u00f1o moderno y c\u00f3modo para el d\u00eda a d\u00eda. Ideales para caminar o actividades urbanas. Disfruta de su ligereza y&#8230;<\/p>","protected":false},"featured_media":59786,"comment_status":"open","ping_status":"closed","template":"","meta":{"om_disable_all_campaigns":false,"_monsterinsights_skip_tracking":false,"_monsterinsights_sitenote_active":false,"_monsterinsights_sitenote_note":"","_monsterinsights_sitenote_category":0,"_uf_show_specific_survey":0,"_uf_disable_surveys":false,"_joinchat":[]},"etheme_brands":[],"product_brand":[],"product_cat":[18],"product_tag":[],"class_list":{"0":"post-48543","1":"product","2":"type-product","3":"status-publish","4":"has-post-thumbnail","6":"product_cat-mujer","7":"product_shipping_class-envio-a-lima-y-provincia","9":"first","10":"instock","11":"featured","12":"shipping-taxable","13":"purchasable","14":"product-type-variable"},"aioseo_notices":[],"_links":{"self":[{"href":"https:\/\/jnksport.com\/en\/wp-json\/wp\/v2\/product\/48543","targetHints":{"allow":["GET"]}}],"collection":[{"href":"https:\/\/jnksport.com\/en\/wp-json\/wp\/v2\/product"}],"about":[{"href":"https:\/\/jnksport.com\/en\/wp-json\/wp\/v2\/types\/product"}],"replies":[{"embeddable":true,"href":"https:\/\/jnksport.com\/en\/wp-json\/wp\/v2\/comments?post=48543"}],"version-history":[{"count":1,"href":"https:\/\/jnksport.com\/en\/wp-json\/wp\/v2\/product\/48543\/revisions"}],"predecessor-version":[{"id":59787,"href":"https:\/\/jnksport.com\/en\/wp-json\/wp\/v2\/product\/48543\/revisions\/59787"}],"wp:featuredmedia":[{"embeddable":true,"href":"https:\/\/jnksport.com\/en\/wp-json\/wp\/v2\/media\/59786"}],"wp:attachment":[{"href":"https:\/\/jnksport.com\/en\/wp-json\/wp\/v2\/media?parent=48543"}],"wp:term":[{"taxonomy":"brand","embeddable":true,"href":"https:\/\/jnksport.com\/en\/wp-json\/wp\/v2\/etheme_brands?post=48543"},{"taxonomy":"product_brand","embeddable":true,"href":"https:\/\/jnksport.com\/en\/wp-json\/wp\/v2\/product_brand?post=48543"},{"taxonomy":"product_cat","embeddable":true,"href":"https:\/\/jnksport.com\/en\/wp-json\/wp\/v2\/product_cat?post=48543"},{"taxonomy":"product_tag","embeddable":true,"href":"https:\/\/jnksport.com\/en\/wp-json\/wp\/v2\/product_tag?post=48543"}],"curies":[{"name":"wp","href":"https:\/\/api.w.org\/{rel}","templated":true}]}}