{"id":48575,"date":"2025-07-02T22:03:43","date_gmt":"2025-07-02T22:03:43","guid":{"rendered":"https:\/\/jnksport.com\/?post_type=product&#038;p=48575"},"modified":"2026-05-01T19:30:27","modified_gmt":"2026-05-01T19:30:27","slug":"zapatillas-skechers-selectors-303573n-blk-ninas","status":"publish","type":"product","link":"https:\/\/jnksport.com\/en\/product\/zapatillas-skechers-selectors-303573n-blk-ninas\/","title":{"rendered":"Zapatillas Skechers Selectors 303573N-BLK Ni\u00f1as"},"content":{"rendered":"<div>\n<div>Plantilla ligera y c\u00f3moda y acolchada<br \/>\nCierre adaptable f\u00e1cil de poner y quitar de Skechers para un ajuste personalizado<br \/>\nDetalles de dise\u00f1o<br \/>\nParte superior de malla y revestimiento sint\u00e9tico<br \/>\nCordones el\u00e1sticos y correa de empeine ajustable.<br \/>\nSuela de tracci\u00f3n flexible<br \/>\nLavable en la lavadora<br \/>\nDetalle del logotipo de Skechers\u00ae<\/div>\n<\/div>\n<ul>\n<li>Marca: Skechers<\/li>\n<li>Codigo: 303573N-BLK<\/li>\n<li>Modelo: Selectors<\/li>\n<li>G\u00e9nero: Ni\u00f1as<\/li>\n<li>Estilo: Urbano<\/li>\n<li>Cierre: Cordones<\/li>\n<li>Material: Textil<\/li>\n<li>Color: Negro<\/li>\n<li>Material de la Suela: Goma<\/li>\n<\/ul>","protected":false},"excerpt":{"rendered":"<p>Plantilla ligera y c\u00f3moda y acolchada Cierre adaptable f\u00e1cil de poner y quitar de Skechers para un ajuste personalizado Detalles de dise\u00f1o Parte superior de&#8230;<\/p>","protected":false},"featured_media":59789,"comment_status":"open","ping_status":"closed","template":"","meta":{"om_disable_all_campaigns":false,"_monsterinsights_skip_tracking":false,"_monsterinsights_sitenote_active":false,"_monsterinsights_sitenote_note":"","_monsterinsights_sitenote_category":0,"_uf_show_specific_survey":0,"_uf_disable_surveys":false,"_joinchat":[]},"etheme_brands":[],"product_brand":[],"product_cat":[159],"product_tag":[],"class_list":{"0":"post-48575","1":"product","2":"type-product","3":"status-publish","4":"has-post-thumbnail","6":"product_cat-ninos","7":"product_shipping_class-envio-a-lima-y-provincia","9":"first","10":"instock","11":"featured","12":"shipping-taxable","13":"purchasable","14":"product-type-variable"},"aioseo_notices":[],"_links":{"self":[{"href":"https:\/\/jnksport.com\/en\/wp-json\/wp\/v2\/product\/48575","targetHints":{"allow":["GET"]}}],"collection":[{"href":"https:\/\/jnksport.com\/en\/wp-json\/wp\/v2\/product"}],"about":[{"href":"https:\/\/jnksport.com\/en\/wp-json\/wp\/v2\/types\/product"}],"replies":[{"embeddable":true,"href":"https:\/\/jnksport.com\/en\/wp-json\/wp\/v2\/comments?post=48575"}],"version-history":[{"count":2,"href":"https:\/\/jnksport.com\/en\/wp-json\/wp\/v2\/product\/48575\/revisions"}],"predecessor-version":[{"id":59791,"href":"https:\/\/jnksport.com\/en\/wp-json\/wp\/v2\/product\/48575\/revisions\/59791"}],"wp:featuredmedia":[{"embeddable":true,"href":"https:\/\/jnksport.com\/en\/wp-json\/wp\/v2\/media\/59789"}],"wp:attachment":[{"href":"https:\/\/jnksport.com\/en\/wp-json\/wp\/v2\/media?parent=48575"}],"wp:term":[{"taxonomy":"brand","embeddable":true,"href":"https:\/\/jnksport.com\/en\/wp-json\/wp\/v2\/etheme_brands?post=48575"},{"taxonomy":"product_brand","embeddable":true,"href":"https:\/\/jnksport.com\/en\/wp-json\/wp\/v2\/product_brand?post=48575"},{"taxonomy":"product_cat","embeddable":true,"href":"https:\/\/jnksport.com\/en\/wp-json\/wp\/v2\/product_cat?post=48575"},{"taxonomy":"product_tag","embeddable":true,"href":"https:\/\/jnksport.com\/en\/wp-json\/wp\/v2\/product_tag?post=48575"}],"curies":[{"name":"wp","href":"https:\/\/api.w.org\/{rel}","templated":true}]}}