{"id":48576,"date":"2025-07-02T22:03:43","date_gmt":"2025-07-02T22:03:43","guid":{"rendered":"https:\/\/jnksport.com\/?post_type=product&#038;p=48576"},"modified":"2026-05-01T19:36:11","modified_gmt":"2026-05-01T19:36:11","slug":"zapatillas-skechers-go-run-400-v2-303581l-blk-ninas","status":"publish","type":"product","link":"https:\/\/jnksport.com\/en\/product\/zapatillas-skechers-go-run-400-v2-303581l-blk-ninas\/","title":{"rendered":"Zapatillas Skechers Go Run 400 V2 303581L-BLK Ni\u00f1as"},"content":{"rendered":"<div>\n<div>Dise\u00f1o ligero y deportivo: Perfectas para entrenamientos y uso diario.<br \/>\nComodidad excepcional: Plantilla con tecnolog\u00eda de amortiguaci\u00f3n para mayor confort.<br \/>\nMaterial transpirable: Parte superior de malla que permite una mejor ventilaci\u00f3n.<br \/>\nAjuste seguro: Cierre con cordones para estabilidad en cada paso.<br \/>\nSuela flexible y resistente: Proporciona tracci\u00f3n y durabilidad en distintas superficies.<\/div>\n<\/div>\n<ul>\n<li>Marca: Skechers<\/li>\n<li>Codigo: 303581L-BLK<\/li>\n<li>Modelo: Go Run 400 V2<\/li>\n<li>G\u00e9nero: Ni\u00f1as<\/li>\n<li>Estilo: Urbano<\/li>\n<li>Cierre: Cordones<\/li>\n<li>Material: Textil<\/li>\n<li>Color: Negro<\/li>\n<li>Material de la Suela: Goma<\/li>\n<\/ul>","protected":false},"excerpt":{"rendered":"<p>Dise\u00f1o ligero y deportivo: Perfectas para entrenamientos y uso diario. Comodidad excepcional: Plantilla con tecnolog\u00eda de amortiguaci\u00f3n para mayor confort. Material transpirable: Parte superior de&#8230;<\/p>","protected":false},"featured_media":59792,"comment_status":"open","ping_status":"closed","template":"","meta":{"om_disable_all_campaigns":false,"_monsterinsights_skip_tracking":false,"_monsterinsights_sitenote_active":false,"_monsterinsights_sitenote_note":"","_monsterinsights_sitenote_category":0,"_uf_show_specific_survey":0,"_uf_disable_surveys":false,"_joinchat":[]},"etheme_brands":[],"product_brand":[],"product_cat":[159],"product_tag":[],"class_list":{"0":"post-48576","1":"product","2":"type-product","3":"status-publish","4":"has-post-thumbnail","6":"product_cat-ninos","7":"product_shipping_class-envio-a-lima-y-provincia","9":"first","10":"instock","11":"featured","12":"shipping-taxable","13":"purchasable","14":"product-type-variable"},"aioseo_notices":[],"_links":{"self":[{"href":"https:\/\/jnksport.com\/en\/wp-json\/wp\/v2\/product\/48576","targetHints":{"allow":["GET"]}}],"collection":[{"href":"https:\/\/jnksport.com\/en\/wp-json\/wp\/v2\/product"}],"about":[{"href":"https:\/\/jnksport.com\/en\/wp-json\/wp\/v2\/types\/product"}],"replies":[{"embeddable":true,"href":"https:\/\/jnksport.com\/en\/wp-json\/wp\/v2\/comments?post=48576"}],"version-history":[{"count":1,"href":"https:\/\/jnksport.com\/en\/wp-json\/wp\/v2\/product\/48576\/revisions"}],"predecessor-version":[{"id":59793,"href":"https:\/\/jnksport.com\/en\/wp-json\/wp\/v2\/product\/48576\/revisions\/59793"}],"wp:featuredmedia":[{"embeddable":true,"href":"https:\/\/jnksport.com\/en\/wp-json\/wp\/v2\/media\/59792"}],"wp:attachment":[{"href":"https:\/\/jnksport.com\/en\/wp-json\/wp\/v2\/media?parent=48576"}],"wp:term":[{"taxonomy":"brand","embeddable":true,"href":"https:\/\/jnksport.com\/en\/wp-json\/wp\/v2\/etheme_brands?post=48576"},{"taxonomy":"product_brand","embeddable":true,"href":"https:\/\/jnksport.com\/en\/wp-json\/wp\/v2\/product_brand?post=48576"},{"taxonomy":"product_cat","embeddable":true,"href":"https:\/\/jnksport.com\/en\/wp-json\/wp\/v2\/product_cat?post=48576"},{"taxonomy":"product_tag","embeddable":true,"href":"https:\/\/jnksport.com\/en\/wp-json\/wp\/v2\/product_tag?post=48576"}],"curies":[{"name":"wp","href":"https:\/\/api.w.org\/{rel}","templated":true}]}}