{"id":48577,"date":"2025-07-02T22:03:43","date_gmt":"2025-07-02T22:03:43","guid":{"rendered":"https:\/\/jnksport.com\/?post_type=product&#038;p=48577"},"modified":"2026-03-21T08:03:19","modified_gmt":"2026-03-21T08:03:19","slug":"zapatillas-puma-ferrari-hp-trinity-308762-02-hombre","status":"publish","type":"product","link":"https:\/\/jnksport.com\/en\/product\/zapatillas-puma-ferrari-hp-trinity-308762-02-hombre\/","title":{"rendered":"Zapatillas Puma Ferrari HP Trinity 308762-02 Hombre"},"content":{"rendered":"<div>\n<div>Libera tu esp\u00edritu de carreras con estas zapatillas de la Scuderia Ferrari. Cuentan con una parte superior de malla con revestimientos sint\u00e9ticos, una entresuela de IMEVA y una suela exterior de goma para un agarre \u00f3ptimo. La plantilla SOFTFOAM+ proporciona amortiguaci\u00f3n en cada paso. Adopta el dise\u00f1o audaz y los colores ic\u00f3nicos de Ferrari para un look espectacular.<\/p>\n<p>CARACTER\u00cdSTICAS Y BENEFICIOS<br \/>\nSOFTFOAM+: Plantilla c\u00f3moda dise\u00f1ada para proporcionar una amortiguaci\u00f3n suave gracias a su copa de tal\u00f3n extra gruesa<br \/>\nLa parte superior del zapato est\u00e1 hecha con al menos un 20% de materiales reciclados.<br \/>\nDETALLES<br \/>\nAncho regular<br \/>\nParte superior de malla<br \/>\nCierre de encaje<br \/>\nEst\u00e9tica del futuro<br \/>\nsuperposiciones sint\u00e9ticas<br \/>\nEntresuela de IMEVA<br \/>\nSuela de goma completa<br \/>\nLogotipo de la Scuderia Ferrari en la leng\u00fceta<br \/>\nDetalles de la marca PUMA<\/p><\/div>\n<\/div>\n<ul>\n<li>Marca: Puma<\/li>\n<li>Codigo: 308762-02<\/li>\n<li>Modelo: Ferrari HP Trinity<\/li>\n<li>G\u00e9nero: Hombre<\/li>\n<li>Estilo: Urbano<\/li>\n<li>Cierre: Cordones<\/li>\n<li>Material: Textil<\/li>\n<li>Color: Blanco<\/li>\n<li>Material de la Suela: Goma<\/li>\n<\/ul>","protected":false},"excerpt":{"rendered":"<p>Libera tu esp\u00edritu de carreras con estas zapatillas de la Scuderia Ferrari. Cuentan con una parte superior de malla con revestimientos sint\u00e9ticos, una entresuela de&#8230;<\/p>","protected":false},"featured_media":48183,"comment_status":"open","ping_status":"closed","template":"","meta":{"om_disable_all_campaigns":false,"_monsterinsights_skip_tracking":false,"_monsterinsights_sitenote_active":false,"_monsterinsights_sitenote_note":"","_monsterinsights_sitenote_category":0,"_uf_show_specific_survey":0,"_uf_disable_surveys":false,"_joinchat":[]},"etheme_brands":[],"product_brand":[],"product_cat":[19],"product_tag":[],"class_list":{"0":"post-48577","1":"product","2":"type-product","3":"status-publish","4":"has-post-thumbnail","6":"product_cat-hombre","7":"product_shipping_class-envio-a-lima-y-provincia","9":"first","10":"instock","11":"sale","12":"featured","13":"shipping-taxable","14":"purchasable","15":"product-type-variable"},"aioseo_notices":[],"_links":{"self":[{"href":"https:\/\/jnksport.com\/en\/wp-json\/wp\/v2\/product\/48577","targetHints":{"allow":["GET"]}}],"collection":[{"href":"https:\/\/jnksport.com\/en\/wp-json\/wp\/v2\/product"}],"about":[{"href":"https:\/\/jnksport.com\/en\/wp-json\/wp\/v2\/types\/product"}],"replies":[{"embeddable":true,"href":"https:\/\/jnksport.com\/en\/wp-json\/wp\/v2\/comments?post=48577"}],"version-history":[{"count":0,"href":"https:\/\/jnksport.com\/en\/wp-json\/wp\/v2\/product\/48577\/revisions"}],"wp:featuredmedia":[{"embeddable":true,"href":"https:\/\/jnksport.com\/en\/wp-json\/wp\/v2\/media\/48183"}],"wp:attachment":[{"href":"https:\/\/jnksport.com\/en\/wp-json\/wp\/v2\/media?parent=48577"}],"wp:term":[{"taxonomy":"brand","embeddable":true,"href":"https:\/\/jnksport.com\/en\/wp-json\/wp\/v2\/etheme_brands?post=48577"},{"taxonomy":"product_brand","embeddable":true,"href":"https:\/\/jnksport.com\/en\/wp-json\/wp\/v2\/product_brand?post=48577"},{"taxonomy":"product_cat","embeddable":true,"href":"https:\/\/jnksport.com\/en\/wp-json\/wp\/v2\/product_cat?post=48577"},{"taxonomy":"product_tag","embeddable":true,"href":"https:\/\/jnksport.com\/en\/wp-json\/wp\/v2\/product_tag?post=48577"}],"curies":[{"name":"wp","href":"https:\/\/api.w.org\/{rel}","templated":true}]}}