{"id":48608,"date":"2025-07-02T22:03:48","date_gmt":"2025-07-02T22:03:48","guid":{"rendered":"https:\/\/jnksport.com\/?post_type=product&#038;p=48608"},"modified":"2026-04-11T17:02:58","modified_gmt":"2026-04-11T17:02:58","slug":"zapatillas-puma-mb-04-golden-child-311306-01-hombre","status":"publish","type":"product","link":"https:\/\/jnksport.com\/en\/product\/zapatillas-puma-mb-04-golden-child-311306-01-hombre\/","title":{"rendered":"Zapatillas Puma MB.04 Golden Child 311306-01 Hombre"},"content":{"rendered":"<div>\n<div>Entra al juego con la confianza de LaMelo Ball. Estas zapatillas de basketball unisex y de cuello medio cuentan con una capellada en tejido de malla para mayor respirabilidad, goma CMEVA para una amortiguaci\u00f3n definitiva y suela de alta tracci\u00f3n. La exclusiva marca en el tal\u00f3n y estampa 5D en relieve le a\u00f1aden el toque caracter\u00edstico de Melo.<\/p>\n<p>DETALLES<br \/>\nCalce regular<br \/>\nEmpeine textil<br \/>\nCon cordones<br \/>\nTecnolog\u00eda de goma CMEVA, que proporciona una capacidad de respuesta y amortiguaci\u00f3n superiores<br \/>\nSuela de goma aditivada, con patr\u00f3n de tracci\u00f3n antideslizante y resistente a la alta abrasi\u00f3n<br \/>\nPaneles laterales en tejido de malla, para mayor respirabilidad<br \/>\nMateriales que crean distintas zonas para sujeci\u00f3n focalizada y mayor estabilidad<br \/>\nRefuerzo de tal\u00f3n de TPU, para estabilidad lateral<br \/>\nDise\u00f1o con inscripciones Melo impresas en 5D<br \/>\nCada par MB.04 cuenta con una marca \u00fanica en el tal\u00f3n seg\u00fan el color<br \/>\nInformaci\u00f3n del material<br \/>\nEntresuela: 100% Sint\u00e9tico<br \/>\nPlantilla: 100% Textil<br \/>\nSuela: 100% Goma<br \/>\nExterior: 51% Textil, 49% Sint\u00e9tico<br \/>\nForro: 100% Textil<\/p><\/div>\n<\/div>\n<ul>\n<li>Marca: Puma<\/li>\n<li>Codigo: 311306-01<\/li>\n<li>Modelo: MB.04 Golden Child<\/li>\n<li>G\u00e9nero: Hombre<\/li>\n<li>Estilo: Deportivo<\/li>\n<li>Cierre: Cordones<\/li>\n<li>Material: Cuero<\/li>\n<li>Color: Dorado<\/li>\n<li>Material de la Suela: Goma<\/li>\n<\/ul>","protected":false},"excerpt":{"rendered":"<p>Entra al juego con la confianza de LaMelo Ball. Estas zapatillas de basketball unisex y de cuello medio cuentan con una capellada en tejido de&#8230;<\/p>","protected":false},"featured_media":48189,"comment_status":"open","ping_status":"closed","template":"","meta":{"om_disable_all_campaigns":false,"_monsterinsights_skip_tracking":false,"_monsterinsights_sitenote_active":false,"_monsterinsights_sitenote_note":"","_monsterinsights_sitenote_category":0,"_uf_show_specific_survey":0,"_uf_disable_surveys":false,"_joinchat":[]},"etheme_brands":[],"product_brand":[],"product_cat":[19],"product_tag":[],"class_list":{"0":"post-48608","1":"product","2":"type-product","3":"status-publish","4":"has-post-thumbnail","6":"product_cat-hombre","7":"product_shipping_class-envio-a-lima-y-provincia","9":"first","10":"instock","11":"sale","12":"featured","13":"shipping-taxable","14":"purchasable","15":"product-type-variable"},"aioseo_notices":[],"_links":{"self":[{"href":"https:\/\/jnksport.com\/en\/wp-json\/wp\/v2\/product\/48608","targetHints":{"allow":["GET"]}}],"collection":[{"href":"https:\/\/jnksport.com\/en\/wp-json\/wp\/v2\/product"}],"about":[{"href":"https:\/\/jnksport.com\/en\/wp-json\/wp\/v2\/types\/product"}],"replies":[{"embeddable":true,"href":"https:\/\/jnksport.com\/en\/wp-json\/wp\/v2\/comments?post=48608"}],"version-history":[{"count":0,"href":"https:\/\/jnksport.com\/en\/wp-json\/wp\/v2\/product\/48608\/revisions"}],"wp:featuredmedia":[{"embeddable":true,"href":"https:\/\/jnksport.com\/en\/wp-json\/wp\/v2\/media\/48189"}],"wp:attachment":[{"href":"https:\/\/jnksport.com\/en\/wp-json\/wp\/v2\/media?parent=48608"}],"wp:term":[{"taxonomy":"brand","embeddable":true,"href":"https:\/\/jnksport.com\/en\/wp-json\/wp\/v2\/etheme_brands?post=48608"},{"taxonomy":"product_brand","embeddable":true,"href":"https:\/\/jnksport.com\/en\/wp-json\/wp\/v2\/product_brand?post=48608"},{"taxonomy":"product_cat","embeddable":true,"href":"https:\/\/jnksport.com\/en\/wp-json\/wp\/v2\/product_cat?post=48608"},{"taxonomy":"product_tag","embeddable":true,"href":"https:\/\/jnksport.com\/en\/wp-json\/wp\/v2\/product_tag?post=48608"}],"curies":[{"name":"wp","href":"https:\/\/api.w.org\/{rel}","templated":true}]}}