{"id":48612,"date":"2025-07-02T22:03:49","date_gmt":"2025-07-02T22:03:49","guid":{"rendered":"https:\/\/jnksport.com\/?post_type=product&#038;p=48612"},"modified":"2026-02-18T06:03:12","modified_gmt":"2026-02-18T06:03:12","slug":"zapatillas-puma-rickie-387607-02-hombre","status":"publish","type":"product","link":"https:\/\/jnksport.com\/en\/product\/zapatillas-puma-rickie-387607-02-hombre\/","title":{"rendered":"Zapatillas Puma Rickie 387607-02 Hombre"},"content":{"rendered":"<div>\n<div>Puma Rickie son unas zapatillas urbanas de hombre con un dise\u00f1o que adapta a tu outfit. P\u00f3ntelas, comb\u00ednalas con un conjunto casual y disfruta de la comodidad que brinda la amortiguaci\u00f3n dela plantilla SoftFoam+.<\/p>\n<p>Beneficios del producto<br \/>\nSOFTFOAM+: la plantilla c\u00f3moda, con un tal\u00f3n m\u00e1s grueso, dise\u00f1ada para ofrecer una amortiguaci\u00f3n m\u00e1s suave.<br \/>\nMediasuela de goma.<br \/>\nSuela exterior de goma.<br \/>\nFranja PUMA en ambos costados.<\/p><\/div>\n<\/div>\n<ul>\n<li>Marca: Puma<\/li>\n<li>Codigo: 387607-02<\/li>\n<li>Modelo: Rickie<\/li>\n<li>G\u00e9nero: Hombre<\/li>\n<li>Estilo: Urbano<\/li>\n<li>Cierre: Cordones<\/li>\n<li>Material: Cuero<\/li>\n<li>Color: Blanco<\/li>\n<li>Material de la Suela: Goma<\/li>\n<\/ul>","protected":false},"excerpt":{"rendered":"<p>Puma Rickie son unas zapatillas urbanas de hombre con un dise\u00f1o que adapta a tu outfit. P\u00f3ntelas, comb\u00ednalas con un conjunto casual y disfruta de&#8230;<\/p>","protected":false},"featured_media":48212,"comment_status":"open","ping_status":"closed","template":"","meta":{"om_disable_all_campaigns":false,"_monsterinsights_skip_tracking":false,"_monsterinsights_sitenote_active":false,"_monsterinsights_sitenote_note":"","_monsterinsights_sitenote_category":0,"_uf_show_specific_survey":0,"_uf_disable_surveys":false,"_joinchat":[]},"etheme_brands":[],"product_brand":[],"product_cat":[19],"product_tag":[],"class_list":{"0":"post-48612","1":"product","2":"type-product","3":"status-publish","4":"has-post-thumbnail","6":"product_cat-hombre","7":"product_shipping_class-envio-a-lima-y-provincia","9":"first","10":"instock","11":"sale","12":"featured","13":"shipping-taxable","14":"purchasable","15":"product-type-variable"},"aioseo_notices":[],"_links":{"self":[{"href":"https:\/\/jnksport.com\/en\/wp-json\/wp\/v2\/product\/48612","targetHints":{"allow":["GET"]}}],"collection":[{"href":"https:\/\/jnksport.com\/en\/wp-json\/wp\/v2\/product"}],"about":[{"href":"https:\/\/jnksport.com\/en\/wp-json\/wp\/v2\/types\/product"}],"replies":[{"embeddable":true,"href":"https:\/\/jnksport.com\/en\/wp-json\/wp\/v2\/comments?post=48612"}],"version-history":[{"count":0,"href":"https:\/\/jnksport.com\/en\/wp-json\/wp\/v2\/product\/48612\/revisions"}],"wp:featuredmedia":[{"embeddable":true,"href":"https:\/\/jnksport.com\/en\/wp-json\/wp\/v2\/media\/48212"}],"wp:attachment":[{"href":"https:\/\/jnksport.com\/en\/wp-json\/wp\/v2\/media?parent=48612"}],"wp:term":[{"taxonomy":"brand","embeddable":true,"href":"https:\/\/jnksport.com\/en\/wp-json\/wp\/v2\/etheme_brands?post=48612"},{"taxonomy":"product_brand","embeddable":true,"href":"https:\/\/jnksport.com\/en\/wp-json\/wp\/v2\/product_brand?post=48612"},{"taxonomy":"product_cat","embeddable":true,"href":"https:\/\/jnksport.com\/en\/wp-json\/wp\/v2\/product_cat?post=48612"},{"taxonomy":"product_tag","embeddable":true,"href":"https:\/\/jnksport.com\/en\/wp-json\/wp\/v2\/product_tag?post=48612"}],"curies":[{"name":"wp","href":"https:\/\/api.w.org\/{rel}","templated":true}]}}