{"id":48643,"date":"2025-07-02T22:03:55","date_gmt":"2025-07-02T22:03:55","guid":{"rendered":"https:\/\/jnksport.com\/?post_type=product&#038;p=48643"},"modified":"2026-04-29T22:32:16","modified_gmt":"2026-04-29T22:32:16","slug":"zapatillas-nike-initiator-394055-001-hombre","status":"publish","type":"product","link":"https:\/\/jnksport.com\/en\/product\/zapatillas-nike-initiator-394055-001-hombre\/","title":{"rendered":"Zapatillas Nike Initiator 394055-001 Hombre"},"content":{"rendered":"<div>\n<div>Recorre kil\u00f3metros con el c\u00f3modo soporte del Nike Initiator. Cuenta con una parte superior transpirable con un dise\u00f1o suave y amortiguado que te ayuda a correr con confianza.<\/p>\n<p>Beneficios<\/p>\n<p>Los revestimientos con soporte ayudan a centrar el pie en el calzado.<br \/>\nEl suave forro mejora la comodidad.<br \/>\nLa entresuela de espuma brinda una pisada suave y amortiguada.<br \/>\nLas ranuras flexibles en la suela te permiten moverte libremente.<br \/>\n Color que se muestra: Plata Metalizado\/Blanco\/Negro<\/p><\/div>\n<\/div>\n<ul>\n<li>Marca: Nike<\/li>\n<li>Codigo: 394055-001<\/li>\n<li>Modelo: Initiator<\/li>\n<li>G\u00e9nero: Hombre<\/li>\n<li>Estilo: Deportivo<\/li>\n<li>Cierre: Cordones<\/li>\n<li>Material: Textil<\/li>\n<li>Color: Gris<\/li>\n<li>Material de la Suela: Goma<\/li>\n<\/ul>","protected":false},"excerpt":{"rendered":"<p>Recorre kil\u00f3metros con el c\u00f3modo soporte del Nike Initiator. Cuenta con una parte superior transpirable con un dise\u00f1o suave y amortiguado que te ayuda a&#8230;<\/p>","protected":false},"featured_media":59467,"comment_status":"open","ping_status":"closed","template":"","meta":{"om_disable_all_campaigns":false,"_monsterinsights_skip_tracking":false,"_monsterinsights_sitenote_active":false,"_monsterinsights_sitenote_note":"","_monsterinsights_sitenote_category":0,"_uf_show_specific_survey":0,"_uf_disable_surveys":false,"_joinchat":[]},"etheme_brands":[],"product_brand":[],"product_cat":[19],"product_tag":[],"class_list":{"0":"post-48643","1":"product","2":"type-product","3":"status-publish","4":"has-post-thumbnail","6":"product_cat-hombre","7":"product_shipping_class-envio-a-lima-y-provincia","9":"first","10":"instock","11":"sale","12":"featured","13":"shipping-taxable","14":"purchasable","15":"product-type-variable"},"aioseo_notices":[],"_links":{"self":[{"href":"https:\/\/jnksport.com\/en\/wp-json\/wp\/v2\/product\/48643","targetHints":{"allow":["GET"]}}],"collection":[{"href":"https:\/\/jnksport.com\/en\/wp-json\/wp\/v2\/product"}],"about":[{"href":"https:\/\/jnksport.com\/en\/wp-json\/wp\/v2\/types\/product"}],"replies":[{"embeddable":true,"href":"https:\/\/jnksport.com\/en\/wp-json\/wp\/v2\/comments?post=48643"}],"version-history":[{"count":1,"href":"https:\/\/jnksport.com\/en\/wp-json\/wp\/v2\/product\/48643\/revisions"}],"predecessor-version":[{"id":59468,"href":"https:\/\/jnksport.com\/en\/wp-json\/wp\/v2\/product\/48643\/revisions\/59468"}],"wp:featuredmedia":[{"embeddable":true,"href":"https:\/\/jnksport.com\/en\/wp-json\/wp\/v2\/media\/59467"}],"wp:attachment":[{"href":"https:\/\/jnksport.com\/en\/wp-json\/wp\/v2\/media?parent=48643"}],"wp:term":[{"taxonomy":"brand","embeddable":true,"href":"https:\/\/jnksport.com\/en\/wp-json\/wp\/v2\/etheme_brands?post=48643"},{"taxonomy":"product_brand","embeddable":true,"href":"https:\/\/jnksport.com\/en\/wp-json\/wp\/v2\/product_brand?post=48643"},{"taxonomy":"product_cat","embeddable":true,"href":"https:\/\/jnksport.com\/en\/wp-json\/wp\/v2\/product_cat?post=48643"},{"taxonomy":"product_tag","embeddable":true,"href":"https:\/\/jnksport.com\/en\/wp-json\/wp\/v2\/product_tag?post=48643"}],"curies":[{"name":"wp","href":"https:\/\/api.w.org\/{rel}","templated":true}]}}