{"id":48645,"date":"2025-07-02T22:03:55","date_gmt":"2025-07-02T22:03:55","guid":{"rendered":"https:\/\/jnksport.com\/?post_type=product&#038;p=48645"},"modified":"2025-11-28T07:25:31","modified_gmt":"2025-11-28T07:25:31","slug":"zapatillas-puma-caven-2-0-396181-02-mujer","status":"publish","type":"product","link":"https:\/\/jnksport.com\/en\/product\/zapatillas-puma-caven-2-0-396181-02-mujer\/","title":{"rendered":"Zapatillas Puma Caven 2.0 396181-02 Mujer"},"content":{"rendered":"<div>\n<div>Una silueta cl\u00e1sica de basketball de la d\u00e9cada de 1980 mejorada con detalles de cuero flexible y una mediasuela apilada sobresaliente lo convierte en una zapatilla que seguramente se abrir\u00e1 camino en tu lista de calzado favorito de todos los tiempos. El inserto de SoftFoam brinda comodidad todo el d\u00eda<\/p>\n<p>CARACTER\u00cdSTICAS + BENEFICIOS<br \/>\nEl empeine de esta zapatilla est\u00e1 hecho con al menos un 20 % de materiales reciclados y la suela est\u00e1 hecha con al menos 10 % de materiales reciclados como un paso hacia un futuro mejor.<br \/>\nSOFTFOAM+: plantilla para pisar con comodidad, dise\u00f1ada para brindar una suave amortiguaci\u00f3n gracias a su tal\u00f3n extra grueso<br \/>\nDETALLES<br \/>\nEmpeine de cuero sint\u00e9tico con ojal para fijar las agujetas de cuero suave y revestimiento de puntera<br \/>\nDetalles de perforaci\u00f3n en el empeine<br \/>\nMediasuela de goma apilada con textura visible<br \/>\nSuela exterior de goma<br \/>\nDetalles de la imagen de marca PUMA<\/p><\/div>\n<\/div>\n<ul>\n<li>Marca: Puma<\/li>\n<li>Codigo: 396181-02<\/li>\n<li>Modelo: Caven 2.0<\/li>\n<li>G\u00e9nero: Mujer<\/li>\n<li>Estilo: Urbano<\/li>\n<li>Cierre: Cordones<\/li>\n<li>Material: Cuero<\/li>\n<li>Color: Blanco<\/li>\n<li>Material de la Suela: Goma<\/li>\n<\/ul>","protected":false},"excerpt":{"rendered":"<p>Una silueta cl\u00e1sica de basketball de la d\u00e9cada de 1980 mejorada con detalles de cuero flexible y una mediasuela apilada sobresaliente lo convierte en una&#8230;<\/p>","protected":false},"featured_media":48230,"comment_status":"open","ping_status":"closed","template":"","meta":{"om_disable_all_campaigns":false,"_monsterinsights_skip_tracking":false,"_monsterinsights_sitenote_active":false,"_monsterinsights_sitenote_note":"","_monsterinsights_sitenote_category":0,"_uf_show_specific_survey":0,"_uf_disable_surveys":false,"_joinchat":[]},"etheme_brands":[],"product_brand":[],"product_cat":[18],"product_tag":[],"class_list":{"0":"post-48645","1":"product","2":"type-product","3":"status-publish","4":"has-post-thumbnail","6":"product_cat-mujer","7":"product_shipping_class-envio-a-lima-y-provincia","9":"first","10":"instock","11":"sale","12":"featured","13":"shipping-taxable","14":"purchasable","15":"product-type-variable"},"aioseo_notices":[],"_links":{"self":[{"href":"https:\/\/jnksport.com\/en\/wp-json\/wp\/v2\/product\/48645","targetHints":{"allow":["GET"]}}],"collection":[{"href":"https:\/\/jnksport.com\/en\/wp-json\/wp\/v2\/product"}],"about":[{"href":"https:\/\/jnksport.com\/en\/wp-json\/wp\/v2\/types\/product"}],"replies":[{"embeddable":true,"href":"https:\/\/jnksport.com\/en\/wp-json\/wp\/v2\/comments?post=48645"}],"version-history":[{"count":0,"href":"https:\/\/jnksport.com\/en\/wp-json\/wp\/v2\/product\/48645\/revisions"}],"wp:featuredmedia":[{"embeddable":true,"href":"https:\/\/jnksport.com\/en\/wp-json\/wp\/v2\/media\/48230"}],"wp:attachment":[{"href":"https:\/\/jnksport.com\/en\/wp-json\/wp\/v2\/media?parent=48645"}],"wp:term":[{"taxonomy":"brand","embeddable":true,"href":"https:\/\/jnksport.com\/en\/wp-json\/wp\/v2\/etheme_brands?post=48645"},{"taxonomy":"product_brand","embeddable":true,"href":"https:\/\/jnksport.com\/en\/wp-json\/wp\/v2\/product_brand?post=48645"},{"taxonomy":"product_cat","embeddable":true,"href":"https:\/\/jnksport.com\/en\/wp-json\/wp\/v2\/product_cat?post=48645"},{"taxonomy":"product_tag","embeddable":true,"href":"https:\/\/jnksport.com\/en\/wp-json\/wp\/v2\/product_tag?post=48645"}],"curies":[{"name":"wp","href":"https:\/\/api.w.org\/{rel}","templated":true}]}}