{"id":48679,"date":"2025-07-02T22:04:02","date_gmt":"2025-07-02T22:04:02","guid":{"rendered":"https:\/\/jnksport.com\/?post_type=product&#038;p=48679"},"modified":"2026-05-01T00:51:15","modified_gmt":"2026-05-01T00:51:15","slug":"zapatillas-skechers-bounder-trekzic-403908n-bkrd-ninos","status":"publish","type":"product","link":"https:\/\/jnksport.com\/en\/product\/zapatillas-skechers-bounder-trekzic-403908n-bkrd-ninos\/","title":{"rendered":"Zapatillas Skechers Bounder Trekzic 403908N-BKRD Ni\u00f1os"},"content":{"rendered":"<div>\n<div>La comodidad que cuida tus pies y el estilo deportivo se combinan en Skechers Bounder &#8211; Trekzic. Esta zapatilla ligera cuenta con una parte superior de malla y material sint\u00e9tico con cordones el\u00e1sticos, correa ajustable en el empeine y una plantilla acolchada y c\u00f3moda.<br \/>\nCaracter\u00edsticas del producto<br \/>\nParte superior de malla y material sint\u00e9tico con cordones el\u00e1sticos y correa ajustable en el empeine.<br \/>\nEntresuela ligera que absorbe los impactos<br \/>\nSuela de tracci\u00f3n flexible<br \/>\nLavable en la lavadora<br \/>\nDetalle del logotipo de Skechers\u00ae<br \/>\nSkechers f\u00e1cil de poner y quitar Cierre adaptable para un ajuste personalizado<br \/>\nPlantilla acolchada y c\u00f3moda<\/div>\n<\/div>\n<ul>\n<li>Marca: Skechers<\/li>\n<li>Codigo: 403908N-BKRD<\/li>\n<li>Modelo: Bounder Trekzic<\/li>\n<li>G\u00e9nero: Ni\u00f1os<\/li>\n<li>Estilo: Urbano<\/li>\n<li>Cierre: Cordones<\/li>\n<li>Material: Textil<\/li>\n<li>Color: Negro<\/li>\n<li>Material de la Suela: Goma<\/li>\n<\/ul>","protected":false},"excerpt":{"rendered":"<p>La comodidad que cuida tus pies y el estilo deportivo se combinan en Skechers Bounder &#8211; Trekzic. Esta zapatilla ligera cuenta con una parte superior&#8230;<\/p>","protected":false},"featured_media":59779,"comment_status":"open","ping_status":"closed","template":"","meta":{"om_disable_all_campaigns":false,"_monsterinsights_skip_tracking":false,"_monsterinsights_sitenote_active":false,"_monsterinsights_sitenote_note":"","_monsterinsights_sitenote_category":0,"_uf_show_specific_survey":0,"_uf_disable_surveys":false,"_joinchat":[]},"etheme_brands":[],"product_brand":[],"product_cat":[159],"product_tag":[],"class_list":{"0":"post-48679","1":"product","2":"type-product","3":"status-publish","4":"has-post-thumbnail","6":"product_cat-ninos","7":"product_shipping_class-envio-a-lima-y-provincia","9":"first","10":"instock","11":"featured","12":"shipping-taxable","13":"purchasable","14":"product-type-variable"},"aioseo_notices":[],"_links":{"self":[{"href":"https:\/\/jnksport.com\/en\/wp-json\/wp\/v2\/product\/48679","targetHints":{"allow":["GET"]}}],"collection":[{"href":"https:\/\/jnksport.com\/en\/wp-json\/wp\/v2\/product"}],"about":[{"href":"https:\/\/jnksport.com\/en\/wp-json\/wp\/v2\/types\/product"}],"replies":[{"embeddable":true,"href":"https:\/\/jnksport.com\/en\/wp-json\/wp\/v2\/comments?post=48679"}],"version-history":[{"count":1,"href":"https:\/\/jnksport.com\/en\/wp-json\/wp\/v2\/product\/48679\/revisions"}],"predecessor-version":[{"id":59780,"href":"https:\/\/jnksport.com\/en\/wp-json\/wp\/v2\/product\/48679\/revisions\/59780"}],"wp:featuredmedia":[{"embeddable":true,"href":"https:\/\/jnksport.com\/en\/wp-json\/wp\/v2\/media\/59779"}],"wp:attachment":[{"href":"https:\/\/jnksport.com\/en\/wp-json\/wp\/v2\/media?parent=48679"}],"wp:term":[{"taxonomy":"brand","embeddable":true,"href":"https:\/\/jnksport.com\/en\/wp-json\/wp\/v2\/etheme_brands?post=48679"},{"taxonomy":"product_brand","embeddable":true,"href":"https:\/\/jnksport.com\/en\/wp-json\/wp\/v2\/product_brand?post=48679"},{"taxonomy":"product_cat","embeddable":true,"href":"https:\/\/jnksport.com\/en\/wp-json\/wp\/v2\/product_cat?post=48679"},{"taxonomy":"product_tag","embeddable":true,"href":"https:\/\/jnksport.com\/en\/wp-json\/wp\/v2\/product_tag?post=48679"}],"curies":[{"name":"wp","href":"https:\/\/api.w.org\/{rel}","templated":true}]}}