{"id":48712,"date":"2025-07-02T22:04:08","date_gmt":"2025-07-02T22:04:08","guid":{"rendered":"https:\/\/jnksport.com\/?post_type=product&#038;p=48712"},"modified":"2026-05-01T00:24:06","modified_gmt":"2026-05-01T00:24:06","slug":"zapatillas-skechers-play-scene-407312n-bkyl-ninos","status":"publish","type":"product","link":"https:\/\/jnksport.com\/en\/product\/zapatillas-skechers-play-scene-407312n-bkyl-ninos\/","title":{"rendered":"Zapatillas Skechers Play Scene 407312N-BKYL Ni\u00f1os"},"content":{"rendered":"<div>\n<div>Tus peque\u00f1os se divertir\u00e1n con la comodidad de las Skechers Play Scene. Este dise\u00f1o tem\u00e1tico y f\u00e1cil de usar cuenta con una parte superior de malla y material sint\u00e9tico con cordones el\u00e1sticos, correa ajustable en el empeine y una entresuela divertida con gr\u00e1ficos tem\u00e1ticos.<\/p>\n<p>Cierre adaptable f\u00e1cil de poner y quitar de Skechers para un ajuste personalizado<br \/>\nPlantilla acolchada y c\u00f3moda<br \/>\nDetalles de dise\u00f1o<br \/>\nParte superior de malla y material sint\u00e9tico<br \/>\nCordones el\u00e1sticos con correa ajustable en el empeine.<br \/>\nEntresuela con gr\u00e1ficos tem\u00e1ticos<br \/>\nLavable en la lavadora<br \/>\nDetalle del logotipo de Skechers\u00ae<\/p><\/div>\n<\/div>\n<ul>\n<li>Marca: Skechers<\/li>\n<li>Codigo: 407312N-BKYL<\/li>\n<li>Modelo: Play Scene<\/li>\n<li>G\u00e9nero: Ni\u00f1os<\/li>\n<li>Estilo: Urbano<\/li>\n<li>Cierre: Cordones<\/li>\n<li>Material: Textil<\/li>\n<li>Color: Gris<\/li>\n<li>Material de la Suela: Goma<\/li>\n<\/ul>","protected":false},"excerpt":{"rendered":"<p>Tus peque\u00f1os se divertir\u00e1n con la comodidad de las Skechers Play Scene. Este dise\u00f1o tem\u00e1tico y f\u00e1cil de usar cuenta con una parte superior de&#8230;<\/p>","protected":false},"featured_media":59767,"comment_status":"open","ping_status":"closed","template":"","meta":{"om_disable_all_campaigns":false,"_monsterinsights_skip_tracking":false,"_monsterinsights_sitenote_active":false,"_monsterinsights_sitenote_note":"","_monsterinsights_sitenote_category":0,"_uf_show_specific_survey":0,"_uf_disable_surveys":false,"_joinchat":[]},"etheme_brands":[],"product_brand":[],"product_cat":[159],"product_tag":[],"class_list":{"0":"post-48712","1":"product","2":"type-product","3":"status-publish","4":"has-post-thumbnail","6":"product_cat-ninos","7":"product_shipping_class-envio-a-lima-y-provincia","9":"first","10":"instock","11":"featured","12":"shipping-taxable","13":"purchasable","14":"product-type-variable"},"aioseo_notices":[],"_links":{"self":[{"href":"https:\/\/jnksport.com\/en\/wp-json\/wp\/v2\/product\/48712","targetHints":{"allow":["GET"]}}],"collection":[{"href":"https:\/\/jnksport.com\/en\/wp-json\/wp\/v2\/product"}],"about":[{"href":"https:\/\/jnksport.com\/en\/wp-json\/wp\/v2\/types\/product"}],"replies":[{"embeddable":true,"href":"https:\/\/jnksport.com\/en\/wp-json\/wp\/v2\/comments?post=48712"}],"version-history":[{"count":1,"href":"https:\/\/jnksport.com\/en\/wp-json\/wp\/v2\/product\/48712\/revisions"}],"predecessor-version":[{"id":59768,"href":"https:\/\/jnksport.com\/en\/wp-json\/wp\/v2\/product\/48712\/revisions\/59768"}],"wp:featuredmedia":[{"embeddable":true,"href":"https:\/\/jnksport.com\/en\/wp-json\/wp\/v2\/media\/59767"}],"wp:attachment":[{"href":"https:\/\/jnksport.com\/en\/wp-json\/wp\/v2\/media?parent=48712"}],"wp:term":[{"taxonomy":"brand","embeddable":true,"href":"https:\/\/jnksport.com\/en\/wp-json\/wp\/v2\/etheme_brands?post=48712"},{"taxonomy":"product_brand","embeddable":true,"href":"https:\/\/jnksport.com\/en\/wp-json\/wp\/v2\/product_brand?post=48712"},{"taxonomy":"product_cat","embeddable":true,"href":"https:\/\/jnksport.com\/en\/wp-json\/wp\/v2\/product_cat?post=48712"},{"taxonomy":"product_tag","embeddable":true,"href":"https:\/\/jnksport.com\/en\/wp-json\/wp\/v2\/product_tag?post=48712"}],"curies":[{"name":"wp","href":"https:\/\/api.w.org\/{rel}","templated":true}]}}