{"id":48713,"date":"2025-07-02T22:04:08","date_gmt":"2025-07-02T22:04:08","guid":{"rendered":"https:\/\/jnksport.com\/?post_type=product&#038;p=48713"},"modified":"2026-04-20T15:30:23","modified_gmt":"2026-04-20T15:30:23","slug":"zapatillas-joma-aguila-2521-tf-agus2521tf-hombre","status":"publish","type":"product","link":"https:\/\/jnksport.com\/en\/product\/zapatillas-joma-aguila-2521-tf-agus2521tf-hombre\/","title":{"rendered":"Zapatillas Joma Aguila 2521 TF AGUS2521TF Hombre"},"content":{"rendered":"<div>\n<div>Botas de f\u00fatbol para turf (superficies sint\u00e9ticas y moqueta). est\u00e1s botas polivalentes de corte cl\u00e1sico se han desarrollado para la etapa de iniciaci\u00f3n. J\u00f3venes f\u00fatbolistas podr\u00e1n mejorar su t\u00e9cnica de la organizaci\u00f3n y la precisi\u00f3n con ellas.<\/p>\n<p>Upper fabricado en sint\u00e9tico m\u00e1s asequible, que aporta del m\u00e1smo modo resistencia y ligereza.<\/p>\n<p>El contrafuerte EXO COUNTER trasero da firmeza en los cambios de direcci\u00f3n.<\/p>\n<p>Suela de caucho DURABILITY con alta resistencia al desgaste por abrasi\u00f3n y agarre a la superficie. adem\u00e1s, presenta una est\u00e1uctura multitaco, que disminuye la presi\u00f3n de la pisada y garantiza un apoyo adecuado.<\/p><\/div>\n<\/div>\n<ul>\n<li>Marca: Joma<\/li>\n<li>Codigo: AGUS2521TF<\/li>\n<li>Modelo: Aguila 2521 TF<\/li>\n<li>G\u00e9nero: Hombre<\/li>\n<li>Estilo: Deportivo<\/li>\n<li>Cierre: Cordones<\/li>\n<li>Material: Cuero<\/li>\n<li>Color: Negro<\/li>\n<li>Material de la Suela: Caucho<\/li>\n<\/ul>","protected":false},"excerpt":{"rendered":"<p>Botas de f\u00fatbol para turf (superficies sint\u00e9ticas y moqueta). est\u00e1s botas polivalentes de corte cl\u00e1sico se han desarrollado para la etapa de iniciaci\u00f3n. J\u00f3venes f\u00fatbolistas&#8230;<\/p>","protected":false},"featured_media":48327,"comment_status":"open","ping_status":"closed","template":"","meta":{"om_disable_all_campaigns":false,"_monsterinsights_skip_tracking":false,"_monsterinsights_sitenote_active":false,"_monsterinsights_sitenote_note":"","_monsterinsights_sitenote_category":0,"_uf_show_specific_survey":0,"_uf_disable_surveys":false,"_joinchat":[]},"etheme_brands":[],"product_brand":[],"product_cat":[19],"product_tag":[],"class_list":{"0":"post-48713","1":"product","2":"type-product","3":"status-publish","4":"has-post-thumbnail","6":"product_cat-hombre","7":"product_shipping_class-envio-a-lima-y-provincia","9":"first","10":"instock","11":"sale","12":"featured","13":"shipping-taxable","14":"purchasable","15":"product-type-variable"},"aioseo_notices":[],"_links":{"self":[{"href":"https:\/\/jnksport.com\/en\/wp-json\/wp\/v2\/product\/48713","targetHints":{"allow":["GET"]}}],"collection":[{"href":"https:\/\/jnksport.com\/en\/wp-json\/wp\/v2\/product"}],"about":[{"href":"https:\/\/jnksport.com\/en\/wp-json\/wp\/v2\/types\/product"}],"replies":[{"embeddable":true,"href":"https:\/\/jnksport.com\/en\/wp-json\/wp\/v2\/comments?post=48713"}],"version-history":[{"count":0,"href":"https:\/\/jnksport.com\/en\/wp-json\/wp\/v2\/product\/48713\/revisions"}],"wp:featuredmedia":[{"embeddable":true,"href":"https:\/\/jnksport.com\/en\/wp-json\/wp\/v2\/media\/48327"}],"wp:attachment":[{"href":"https:\/\/jnksport.com\/en\/wp-json\/wp\/v2\/media?parent=48713"}],"wp:term":[{"taxonomy":"brand","embeddable":true,"href":"https:\/\/jnksport.com\/en\/wp-json\/wp\/v2\/etheme_brands?post=48713"},{"taxonomy":"product_brand","embeddable":true,"href":"https:\/\/jnksport.com\/en\/wp-json\/wp\/v2\/product_brand?post=48713"},{"taxonomy":"product_cat","embeddable":true,"href":"https:\/\/jnksport.com\/en\/wp-json\/wp\/v2\/product_cat?post=48713"},{"taxonomy":"product_tag","embeddable":true,"href":"https:\/\/jnksport.com\/en\/wp-json\/wp\/v2\/product_tag?post=48713"}],"curies":[{"name":"wp","href":"https:\/\/api.w.org\/{rel}","templated":true}]}}