{"id":48745,"date":"2025-07-02T22:04:14","date_gmt":"2025-07-02T22:04:14","guid":{"rendered":"https:\/\/jnksport.com\/?post_type=product&#038;p=48745"},"modified":"2026-03-26T19:08:07","modified_gmt":"2026-03-26T19:08:07","slug":"zapatillas-nike-legend-10-dv4342-401-hombre","status":"publish","type":"product","link":"https:\/\/jnksport.com\/en\/product\/zapatillas-nike-legend-10-dv4342-401-hombre\/","title":{"rendered":"Zapatillas Nike Legend 10 DV4342-401 Hombre"},"content":{"rendered":"<div>\n<div>Incluso las leyendas encuentran la manera de evolucionar. Dise\u00f1ada para llevar tu juego al siguiente nivel, la \u00faltima versi\u00f3n de estos tenis Academy tiene el nuevo cuero con dise\u00f1o avanzado FlyTouch Lite. M\u00e1s suave que el cuero natural, se adapta a tu pie y no se estira demasiado, para que puedas marcar el ritmo de tu juego. M\u00e1s ligeros y elegantes que cualquier otra versi\u00f3n de los Tiempo hasta la fecha, los Legend 10 son para cualquier posici\u00f3n en el campo, ya sea que des un pase milim\u00e9trico a trav\u00e9s de la defensa o regreses para detener un contraataque.<\/p>\n<p>Toque amplificado<\/p>\n<p>\u00bfVes esos micropuntos en la parte superior? Sirven para mejorar las zonas de contacto al pasar, lanzar a puerta y regatear. Ofrecen un look m\u00e1s elegante y cuentan con un acolchado adicional. Y lo mejor es que no sacrifican el control del bal\u00f3n que deseas en el c\u00e9sped sint\u00e9tico. Redujimos las almohadillas de espuma de los Tiempo 9 para que el pie pueda acercarse a\u00fan m\u00e1s al bal\u00f3n cuando est\u00e9 bajo tu control. En su lugar, moldeamos las l\u00edneas en los tenis.<\/p>\n<p>Ajuste natural y adaptable<\/p>\n<p>El cuero con dise\u00f1o avanzado FlyTouch Lite es incre\u00edblemente suave. Ayuda a que los tenis se amolden al pie para brindar comodidad sin sobrecargar el material. La confecci\u00f3n de la leng\u00fceta con acolchado adicional te brinda una sensaci\u00f3n de seguridad y comodidad en las zonas clave de impacto. El forro de microfibra crea una sensaci\u00f3n premium.<\/p>\n<p>Tracci\u00f3n para el pasto sint\u00e9tico (turf)<\/p>\n<p>La suela de goma te brinda tracci\u00f3n en superficies de pasto sint\u00e9tico (turf).<\/p>\n<p>Datos del producto<\/p>\n<p>Para usar en superficies sint\u00e9ticas de pasto m\u00e1s corto<br \/>\nPlantilla con amortiguaci\u00f3n<br \/>\n Color que se muestra: Copa\/Blanco<\/p><\/div>\n<\/div>\n<ul>\n<li>Marca: Nike<\/li>\n<li>Codigo: DV4342-401<\/li>\n<li>Modelo: Legend 10<\/li>\n<li>G\u00e9nero: Hombre<\/li>\n<li>Estilo: Deportivo<\/li>\n<li>Cierre: Cordones<\/li>\n<li>Material: Cuero<\/li>\n<li>Color: Celeste<\/li>\n<li>Material de la Suela: Goma<\/li>\n<\/ul>","protected":false},"excerpt":{"rendered":"<p>Incluso las leyendas encuentran la manera de evolucionar. Dise\u00f1ada para llevar tu juego al siguiente nivel, la \u00faltima versi\u00f3n de estos tenis Academy tiene el&#8230;<\/p>","protected":false},"featured_media":54952,"comment_status":"open","ping_status":"closed","template":"","meta":{"om_disable_all_campaigns":false,"_monsterinsights_skip_tracking":false,"_monsterinsights_sitenote_active":false,"_monsterinsights_sitenote_note":"","_monsterinsights_sitenote_category":0,"_uf_show_specific_survey":0,"_uf_disable_surveys":false,"_joinchat":[]},"etheme_brands":[],"product_brand":[],"product_cat":[19],"product_tag":[],"class_list":{"0":"post-48745","1":"product","2":"type-product","3":"status-publish","4":"has-post-thumbnail","6":"product_cat-hombre","7":"product_shipping_class-envio-a-lima-y-provincia","9":"first","10":"instock","11":"sale","12":"featured","13":"shipping-taxable","14":"purchasable","15":"product-type-variable"},"aioseo_notices":[],"_links":{"self":[{"href":"https:\/\/jnksport.com\/en\/wp-json\/wp\/v2\/product\/48745","targetHints":{"allow":["GET"]}}],"collection":[{"href":"https:\/\/jnksport.com\/en\/wp-json\/wp\/v2\/product"}],"about":[{"href":"https:\/\/jnksport.com\/en\/wp-json\/wp\/v2\/types\/product"}],"replies":[{"embeddable":true,"href":"https:\/\/jnksport.com\/en\/wp-json\/wp\/v2\/comments?post=48745"}],"version-history":[{"count":0,"href":"https:\/\/jnksport.com\/en\/wp-json\/wp\/v2\/product\/48745\/revisions"}],"wp:featuredmedia":[{"embeddable":true,"href":"https:\/\/jnksport.com\/en\/wp-json\/wp\/v2\/media\/54952"}],"wp:attachment":[{"href":"https:\/\/jnksport.com\/en\/wp-json\/wp\/v2\/media?parent=48745"}],"wp:term":[{"taxonomy":"brand","embeddable":true,"href":"https:\/\/jnksport.com\/en\/wp-json\/wp\/v2\/etheme_brands?post=48745"},{"taxonomy":"product_brand","embeddable":true,"href":"https:\/\/jnksport.com\/en\/wp-json\/wp\/v2\/product_brand?post=48745"},{"taxonomy":"product_cat","embeddable":true,"href":"https:\/\/jnksport.com\/en\/wp-json\/wp\/v2\/product_cat?post=48745"},{"taxonomy":"product_tag","embeddable":true,"href":"https:\/\/jnksport.com\/en\/wp-json\/wp\/v2\/product_tag?post=48745"}],"curies":[{"name":"wp","href":"https:\/\/api.w.org\/{rel}","templated":true}]}}