{"id":48748,"date":"2025-07-02T22:04:14","date_gmt":"2025-07-02T22:04:14","guid":{"rendered":"https:\/\/jnksport.com\/?post_type=product&#038;p=48748"},"modified":"2026-02-26T09:04:49","modified_gmt":"2026-02-26T09:04:49","slug":"zapatillas-nike-revolution-7-fb7690-603-ninos","status":"publish","type":"product","link":"https:\/\/jnksport.com\/en\/product\/zapatillas-nike-revolution-7-fb7690-603-ninos\/","title":{"rendered":"Zapatillas Nike Revolution 7 FB7690-603 Ni\u00f1os"},"content":{"rendered":"<div>\n<div>Haz que tus ni\u00f1os se luzcan, corran y se lancen a la aventura del d\u00eda con la ayuda de unos tenis confeccionados especialmente para la diversi\u00f3n. No, no est\u00e1n cubiertos de az\u00facar ni juguetes, pero vienen en colores y dise\u00f1os incre\u00edbles que har\u00e1n que tu peque\u00f1o los quiera todos los d\u00edas del a\u00f1o.<\/p>\n<p>Suaves como una almohada<\/p>\n<p>Los cuellos con amortiguaci\u00f3n son muy suaves y acolchados para ayudar a mantener c\u00f3modos a tus peque\u00f1os aventureros mientras juegan. Adem\u00e1s, la espuma suave del tal\u00f3n agrega otra capa de comodidad y amortiguaci\u00f3n.<\/p>\n<p>Muy f\u00e1ciles de poner<\/p>\n<p>Las agujetas el\u00e1sticas ayudan a que sea f\u00e1cil ponerse los tenis para que los ni\u00f1os puedan salir a divertirse con rapidez. Las correas de cierre por contacto ayudan a sujetar los pies cuando los ni\u00f1os empiezan a correr. Son tan f\u00e1ciles de poner que los m\u00e1s peque\u00f1os no tardan nada en aprender a pon\u00e9rselos solos.<\/p>\n<p>M\u00e1s beneficios<\/p>\n<p>El patr\u00f3n flexible y con agarre ayuda a que los ni\u00f1os pisen con seguridad en diversas superficies.<br \/>\nEl material agregado alrededor de la punta ayuda a reforzar la confecci\u00f3n para mayor durabilidad.<\/p>\n<p>Datos del producto<\/p>\n<p>Agujetas el\u00e1sticas<br \/>\nEntresuela de espuma<br \/>\nPuntera de goma<br \/>\n Color que se muestra: Rojo Gimnasio\/Blanco\/Negro<\/p><\/div>\n<\/div>\n<ul>\n<li>Marca: Nike<\/li>\n<li>Codigo: FB7690-603<\/li>\n<li>Modelo: Revolution 7<\/li>\n<li>G\u00e9nero: Ni\u00f1os<\/li>\n<li>Estilo: Urbano<\/li>\n<li>Cierre: Cordones<\/li>\n<li>Material: Textil<\/li>\n<li>Color: Rojo<\/li>\n<li>Material de la Suela: Goma<\/li>\n<\/ul>","protected":false},"excerpt":{"rendered":"<p>Haz que tus ni\u00f1os se luzcan, corran y se lancen a la aventura del d\u00eda con la ayuda de unos tenis confeccionados especialmente para la&#8230;<\/p>","protected":false},"featured_media":47878,"comment_status":"open","ping_status":"closed","template":"","meta":{"om_disable_all_campaigns":false,"_monsterinsights_skip_tracking":false,"_monsterinsights_sitenote_active":false,"_monsterinsights_sitenote_note":"","_monsterinsights_sitenote_category":0,"_uf_show_specific_survey":0,"_uf_disable_surveys":false,"_joinchat":[]},"etheme_brands":[],"product_brand":[],"product_cat":[159],"product_tag":[],"class_list":{"0":"post-48748","1":"product","2":"type-product","3":"status-publish","4":"has-post-thumbnail","6":"product_cat-ninos","7":"product_shipping_class-envio-a-lima-y-provincia","9":"first","10":"instock","11":"sale","12":"featured","13":"shipping-taxable","14":"purchasable","15":"product-type-variable"},"aioseo_notices":[],"_links":{"self":[{"href":"https:\/\/jnksport.com\/en\/wp-json\/wp\/v2\/product\/48748","targetHints":{"allow":["GET"]}}],"collection":[{"href":"https:\/\/jnksport.com\/en\/wp-json\/wp\/v2\/product"}],"about":[{"href":"https:\/\/jnksport.com\/en\/wp-json\/wp\/v2\/types\/product"}],"replies":[{"embeddable":true,"href":"https:\/\/jnksport.com\/en\/wp-json\/wp\/v2\/comments?post=48748"}],"version-history":[{"count":0,"href":"https:\/\/jnksport.com\/en\/wp-json\/wp\/v2\/product\/48748\/revisions"}],"wp:featuredmedia":[{"embeddable":true,"href":"https:\/\/jnksport.com\/en\/wp-json\/wp\/v2\/media\/47878"}],"wp:attachment":[{"href":"https:\/\/jnksport.com\/en\/wp-json\/wp\/v2\/media?parent=48748"}],"wp:term":[{"taxonomy":"brand","embeddable":true,"href":"https:\/\/jnksport.com\/en\/wp-json\/wp\/v2\/etheme_brands?post=48748"},{"taxonomy":"product_brand","embeddable":true,"href":"https:\/\/jnksport.com\/en\/wp-json\/wp\/v2\/product_brand?post=48748"},{"taxonomy":"product_cat","embeddable":true,"href":"https:\/\/jnksport.com\/en\/wp-json\/wp\/v2\/product_cat?post=48748"},{"taxonomy":"product_tag","embeddable":true,"href":"https:\/\/jnksport.com\/en\/wp-json\/wp\/v2\/product_tag?post=48748"}],"curies":[{"name":"wp","href":"https:\/\/api.w.org\/{rel}","templated":true}]}}