{"id":48749,"date":"2025-07-02T22:04:14","date_gmt":"2025-07-02T22:04:14","guid":{"rendered":"https:\/\/jnksport.com\/?post_type=product&#038;p=48749"},"modified":"2026-04-29T22:32:09","modified_gmt":"2026-04-29T22:32:09","slug":"zapatillas-nike-downshifter-13-fd6454-007-hombre","status":"publish","type":"product","link":"https:\/\/jnksport.com\/en\/product\/zapatillas-nike-downshifter-13-fd6454-007-hombre\/","title":{"rendered":"Zapatillas Nike Downshifter 13 FD6454-007 Hombre"},"content":{"rendered":"<div>\n<div>Ya sea que est\u00e9s reci\u00e9n comenzando a correr o que ya tengas experiencia y ans\u00edes cambiar tu ritmo, los Downshifter 13 est\u00e1n listos para acompa\u00f1arte. Con una parte superior renovada, amortiguaci\u00f3n y durabilidad, te ayudan a encontrar esa velocidad adicional o a dar ese primer paso para alcanzar tus objetivos.<\/p>\n<p>Confeccionada con Nike Grind<\/p>\n<p>La suela contiene al menos un 15% de material Nike Grind, confeccionado con residuos del proceso de manufactura de tenis.<\/p>\n<p>Malla transpirable<\/p>\n<p>La malla suave y c\u00f3moda ofrece un alto nivel de transpirabilidad.<\/p>\n<p>Soporte y seguridad<\/p>\n<p>La banda de ajuste interna actualizada ofrece contenci\u00f3n alrededor del mediopi\u00e9 para brindar soporte y seguridad.<\/p>\n<p>Datos del producto<\/p>\n<p>Detalles con dise\u00f1o reflejante<br \/>\nEste producto no est\u00e1 dise\u00f1ado para usarse como equipo de protecci\u00f3n personal (EPP)<br \/>\n Color que se muestra: Negro\/Antracita\/Blanco\/Voltio<\/p><\/div>\n<\/div>\n<ul>\n<li>Marca: Nike<\/li>\n<li>Codigo: FD6454-007<\/li>\n<li>Modelo: Downshifter 13<\/li>\n<li>G\u00e9nero: Hombre<\/li>\n<li>Estilo: Deportivo<\/li>\n<li>Cierre: Cordones<\/li>\n<li>Material: Textil<\/li>\n<li>Color: Negro<\/li>\n<li>Material de la Suela: Goma<\/li>\n<\/ul>","protected":false},"excerpt":{"rendered":"<p>Ya sea que est\u00e9s reci\u00e9n comenzando a correr o que ya tengas experiencia y ans\u00edes cambiar tu ritmo, los Downshifter 13 est\u00e1n listos para acompa\u00f1arte&#8230;.<\/p>","protected":false},"featured_media":59599,"comment_status":"open","ping_status":"closed","template":"","meta":{"om_disable_all_campaigns":false,"_monsterinsights_skip_tracking":false,"_monsterinsights_sitenote_active":false,"_monsterinsights_sitenote_note":"","_monsterinsights_sitenote_category":0,"_uf_show_specific_survey":0,"_uf_disable_surveys":false,"_joinchat":[]},"etheme_brands":[],"product_brand":[],"product_cat":[19],"product_tag":[],"class_list":{"0":"post-48749","1":"product","2":"type-product","3":"status-publish","4":"has-post-thumbnail","6":"product_cat-hombre","7":"product_shipping_class-envio-a-lima-y-provincia","9":"first","10":"instock","11":"sale","12":"featured","13":"shipping-taxable","14":"purchasable","15":"product-type-variable"},"aioseo_notices":[],"_links":{"self":[{"href":"https:\/\/jnksport.com\/en\/wp-json\/wp\/v2\/product\/48749","targetHints":{"allow":["GET"]}}],"collection":[{"href":"https:\/\/jnksport.com\/en\/wp-json\/wp\/v2\/product"}],"about":[{"href":"https:\/\/jnksport.com\/en\/wp-json\/wp\/v2\/types\/product"}],"replies":[{"embeddable":true,"href":"https:\/\/jnksport.com\/en\/wp-json\/wp\/v2\/comments?post=48749"}],"version-history":[{"count":1,"href":"https:\/\/jnksport.com\/en\/wp-json\/wp\/v2\/product\/48749\/revisions"}],"predecessor-version":[{"id":59600,"href":"https:\/\/jnksport.com\/en\/wp-json\/wp\/v2\/product\/48749\/revisions\/59600"}],"wp:featuredmedia":[{"embeddable":true,"href":"https:\/\/jnksport.com\/en\/wp-json\/wp\/v2\/media\/59599"}],"wp:attachment":[{"href":"https:\/\/jnksport.com\/en\/wp-json\/wp\/v2\/media?parent=48749"}],"wp:term":[{"taxonomy":"brand","embeddable":true,"href":"https:\/\/jnksport.com\/en\/wp-json\/wp\/v2\/etheme_brands?post=48749"},{"taxonomy":"product_brand","embeddable":true,"href":"https:\/\/jnksport.com\/en\/wp-json\/wp\/v2\/product_brand?post=48749"},{"taxonomy":"product_cat","embeddable":true,"href":"https:\/\/jnksport.com\/en\/wp-json\/wp\/v2\/product_cat?post=48749"},{"taxonomy":"product_tag","embeddable":true,"href":"https:\/\/jnksport.com\/en\/wp-json\/wp\/v2\/product_tag?post=48749"}],"curies":[{"name":"wp","href":"https:\/\/api.w.org\/{rel}","templated":true}]}}