{"id":48782,"date":"2025-07-02T22:04:22","date_gmt":"2025-07-02T22:04:22","guid":{"rendered":"https:\/\/jnksport.com\/?post_type=product&#038;p=48782"},"modified":"2026-04-25T19:59:37","modified_gmt":"2026-04-25T19:59:37","slug":"zapatillas-nike-phantom-gx-2-fj2587-300-hombre","status":"publish","type":"product","link":"https:\/\/jnksport.com\/en\/product\/zapatillas-nike-phantom-gx-2-fj2587-300-hombre\/","title":{"rendered":"Zapatillas Nike Phantom GX 2 FJ2587-300 Hombre"},"content":{"rendered":"<div>\n<div>Ya sea que est\u00e9s empezando o juegues para divertirte, los tacos Club te llevan a la cancha sin comprometer la calidad. Confeccionados con los goles en mente, los Phantom GX 2 Club tienen una textura adherente que cubre el \u00e1rea de impacto de los tacos y, adem\u00e1s, cuentan con una tracci\u00f3n confiable para ayudar a guiar tu agilidad sin precedentes.<\/p>\n<p>Tacto adherente<\/p>\n<p>La textura adherente cubre el \u00e1rea de golpe de los tacos, que se extiende desde el lado del dedo gordo del pie por la zona de agujetas hasta el dedo me\u00f1ique, lo que permite un contacto limpio entre los tacos de f\u00fatbol y el bal\u00f3n.<\/p>\n<p>Tracci\u00f3n confiable<\/p>\n<p>La suela tiene una sensaci\u00f3n c\u00f3moda para ayudarte a jugar r\u00e1pido desde la primera vez que te los pones.<\/p>\n<p>Ajuste c\u00f3modo<\/p>\n<p>El cuero sint\u00e9tico en la parte superior ayuda a mantener la comodidad en el campo.<\/p>\n<p>Datos del producto<\/p>\n<p>Para usar en superficies sint\u00e9ticas de pasto m\u00e1s corto<br \/>\nPlantilla con amortiguaci\u00f3n<br \/>\n Color que se muestra: Menta\/Sombr\u00edo Apagado\/Rojo At\u00f3mico<\/p><\/div>\n<\/div>\n<ul>\n<li>Marca: Nike<\/li>\n<li>Codigo: FJ2587-300<\/li>\n<li>Modelo: Phantom GX 2<\/li>\n<li>G\u00e9nero: Hombre<\/li>\n<li>Estilo: Deportivo<\/li>\n<li>Cierre: Cordones<\/li>\n<li>Material: Cuero<\/li>\n<li>Color: Turqueza<\/li>\n<li>Material de la Suela: Caucho<\/li>\n<\/ul>","protected":false},"excerpt":{"rendered":"<p>Ya sea que est\u00e9s empezando o juegues para divertirte, los tacos Club te llevan a la cancha sin comprometer la calidad. Confeccionados con los goles&#8230;<\/p>","protected":false},"featured_media":54953,"comment_status":"open","ping_status":"closed","template":"","meta":{"om_disable_all_campaigns":false,"_monsterinsights_skip_tracking":false,"_monsterinsights_sitenote_active":false,"_monsterinsights_sitenote_note":"","_monsterinsights_sitenote_category":0,"_uf_show_specific_survey":0,"_uf_disable_surveys":false,"_joinchat":[]},"etheme_brands":[],"product_brand":[],"product_cat":[19],"product_tag":[],"class_list":{"0":"post-48782","1":"product","2":"type-product","3":"status-publish","4":"has-post-thumbnail","6":"product_cat-hombre","7":"product_shipping_class-envio-a-lima-y-provincia","9":"first","10":"instock","11":"sale","12":"featured","13":"shipping-taxable","14":"purchasable","15":"product-type-variable"},"aioseo_notices":[],"_links":{"self":[{"href":"https:\/\/jnksport.com\/en\/wp-json\/wp\/v2\/product\/48782","targetHints":{"allow":["GET"]}}],"collection":[{"href":"https:\/\/jnksport.com\/en\/wp-json\/wp\/v2\/product"}],"about":[{"href":"https:\/\/jnksport.com\/en\/wp-json\/wp\/v2\/types\/product"}],"replies":[{"embeddable":true,"href":"https:\/\/jnksport.com\/en\/wp-json\/wp\/v2\/comments?post=48782"}],"version-history":[{"count":0,"href":"https:\/\/jnksport.com\/en\/wp-json\/wp\/v2\/product\/48782\/revisions"}],"wp:featuredmedia":[{"embeddable":true,"href":"https:\/\/jnksport.com\/en\/wp-json\/wp\/v2\/media\/54953"}],"wp:attachment":[{"href":"https:\/\/jnksport.com\/en\/wp-json\/wp\/v2\/media?parent=48782"}],"wp:term":[{"taxonomy":"brand","embeddable":true,"href":"https:\/\/jnksport.com\/en\/wp-json\/wp\/v2\/etheme_brands?post=48782"},{"taxonomy":"product_brand","embeddable":true,"href":"https:\/\/jnksport.com\/en\/wp-json\/wp\/v2\/product_brand?post=48782"},{"taxonomy":"product_cat","embeddable":true,"href":"https:\/\/jnksport.com\/en\/wp-json\/wp\/v2\/product_cat?post=48782"},{"taxonomy":"product_tag","embeddable":true,"href":"https:\/\/jnksport.com\/en\/wp-json\/wp\/v2\/product_tag?post=48782"}],"curies":[{"name":"wp","href":"https:\/\/api.w.org\/{rel}","templated":true}]}}