{"id":48847,"date":"2025-07-02T22:04:33","date_gmt":"2025-07-02T22:04:33","guid":{"rendered":"https:\/\/jnksport.com\/?post_type=product&#038;p=48847"},"modified":"2026-04-27T23:54:58","modified_gmt":"2026-04-27T23:54:58","slug":"zapatillas-nike-full-force-fv5929-101-ninos","status":"publish","type":"product","link":"https:\/\/jnksport.com\/en\/product\/zapatillas-nike-full-force-fv5929-101-ninos\/","title":{"rendered":"Zapatillas Nike Full Force FV5929-101 Ni\u00f1os"},"content":{"rendered":"<div>\n<div>Descubre los tenis que hacen realidad los sue\u00f1os retro. Los Nike Full Force Low rinden homenaje a los AF1 con un toque de estilo cl\u00e1sico de los 80. Sin embargo, no todo se remonta al estilo retro: los materiales modernos, como la amortiguaci\u00f3n de espuma suave y la suela de goma duradera, los convierten en un modelo perfecto para cualquier ocasi\u00f3n. P\u00f3ntelos para darlo todo.<\/p>\n<p>Beneficios<\/p>\n<p>La parte superior de cuero aut\u00e9ntico y sint\u00e9tico adquiere la suavidad perfecta con el paso del tiempo.<br \/>\nLa entresuela de espuma proporciona amortiguaci\u00f3n ligera.<br \/>\nLa suela de goma ayuda a proporcionar una tracci\u00f3n duradera mientras juegas.<\/p>\n<p>Datos del producto<\/p>\n<p>Agujetas cl\u00e1sicas<br \/>\nSuela cupsole con costura<br \/>\n Color que se muestra: Blanco\/Peltre\/Negro\/Negro<\/p><\/div>\n<\/div>\n<ul>\n<li>Marca: Nike<\/li>\n<li>Codigo: FV5929-101<\/li>\n<li>Modelo: Full Force<\/li>\n<li>G\u00e9nero: Ni\u00f1os<\/li>\n<li>Estilo: Urbano<\/li>\n<li>Cierre: Cordones<\/li>\n<li>Material: Cuero<\/li>\n<li>Color: Blanco<\/li>\n<li>Material de la Suela: Goma<\/li>\n<\/ul>","protected":false},"excerpt":{"rendered":"<p>Descubre los tenis que hacen realidad los sue\u00f1os retro. Los Nike Full Force Low rinden homenaje a los AF1 con un toque de estilo cl\u00e1sico&#8230;<\/p>","protected":false},"featured_media":59597,"comment_status":"open","ping_status":"closed","template":"","meta":{"om_disable_all_campaigns":false,"_monsterinsights_skip_tracking":false,"_monsterinsights_sitenote_active":false,"_monsterinsights_sitenote_note":"","_monsterinsights_sitenote_category":0,"_uf_show_specific_survey":0,"_uf_disable_surveys":false,"_joinchat":[]},"etheme_brands":[],"product_brand":[],"product_cat":[159],"product_tag":[],"class_list":{"0":"post-48847","1":"product","2":"type-product","3":"status-publish","4":"has-post-thumbnail","6":"product_cat-ninos","7":"product_shipping_class-envio-a-lima-y-provincia","9":"first","10":"instock","11":"sale","12":"featured","13":"shipping-taxable","14":"purchasable","15":"product-type-variable"},"aioseo_notices":[],"_links":{"self":[{"href":"https:\/\/jnksport.com\/en\/wp-json\/wp\/v2\/product\/48847","targetHints":{"allow":["GET"]}}],"collection":[{"href":"https:\/\/jnksport.com\/en\/wp-json\/wp\/v2\/product"}],"about":[{"href":"https:\/\/jnksport.com\/en\/wp-json\/wp\/v2\/types\/product"}],"replies":[{"embeddable":true,"href":"https:\/\/jnksport.com\/en\/wp-json\/wp\/v2\/comments?post=48847"}],"version-history":[{"count":1,"href":"https:\/\/jnksport.com\/en\/wp-json\/wp\/v2\/product\/48847\/revisions"}],"predecessor-version":[{"id":59598,"href":"https:\/\/jnksport.com\/en\/wp-json\/wp\/v2\/product\/48847\/revisions\/59598"}],"wp:featuredmedia":[{"embeddable":true,"href":"https:\/\/jnksport.com\/en\/wp-json\/wp\/v2\/media\/59597"}],"wp:attachment":[{"href":"https:\/\/jnksport.com\/en\/wp-json\/wp\/v2\/media?parent=48847"}],"wp:term":[{"taxonomy":"brand","embeddable":true,"href":"https:\/\/jnksport.com\/en\/wp-json\/wp\/v2\/etheme_brands?post=48847"},{"taxonomy":"product_brand","embeddable":true,"href":"https:\/\/jnksport.com\/en\/wp-json\/wp\/v2\/product_brand?post=48847"},{"taxonomy":"product_cat","embeddable":true,"href":"https:\/\/jnksport.com\/en\/wp-json\/wp\/v2\/product_cat?post=48847"},{"taxonomy":"product_tag","embeddable":true,"href":"https:\/\/jnksport.com\/en\/wp-json\/wp\/v2\/product_tag?post=48847"}],"curies":[{"name":"wp","href":"https:\/\/api.w.org\/{rel}","templated":true}]}}