{"id":48917,"date":"2025-07-02T22:04:46","date_gmt":"2025-07-02T22:04:46","guid":{"rendered":"https:\/\/jnksport.com\/?post_type=product&#038;p=48917"},"modified":"2026-04-29T22:32:10","modified_gmt":"2026-04-29T22:32:10","slug":"zapatillas-nike-lebron-witness-viii-hq2139-101-hombre","status":"publish","type":"product","link":"https:\/\/jnksport.com\/en\/product\/zapatillas-nike-lebron-witness-viii-hq2139-101-hombre\/","title":{"rendered":"Zapatillas Nike LeBron Witness VIII HQ2139-101 Hombre"},"content":{"rendered":"<div>\n<div>Det\u00e9n el espect\u00e1culo con estos LeBron Witness VIII y hazle saber a la gente que no hay l\u00edmites para tu estilo y habilidades a gran escala. Estos tenis elegantes y esculpidos con audacia ofrecen estabilidad durante los movimientos r\u00e1pidos y los aterrizajes suaves al regresar al suelo, lo que permite a las estrellas, como t\u00fa y LeBron, hacer rebotes, frenar y arrancar desde una l\u00ednea de fondo a la otra.<\/p>\n<p>Max Air<\/p>\n<p>La unidad Max Air en una entresuela de perfil bajo se combina con una envoltura de espuma para brindar soporte cuando te mueves lateralmente. Ayuda a amortiguar el impacto, a la vez que brinda soporte para una transici\u00f3n suave del tal\u00f3n a la punta. Adem\u00e1s, proporciona estabilidad de lado a lado y ayuda a aprovechar y dirigir tu fuerza.<\/p>\n<p>Sensaci\u00f3n de seguridad<\/p>\n<p>La malla transpirable proporciona un ajuste ligero y adaptable en la parte superior, desde la red que sostiene el antepi\u00e9 hasta las piezas moldeadas externas que ayudan a asegurar el tal\u00f3n. Las costuras reforzadas a lo largo de los laterales ayudan a que los tenis tengan un ajuste ce\u00f1ido para contener todo el pie.<\/p>\n<p>Adherencia y movimiento<\/p>\n<p>Dividimos la suela de goma y la cortamos parcialmente debajo del arco para ayudar a reducir el peso y permitir que se doble y flexione. El patr\u00f3n gr\u00e1fico de espiguilla cl\u00e1sico aporta tracci\u00f3n duradera.<\/p>\n<p>Datos del producto<\/p>\n<p>Cuello acolchado<br \/>\nLeng\u00fceta acolchada cosida con forma de diamante<br \/>\n Color que se muestra: Blanco\/Cactus Empolvado\/Obsidiana<\/p><\/div>\n<\/div>\n<ul>\n<li>Marca: Nike<\/li>\n<li>Codigo: HQ2139-101<\/li>\n<li>Modelo: LeBron Witness VIII<\/li>\n<li>G\u00e9nero: Hombre<\/li>\n<li>Estilo: Urbano<\/li>\n<li>Cierre: Cordones<\/li>\n<li>Material: Textil<\/li>\n<li>Color: Blanco<\/li>\n<li>Material de la Suela: Goma<\/li>\n<\/ul>","protected":false},"excerpt":{"rendered":"<p>Det\u00e9n el espect\u00e1culo con estos LeBron Witness VIII y hazle saber a la gente que no hay l\u00edmites para tu estilo y habilidades a gran&#8230;<\/p>","protected":false},"featured_media":54960,"comment_status":"open","ping_status":"closed","template":"","meta":{"om_disable_all_campaigns":false,"_monsterinsights_skip_tracking":false,"_monsterinsights_sitenote_active":false,"_monsterinsights_sitenote_note":"","_monsterinsights_sitenote_category":0,"_uf_show_specific_survey":0,"_uf_disable_surveys":false,"_joinchat":[]},"etheme_brands":[],"product_brand":[],"product_cat":[19],"product_tag":[],"class_list":{"0":"post-48917","1":"product","2":"type-product","3":"status-publish","4":"has-post-thumbnail","6":"product_cat-hombre","7":"product_shipping_class-envio-a-lima-y-provincia","9":"first","10":"instock","11":"sale","12":"featured","13":"shipping-taxable","14":"purchasable","15":"product-type-variable"},"aioseo_notices":[],"_links":{"self":[{"href":"https:\/\/jnksport.com\/en\/wp-json\/wp\/v2\/product\/48917","targetHints":{"allow":["GET"]}}],"collection":[{"href":"https:\/\/jnksport.com\/en\/wp-json\/wp\/v2\/product"}],"about":[{"href":"https:\/\/jnksport.com\/en\/wp-json\/wp\/v2\/types\/product"}],"replies":[{"embeddable":true,"href":"https:\/\/jnksport.com\/en\/wp-json\/wp\/v2\/comments?post=48917"}],"version-history":[{"count":0,"href":"https:\/\/jnksport.com\/en\/wp-json\/wp\/v2\/product\/48917\/revisions"}],"wp:featuredmedia":[{"embeddable":true,"href":"https:\/\/jnksport.com\/en\/wp-json\/wp\/v2\/media\/54960"}],"wp:attachment":[{"href":"https:\/\/jnksport.com\/en\/wp-json\/wp\/v2\/media?parent=48917"}],"wp:term":[{"taxonomy":"brand","embeddable":true,"href":"https:\/\/jnksport.com\/en\/wp-json\/wp\/v2\/etheme_brands?post=48917"},{"taxonomy":"product_brand","embeddable":true,"href":"https:\/\/jnksport.com\/en\/wp-json\/wp\/v2\/product_brand?post=48917"},{"taxonomy":"product_cat","embeddable":true,"href":"https:\/\/jnksport.com\/en\/wp-json\/wp\/v2\/product_cat?post=48917"},{"taxonomy":"product_tag","embeddable":true,"href":"https:\/\/jnksport.com\/en\/wp-json\/wp\/v2\/product_tag?post=48917"}],"curies":[{"name":"wp","href":"https:\/\/api.w.org\/{rel}","templated":true}]}}