{"id":48952,"date":"2025-07-02T22:04:51","date_gmt":"2025-07-02T22:04:51","guid":{"rendered":"https:\/\/jnksport.com\/?post_type=product&#038;p=48952"},"modified":"2026-03-17T06:39:08","modified_gmt":"2026-03-17T06:39:08","slug":"zapatillas-adidas-tensaur-jh9538-ninos","status":"publish","type":"product","link":"https:\/\/jnksport.com\/en\/product\/zapatillas-adidas-tensaur-jh9538-ninos\/","title":{"rendered":"Zapatillas Adidas Tensaur JH9538 Ni\u00f1os"},"content":{"rendered":"<div>\n<div>Zapatillas resistentes de cierre f\u00e1cil.<br \/>\nSin importar si est\u00e1n corriendo, saltando o caminando, los ni\u00f1os est\u00e1n constantemente poniendo sus zapatillas a prueba. Confeccionadas con una suela de caucho resistente que no deja marcas, estas zapatillas adidas se adhieren al suelo sin dejar marcas en las superficies. Adem\u00e1s, las dos tiras regulables de cierre por contacto en cada zapatilla las hacen f\u00e1ciles de poner y quitar.<\/p>\n<p>Este producto representa solo una de nuestras soluciones para ayudar a poner fin a los residuos pl\u00e1sticos.<\/p>\n<p>Ajuste cl\u00e1sico<br \/>\nTira regulable de cierre por contacto<br \/>\nExterior de cuero sint\u00e9tico<br \/>\nForro interno textil<br \/>\nSuela de caucho que no marca las superficies<br \/>\nEl exterior contiene al menos un 50 % de material reciclado<br \/>\nColor del art\u00edculo: Cloud White \/ Bright Royal \/ Solar Slime<\/p><\/div>\n<\/div>\n<ul>\n<li>Marca: Adidas<\/li>\n<li>Codigo: JH9538<\/li>\n<li>Modelo: Tensaur<\/li>\n<li>G\u00e9nero: Ni\u00f1os<\/li>\n<li>Estilo: Urbano<\/li>\n<li>Cierre: Velcro<\/li>\n<li>Material: Cuero<\/li>\n<li>Color: Blanco<\/li>\n<li>Material de la Suela: Caucho<\/li>\n<\/ul>","protected":false},"excerpt":{"rendered":"<p>Zapatillas resistentes de cierre f\u00e1cil. Sin importar si est\u00e1n corriendo, saltando o caminando, los ni\u00f1os est\u00e1n constantemente poniendo sus zapatillas a prueba. Confeccionadas con una&#8230;<\/p>","protected":false},"featured_media":48028,"comment_status":"open","ping_status":"closed","template":"","meta":{"om_disable_all_campaigns":false,"_monsterinsights_skip_tracking":false,"_monsterinsights_sitenote_active":false,"_monsterinsights_sitenote_note":"","_monsterinsights_sitenote_category":0,"_uf_show_specific_survey":0,"_uf_disable_surveys":false,"_joinchat":[]},"etheme_brands":[],"product_brand":[],"product_cat":[159],"product_tag":[],"class_list":{"0":"post-48952","1":"product","2":"type-product","3":"status-publish","4":"has-post-thumbnail","6":"product_cat-ninos","7":"product_shipping_class-envio-a-lima-y-provincia","9":"first","10":"instock","11":"sale","12":"featured","13":"shipping-taxable","14":"purchasable","15":"product-type-variable"},"aioseo_notices":[],"_links":{"self":[{"href":"https:\/\/jnksport.com\/en\/wp-json\/wp\/v2\/product\/48952","targetHints":{"allow":["GET"]}}],"collection":[{"href":"https:\/\/jnksport.com\/en\/wp-json\/wp\/v2\/product"}],"about":[{"href":"https:\/\/jnksport.com\/en\/wp-json\/wp\/v2\/types\/product"}],"replies":[{"embeddable":true,"href":"https:\/\/jnksport.com\/en\/wp-json\/wp\/v2\/comments?post=48952"}],"version-history":[{"count":0,"href":"https:\/\/jnksport.com\/en\/wp-json\/wp\/v2\/product\/48952\/revisions"}],"wp:featuredmedia":[{"embeddable":true,"href":"https:\/\/jnksport.com\/en\/wp-json\/wp\/v2\/media\/48028"}],"wp:attachment":[{"href":"https:\/\/jnksport.com\/en\/wp-json\/wp\/v2\/media?parent=48952"}],"wp:term":[{"taxonomy":"brand","embeddable":true,"href":"https:\/\/jnksport.com\/en\/wp-json\/wp\/v2\/etheme_brands?post=48952"},{"taxonomy":"product_brand","embeddable":true,"href":"https:\/\/jnksport.com\/en\/wp-json\/wp\/v2\/product_brand?post=48952"},{"taxonomy":"product_cat","embeddable":true,"href":"https:\/\/jnksport.com\/en\/wp-json\/wp\/v2\/product_cat?post=48952"},{"taxonomy":"product_tag","embeddable":true,"href":"https:\/\/jnksport.com\/en\/wp-json\/wp\/v2\/product_tag?post=48952"}],"curies":[{"name":"wp","href":"https:\/\/api.w.org\/{rel}","templated":true}]}}