{"id":48986,"date":"2025-07-02T22:04:57","date_gmt":"2025-07-02T22:04:57","guid":{"rendered":"https:\/\/jnksport.com\/?post_type=product&#038;p=48986"},"modified":"2026-03-27T22:20:50","modified_gmt":"2026-03-27T22:20:50","slug":"zapatillas-adidas-tensaur-jq2869-ninos","status":"publish","type":"product","link":"https:\/\/jnksport.com\/en\/product\/zapatillas-adidas-tensaur-jq2869-ninos\/","title":{"rendered":"Zapatillas Adidas Tensaur JQ2869 Ni\u00f1os"},"content":{"rendered":"<div>\n<div>Tenis resistentes de cierre f\u00e1cil, hechos parcialmente con materiales reciclados<br \/>\nSin importar si est\u00e1n corriendo, saltando o caminando, los ni\u00f1os est\u00e1n constantemente poniendo sus tenis a prueba. Confeccionados con una suela de caucho resistente que no deja marcas, estos tenis adidas se adhieren al suelo sin dejar marcas en las superficies. Adem\u00e1s, las dos tiras regulables de cierre por contacto en cada tenis los hacen f\u00e1ciles de poner y quitar.<\/p>\n<p>El exterior contiene al menos un 50 % de materiales reciclados. Este producto representa solo una de nuestras soluciones para ayudar a poner fin a los residuos pl\u00e1sticos.<\/p>\n<p>Ajuste cl\u00e1sico<br \/>\nTira regulable de cierre por contacto<br \/>\nExterior de piel sint\u00e9tica<br \/>\nForro interno textil<br \/>\nSuela de caucho que no deja marcas<br \/>\nEl exterior contiene al menos un 50 % de material reciclado<br \/>\nColor del art\u00edculo: Core Black \/ Iron Metallic \/ Lucid Red<\/p><\/div>\n<\/div>\n<ul>\n<li>Marca: Adidas<\/li>\n<li>Codigo: JQ2869<\/li>\n<li>Modelo: Tensaur<\/li>\n<li>G\u00e9nero: Ni\u00f1os<\/li>\n<li>Estilo: Urbano<\/li>\n<li>Cierre: Velcro<\/li>\n<li>Material: Cuero<\/li>\n<li>Color: Negro<\/li>\n<li>Material de la Suela: Caucho<\/li>\n<\/ul>","protected":false},"excerpt":{"rendered":"<p>Tenis resistentes de cierre f\u00e1cil, hechos parcialmente con materiales reciclados Sin importar si est\u00e1n corriendo, saltando o caminando, los ni\u00f1os est\u00e1n constantemente poniendo sus tenis&#8230;<\/p>","protected":false},"featured_media":55002,"comment_status":"open","ping_status":"closed","template":"","meta":{"om_disable_all_campaigns":false,"_monsterinsights_skip_tracking":false,"_monsterinsights_sitenote_active":false,"_monsterinsights_sitenote_note":"","_monsterinsights_sitenote_category":0,"_uf_show_specific_survey":0,"_uf_disable_surveys":false,"_joinchat":[]},"etheme_brands":[],"product_brand":[],"product_cat":[159],"product_tag":[],"class_list":{"0":"post-48986","1":"product","2":"type-product","3":"status-publish","4":"has-post-thumbnail","6":"product_cat-ninos","7":"product_shipping_class-envio-a-lima-y-provincia","9":"first","10":"instock","11":"featured","12":"shipping-taxable","13":"purchasable","14":"product-type-variable"},"aioseo_notices":[],"_links":{"self":[{"href":"https:\/\/jnksport.com\/en\/wp-json\/wp\/v2\/product\/48986","targetHints":{"allow":["GET"]}}],"collection":[{"href":"https:\/\/jnksport.com\/en\/wp-json\/wp\/v2\/product"}],"about":[{"href":"https:\/\/jnksport.com\/en\/wp-json\/wp\/v2\/types\/product"}],"replies":[{"embeddable":true,"href":"https:\/\/jnksport.com\/en\/wp-json\/wp\/v2\/comments?post=48986"}],"version-history":[{"count":0,"href":"https:\/\/jnksport.com\/en\/wp-json\/wp\/v2\/product\/48986\/revisions"}],"wp:featuredmedia":[{"embeddable":true,"href":"https:\/\/jnksport.com\/en\/wp-json\/wp\/v2\/media\/55002"}],"wp:attachment":[{"href":"https:\/\/jnksport.com\/en\/wp-json\/wp\/v2\/media?parent=48986"}],"wp:term":[{"taxonomy":"brand","embeddable":true,"href":"https:\/\/jnksport.com\/en\/wp-json\/wp\/v2\/etheme_brands?post=48986"},{"taxonomy":"product_brand","embeddable":true,"href":"https:\/\/jnksport.com\/en\/wp-json\/wp\/v2\/product_brand?post=48986"},{"taxonomy":"product_cat","embeddable":true,"href":"https:\/\/jnksport.com\/en\/wp-json\/wp\/v2\/product_cat?post=48986"},{"taxonomy":"product_tag","embeddable":true,"href":"https:\/\/jnksport.com\/en\/wp-json\/wp\/v2\/product_tag?post=48986"}],"curies":[{"name":"wp","href":"https:\/\/api.w.org\/{rel}","templated":true}]}}