{"id":49020,"date":"2025-07-02T22:05:06","date_gmt":"2025-07-02T22:05:06","guid":{"rendered":"https:\/\/jnksport.com\/?post_type=product&#038;p=49020"},"modified":"2025-12-30T08:01:55","modified_gmt":"2025-12-30T08:01:55","slug":"zapatillas-adidas-tensaur-mickey-mouse-jr8128-ninos","status":"publish","type":"product","link":"https:\/\/jnksport.com\/en\/product\/zapatillas-adidas-tensaur-mickey-mouse-jr8128-ninos\/","title":{"rendered":"Zapatillas Adidas Tensaur Mickey Mouse JR8128 Ni\u00f1os"},"content":{"rendered":"<div>\n<div>C\u00f3modos tenis de Mickey Mouse Tensaur, perfectos para las aventuras.<br \/>\nHechos para pies peque\u00f1os a los que les encanta correr y jugar, estos tenis adidas para ni\u00f1os son todo aventura. Un gran estampado de Mickey Mouse en el tal\u00f3n celebra su personaje Disney favorito. Las tiras ajustables de cierre por contacto hacen que estos tenis sean f\u00e1ciles de poner y quitar, para que nada se interponga en el camino de un buen momento.<\/p>\n<p>Ajuste cl\u00e1sico<br \/>\nCierre con tira ajustable de cierre por contacto<br \/>\nExterior de material sint\u00e9tico<br \/>\nForro interno de tela<br \/>\nSuela de caucho<br \/>\n@Disney<br \/>\nColor del art\u00edculo: Cloud White \/ Aurora Ivy \/ Impact Orange<\/p><\/div>\n<\/div>\n<ul>\n<li>Marca: Adidas<\/li>\n<li>Codigo: JR8128<\/li>\n<li>Modelo: Tensaur Mickey Mouse<\/li>\n<li>G\u00e9nero: Ni\u00f1os<\/li>\n<li>Estilo: Urbano<\/li>\n<li>Cierre: Velcro<\/li>\n<li>Material: Cuero<\/li>\n<li>Color: Blanco<\/li>\n<li>Material de la Suela: Caucho<\/li>\n<\/ul>","protected":false},"excerpt":{"rendered":"<p>C\u00f3modos tenis de Mickey Mouse Tensaur, perfectos para las aventuras. Hechos para pies peque\u00f1os a los que les encanta correr y jugar, estos tenis adidas&#8230;<\/p>","protected":false},"featured_media":48082,"comment_status":"open","ping_status":"closed","template":"","meta":{"om_disable_all_campaigns":false,"_monsterinsights_skip_tracking":false,"_monsterinsights_sitenote_active":false,"_monsterinsights_sitenote_note":"","_monsterinsights_sitenote_category":0,"_uf_show_specific_survey":0,"_uf_disable_surveys":false,"_joinchat":[]},"etheme_brands":[],"product_brand":[],"product_cat":[159],"product_tag":[],"class_list":{"0":"post-49020","1":"product","2":"type-product","3":"status-publish","4":"has-post-thumbnail","6":"product_cat-ninos","7":"product_shipping_class-envio-a-lima-y-provincia","9":"first","10":"instock","11":"featured","12":"shipping-taxable","13":"purchasable","14":"product-type-variable"},"aioseo_notices":[],"_links":{"self":[{"href":"https:\/\/jnksport.com\/en\/wp-json\/wp\/v2\/product\/49020","targetHints":{"allow":["GET"]}}],"collection":[{"href":"https:\/\/jnksport.com\/en\/wp-json\/wp\/v2\/product"}],"about":[{"href":"https:\/\/jnksport.com\/en\/wp-json\/wp\/v2\/types\/product"}],"replies":[{"embeddable":true,"href":"https:\/\/jnksport.com\/en\/wp-json\/wp\/v2\/comments?post=49020"}],"version-history":[{"count":0,"href":"https:\/\/jnksport.com\/en\/wp-json\/wp\/v2\/product\/49020\/revisions"}],"wp:featuredmedia":[{"embeddable":true,"href":"https:\/\/jnksport.com\/en\/wp-json\/wp\/v2\/media\/48082"}],"wp:attachment":[{"href":"https:\/\/jnksport.com\/en\/wp-json\/wp\/v2\/media?parent=49020"}],"wp:term":[{"taxonomy":"brand","embeddable":true,"href":"https:\/\/jnksport.com\/en\/wp-json\/wp\/v2\/etheme_brands?post=49020"},{"taxonomy":"product_brand","embeddable":true,"href":"https:\/\/jnksport.com\/en\/wp-json\/wp\/v2\/product_brand?post=49020"},{"taxonomy":"product_cat","embeddable":true,"href":"https:\/\/jnksport.com\/en\/wp-json\/wp\/v2\/product_cat?post=49020"},{"taxonomy":"product_tag","embeddable":true,"href":"https:\/\/jnksport.com\/en\/wp-json\/wp\/v2\/product_tag?post=49020"}],"curies":[{"name":"wp","href":"https:\/\/api.w.org\/{rel}","templated":true}]}}