{"id":49021,"date":"2025-07-02T22:05:06","date_gmt":"2025-07-02T22:05:06","guid":{"rendered":"https:\/\/jnksport.com\/?post_type=product&#038;p=49021"},"modified":"2026-03-06T08:19:03","modified_gmt":"2026-03-06T08:19:03","slug":"zapatillas-joma-maxima-23-maxs2303tf-hombre","status":"publish","type":"product","link":"https:\/\/jnksport.com\/en\/product\/zapatillas-joma-maxima-23-maxs2303tf-hombre\/","title":{"rendered":"Zapatillas Joma Maxima 23 MAXS2303TF Hombre"},"content":{"rendered":"<div>\n<div>Zapatillas de f\u00fatbol sala para adultos. Deja atr\u00e1s a tus rivales en un abrir y cerrar de ojos. Este modelo est\u00e1 elaborado con materiales resistentes que lo hacen apto para cualquier terreno de juego.<\/p>\n<p>El corte est\u00e1 fabricado en material sint\u00e9tico de gran calidad y textil, que incorpora unas peque\u00f1as perforaciones en puntos estrat\u00e9gicos de la zapatilla que favorecen la ventilaci\u00f3n del sudor. Incluye un refuerzo en la puntera para protegerla de un desgaste excesivo y para darle m\u00e1s precisi\u00f3n y potencia al golpeo del bal\u00f3n.<\/p>\n<p>La zona del tobillo y la leng\u00fceta son de textil ligero y transpirable para mayor comodidad y ajuste \u00f3ptimo.<\/p>\n<p>La suela est\u00e1 construida en caucho DURABILITY de muy buena calidad resistente al desgaste por abrasi\u00f3n. Incorpora la estructura ROTATION que facilita los giros adem\u00e1s de las l\u00edneas flexo que aportan flexibilidad, garantizando el movimiento natural del pie y facilitando el juego del futbolista.<\/p><\/div>\n<\/div>\n<ul>\n<li>Marca: Joma<\/li>\n<li>Codigo: MAXS2303TF<\/li>\n<li>Modelo: Maxima 23<\/li>\n<li>G\u00e9nero: Hombre<\/li>\n<li>Estilo: Deportivo<\/li>\n<li>Cierre: Cordones<\/li>\n<li>Material: Cuero<\/li>\n<li>Color: Azul Marino<\/li>\n<li>Material de la Suela: Caucho<\/li>\n<\/ul>","protected":false},"excerpt":{"rendered":"<p>Zapatillas de f\u00fatbol sala para adultos. Deja atr\u00e1s a tus rivales en un abrir y cerrar de ojos. Este modelo est\u00e1 elaborado con materiales resistentes&#8230;<\/p>","protected":false},"featured_media":48088,"comment_status":"open","ping_status":"closed","template":"","meta":{"om_disable_all_campaigns":false,"_monsterinsights_skip_tracking":false,"_monsterinsights_sitenote_active":false,"_monsterinsights_sitenote_note":"","_monsterinsights_sitenote_category":0,"_uf_show_specific_survey":0,"_uf_disable_surveys":false,"_joinchat":[]},"etheme_brands":[],"product_brand":[],"product_cat":[19],"product_tag":[],"class_list":{"0":"post-49021","1":"product","2":"type-product","3":"status-publish","4":"has-post-thumbnail","6":"product_cat-hombre","7":"product_shipping_class-envio-a-lima-y-provincia","9":"first","10":"instock","11":"sale","12":"featured","13":"shipping-taxable","14":"purchasable","15":"product-type-variable"},"aioseo_notices":[],"_links":{"self":[{"href":"https:\/\/jnksport.com\/en\/wp-json\/wp\/v2\/product\/49021","targetHints":{"allow":["GET"]}}],"collection":[{"href":"https:\/\/jnksport.com\/en\/wp-json\/wp\/v2\/product"}],"about":[{"href":"https:\/\/jnksport.com\/en\/wp-json\/wp\/v2\/types\/product"}],"replies":[{"embeddable":true,"href":"https:\/\/jnksport.com\/en\/wp-json\/wp\/v2\/comments?post=49021"}],"version-history":[{"count":0,"href":"https:\/\/jnksport.com\/en\/wp-json\/wp\/v2\/product\/49021\/revisions"}],"wp:featuredmedia":[{"embeddable":true,"href":"https:\/\/jnksport.com\/en\/wp-json\/wp\/v2\/media\/48088"}],"wp:attachment":[{"href":"https:\/\/jnksport.com\/en\/wp-json\/wp\/v2\/media?parent=49021"}],"wp:term":[{"taxonomy":"brand","embeddable":true,"href":"https:\/\/jnksport.com\/en\/wp-json\/wp\/v2\/etheme_brands?post=49021"},{"taxonomy":"product_brand","embeddable":true,"href":"https:\/\/jnksport.com\/en\/wp-json\/wp\/v2\/product_brand?post=49021"},{"taxonomy":"product_cat","embeddable":true,"href":"https:\/\/jnksport.com\/en\/wp-json\/wp\/v2\/product_cat?post=49021"},{"taxonomy":"product_tag","embeddable":true,"href":"https:\/\/jnksport.com\/en\/wp-json\/wp\/v2\/product_tag?post=49021"}],"curies":[{"name":"wp","href":"https:\/\/api.w.org\/{rel}","templated":true}]}}