{"id":49052,"date":"2025-07-02T22:05:11","date_gmt":"2025-07-02T22:05:11","guid":{"rendered":"https:\/\/jnksport.com\/?post_type=product&#038;p=49052"},"modified":"2026-03-17T06:39:08","modified_gmt":"2026-03-17T06:39:08","slug":"zapatillas-joma-maxima-25-maxs2501tf-hombre","status":"publish","type":"product","link":"https:\/\/jnksport.com\/en\/product\/zapatillas-joma-maxima-25-maxs2501tf-hombre\/","title":{"rendered":"Zapatillas Joma Maxima 25 MAXS2501TF Hombre"},"content":{"rendered":"<div>\n<div>Botas de f\u00fatbol para turf (superficies sint\u00e9ticas y moqueta). Modelo polivalente desarrollado para la etapa de iniciaci\u00f3n. Comodidad y control necesarios para dar los primeros pasos en el juego.<br \/>\nUpper fabricado en su mayor\u00eda con sint\u00e9tico, un material asequible que aporta resistencia y buen contacto con el bal\u00f3n, perfecto para empezar en el futsal. Para mejorar la ventilaci\u00f3n del sudor, se han incluido peque\u00f1as perforaciones del sistema VTS.<\/p>\n<p>Pieza PROTECTION en la puntera.<\/p>\n<p>Suela de caucho DURABILITY de alta resistencia a la abrasi\u00f3n y calidad. Adem\u00e1s, presenta un sistema multitaco que ayuda a disminuir la presi\u00f3n de la pisada, asegurando un buen apoyo.<\/p><\/div>\n<\/div>\n<ul>\n<li>Marca: Joma<\/li>\n<li>Codigo: MAXS2501TF<\/li>\n<li>Modelo: Maxima 25<\/li>\n<li>G\u00e9nero: Hombre<\/li>\n<li>Estilo: Deportivo<\/li>\n<li>Cierre: Cordones<\/li>\n<li>Material: Cuero<\/li>\n<li>Color: Negro<\/li>\n<li>Material de la Suela: Caucho<\/li>\n<\/ul>","protected":false},"excerpt":{"rendered":"<p>Botas de f\u00fatbol para turf (superficies sint\u00e9ticas y moqueta). Modelo polivalente desarrollado para la etapa de iniciaci\u00f3n. Comodidad y control necesarios para dar los primeros&#8230;<\/p>","protected":false},"featured_media":48093,"comment_status":"open","ping_status":"closed","template":"","meta":{"om_disable_all_campaigns":false,"_monsterinsights_skip_tracking":false,"_monsterinsights_sitenote_active":false,"_monsterinsights_sitenote_note":"","_monsterinsights_sitenote_category":0,"_uf_show_specific_survey":0,"_uf_disable_surveys":false,"_joinchat":[]},"etheme_brands":[],"product_brand":[],"product_cat":[19],"product_tag":[],"class_list":{"0":"post-49052","1":"product","2":"type-product","3":"status-publish","4":"has-post-thumbnail","6":"product_cat-hombre","7":"product_shipping_class-envio-a-lima-y-provincia","9":"first","10":"instock","11":"sale","12":"featured","13":"shipping-taxable","14":"purchasable","15":"product-type-variable"},"aioseo_notices":[],"_links":{"self":[{"href":"https:\/\/jnksport.com\/en\/wp-json\/wp\/v2\/product\/49052","targetHints":{"allow":["GET"]}}],"collection":[{"href":"https:\/\/jnksport.com\/en\/wp-json\/wp\/v2\/product"}],"about":[{"href":"https:\/\/jnksport.com\/en\/wp-json\/wp\/v2\/types\/product"}],"replies":[{"embeddable":true,"href":"https:\/\/jnksport.com\/en\/wp-json\/wp\/v2\/comments?post=49052"}],"version-history":[{"count":0,"href":"https:\/\/jnksport.com\/en\/wp-json\/wp\/v2\/product\/49052\/revisions"}],"wp:featuredmedia":[{"embeddable":true,"href":"https:\/\/jnksport.com\/en\/wp-json\/wp\/v2\/media\/48093"}],"wp:attachment":[{"href":"https:\/\/jnksport.com\/en\/wp-json\/wp\/v2\/media?parent=49052"}],"wp:term":[{"taxonomy":"brand","embeddable":true,"href":"https:\/\/jnksport.com\/en\/wp-json\/wp\/v2\/etheme_brands?post=49052"},{"taxonomy":"product_brand","embeddable":true,"href":"https:\/\/jnksport.com\/en\/wp-json\/wp\/v2\/product_brand?post=49052"},{"taxonomy":"product_cat","embeddable":true,"href":"https:\/\/jnksport.com\/en\/wp-json\/wp\/v2\/product_cat?post=49052"},{"taxonomy":"product_tag","embeddable":true,"href":"https:\/\/jnksport.com\/en\/wp-json\/wp\/v2\/product_tag?post=49052"}],"curies":[{"name":"wp","href":"https:\/\/api.w.org\/{rel}","templated":true}]}}