{"id":49053,"date":"2025-07-02T22:05:11","date_gmt":"2025-07-02T22:05:11","guid":{"rendered":"https:\/\/jnksport.com\/?post_type=product&#038;p=49053"},"modified":"2026-02-24T08:32:37","modified_gmt":"2026-02-24T08:32:37","slug":"zapatillas-joma-master-1000-tm100s2501c-hombre","status":"publish","type":"product","link":"https:\/\/jnksport.com\/en\/product\/zapatillas-joma-master-1000-tm100s2501c-hombre\/","title":{"rendered":"Zapatillas Joma Master 1000 TM100S2501C Hombre"},"content":{"rendered":"<div>\n<div>Zapatillas de tenis para hombre, pensadas para quienes est\u00e1n dando sus primeros pasos en la pista. El modelo Master 1000 es de iniciaci\u00f3n y ha sido dise\u00f1ado para acompa\u00f1arte en el desarrollo de tu t\u00e9cnica, ofreciendo el equilibrio perfecto entre comodidad, protecci\u00f3n y amortiguaci\u00f3n.<\/p>\n<p>El upper combina semimicrofibra ligera y flexible, con paneles de mesh transpirable y perforaciones estrat\u00e9gicas VTS, que permiten una ventilaci\u00f3n eficiente y ayudan a mantener el pie fresco durante el juego. El ajuste se adapta con precisi\u00f3n gracias a un sistema de cordonera ergon\u00f3mico.<\/p>\n<p>La mediasuela de phylon proporciona una excelente absorci\u00f3n de impactos y se eleva en los laterales incorporando la tecnolog\u00eda PROTECTION, que refuerza las zonas m\u00e1s expuestas para una mayor durabilidad y estabilidad.<\/p>\n<p>La suela de caucho DURABILITY, con dise\u00f1o en espiga (clay), garantiza un agarre \u00f3ptimo en superficies resbaladizas, facilitando los deslizamientos sin comprometer la tracci\u00f3n. Ideal para mejorar tu rendimiento desde el primer set.<\/p><\/div>\n<\/div>\n<ul>\n<li>Marca: Joma<\/li>\n<li>Codigo: TM100S2501C<\/li>\n<li>Modelo: Master 1000<\/li>\n<li>G\u00e9nero: Hombre<\/li>\n<li>Estilo: Deportivo<\/li>\n<li>Cierre: Cordones<\/li>\n<li>Material: Cuero<\/li>\n<li>Color: Negro<\/li>\n<li>Material de la Suela: Caucho<\/li>\n<\/ul>","protected":false},"excerpt":{"rendered":"<p>Zapatillas de tenis para hombre, pensadas para quienes est\u00e1n dando sus primeros pasos en la pista. El modelo Master 1000 es de iniciaci\u00f3n y ha&#8230;<\/p>","protected":false},"featured_media":48103,"comment_status":"open","ping_status":"closed","template":"","meta":{"om_disable_all_campaigns":false,"_monsterinsights_skip_tracking":false,"_monsterinsights_sitenote_active":false,"_monsterinsights_sitenote_note":"","_monsterinsights_sitenote_category":0,"_uf_show_specific_survey":0,"_uf_disable_surveys":false,"_joinchat":[]},"etheme_brands":[],"product_brand":[],"product_cat":[19],"product_tag":[],"class_list":{"0":"post-49053","1":"product","2":"type-product","3":"status-publish","4":"has-post-thumbnail","6":"product_cat-hombre","7":"product_shipping_class-envio-a-lima-y-provincia","9":"first","10":"instock","11":"sale","12":"featured","13":"shipping-taxable","14":"purchasable","15":"product-type-variable"},"aioseo_notices":[],"_links":{"self":[{"href":"https:\/\/jnksport.com\/en\/wp-json\/wp\/v2\/product\/49053","targetHints":{"allow":["GET"]}}],"collection":[{"href":"https:\/\/jnksport.com\/en\/wp-json\/wp\/v2\/product"}],"about":[{"href":"https:\/\/jnksport.com\/en\/wp-json\/wp\/v2\/types\/product"}],"replies":[{"embeddable":true,"href":"https:\/\/jnksport.com\/en\/wp-json\/wp\/v2\/comments?post=49053"}],"version-history":[{"count":0,"href":"https:\/\/jnksport.com\/en\/wp-json\/wp\/v2\/product\/49053\/revisions"}],"wp:featuredmedia":[{"embeddable":true,"href":"https:\/\/jnksport.com\/en\/wp-json\/wp\/v2\/media\/48103"}],"wp:attachment":[{"href":"https:\/\/jnksport.com\/en\/wp-json\/wp\/v2\/media?parent=49053"}],"wp:term":[{"taxonomy":"brand","embeddable":true,"href":"https:\/\/jnksport.com\/en\/wp-json\/wp\/v2\/etheme_brands?post=49053"},{"taxonomy":"product_brand","embeddable":true,"href":"https:\/\/jnksport.com\/en\/wp-json\/wp\/v2\/product_brand?post=49053"},{"taxonomy":"product_cat","embeddable":true,"href":"https:\/\/jnksport.com\/en\/wp-json\/wp\/v2\/product_cat?post=49053"},{"taxonomy":"product_tag","embeddable":true,"href":"https:\/\/jnksport.com\/en\/wp-json\/wp\/v2\/product_tag?post=49053"}],"curies":[{"name":"wp","href":"https:\/\/api.w.org\/{rel}","templated":true}]}}