{"id":49256,"date":"2025-07-07T01:06:48","date_gmt":"2025-07-07T01:06:48","guid":{"rendered":"https:\/\/jnksport.com\/?post_type=product&#038;p=49256"},"modified":"2025-11-14T22:53:34","modified_gmt":"2025-11-14T22:53:34","slug":"zapatillas-asics-nossa-tri-1011b609-600-hombre","status":"publish","type":"product","link":"https:\/\/jnksport.com\/en\/product\/zapatillas-asics-nossa-tri-1011b609-600-hombre\/","title":{"rendered":"Zapatillas Asics Nossa Tri 1011B609-600 Hombre"},"content":{"rendered":"<div>\n<div>La zapatilla de running NOOSA TRI 15 es c\u00f3moda e ideal para disfrutar de una carrera suave. Adem\u00e1s, es ligera, para que no tengas que sacrificar la velocidad durante el entrenamiento o un triatl\u00f3n.<\/p>\n<p>La tecnolog\u00eda FLYTEFOAM es ligera y proporciona suficiente comodidad sin aportar peso a la zapatilla. Adem\u00e1s, el dise\u00f1o de la parte superior facilita ponerse y quitarse las zapatillas para pasar de una prueba a otra en un triatl\u00f3n. La puntera m\u00e1s elevada se traduce en una curva m\u00e1s alta en la parte delantera de la zapatilla, lo que ayuda a propulsarte y aumentar la velocidad durante las carreras.<\/p>\n<p>\u00bfQu\u00e9 hace que la zapatilla de running NOOSA TRI 15 sea tan r\u00e1pida y c\u00f3moda?<\/p>\n<p>La tecnolog\u00eda FLYTEFOAM ligera proporciona m\u00e1s comodidad sin aportar peso a la zapatilla.<br \/>\nEl c\u00f3modo dise\u00f1o de la parte superior facilita las transiciones durante las diferentes fases de un triatl\u00f3n.<br \/>\nPresenta una puntera m\u00e1s elevada que aumenta la velocidad durante la carrera.<\/p><\/div>\n<\/div>\n<ul>\n<li>Marca: Asics<\/li>\n<li>Codigo: 1011B609-600<\/li>\n<li>Modelo: Nossa Tri<\/li>\n<li>G\u00e9nero: Hombre<\/li>\n<li>Estilo: Deportivo<\/li>\n<li>Cierre: Cordones<\/li>\n<li>Material: Textil<\/li>\n<li>Color: Rojo<\/li>\n<li>Material de la Suela: Goma<\/li>\n<\/ul>","protected":false},"excerpt":{"rendered":"<p>La zapatilla de running NOOSA TRI 15 es c\u00f3moda e ideal para disfrutar de una carrera suave. Adem\u00e1s, es ligera, para que no tengas que&#8230;<\/p>","protected":false},"featured_media":49243,"comment_status":"open","ping_status":"closed","template":"","meta":{"om_disable_all_campaigns":false,"_monsterinsights_skip_tracking":false,"_monsterinsights_sitenote_active":false,"_monsterinsights_sitenote_note":"","_monsterinsights_sitenote_category":0,"_uf_show_specific_survey":0,"_uf_disable_surveys":false,"_joinchat":[]},"etheme_brands":[],"product_brand":[],"product_cat":[19],"product_tag":[],"class_list":{"0":"post-49256","1":"product","2":"type-product","3":"status-publish","4":"has-post-thumbnail","6":"product_cat-hombre","7":"product_shipping_class-envio-a-lima-y-provincia","9":"first","10":"instock","11":"featured","12":"shipping-taxable","13":"purchasable","14":"product-type-variable"},"aioseo_notices":[],"_links":{"self":[{"href":"https:\/\/jnksport.com\/en\/wp-json\/wp\/v2\/product\/49256","targetHints":{"allow":["GET"]}}],"collection":[{"href":"https:\/\/jnksport.com\/en\/wp-json\/wp\/v2\/product"}],"about":[{"href":"https:\/\/jnksport.com\/en\/wp-json\/wp\/v2\/types\/product"}],"replies":[{"embeddable":true,"href":"https:\/\/jnksport.com\/en\/wp-json\/wp\/v2\/comments?post=49256"}],"version-history":[{"count":0,"href":"https:\/\/jnksport.com\/en\/wp-json\/wp\/v2\/product\/49256\/revisions"}],"wp:featuredmedia":[{"embeddable":true,"href":"https:\/\/jnksport.com\/en\/wp-json\/wp\/v2\/media\/49243"}],"wp:attachment":[{"href":"https:\/\/jnksport.com\/en\/wp-json\/wp\/v2\/media?parent=49256"}],"wp:term":[{"taxonomy":"brand","embeddable":true,"href":"https:\/\/jnksport.com\/en\/wp-json\/wp\/v2\/etheme_brands?post=49256"},{"taxonomy":"product_brand","embeddable":true,"href":"https:\/\/jnksport.com\/en\/wp-json\/wp\/v2\/product_brand?post=49256"},{"taxonomy":"product_cat","embeddable":true,"href":"https:\/\/jnksport.com\/en\/wp-json\/wp\/v2\/product_cat?post=49256"},{"taxonomy":"product_tag","embeddable":true,"href":"https:\/\/jnksport.com\/en\/wp-json\/wp\/v2\/product_tag?post=49256"}],"curies":[{"name":"wp","href":"https:\/\/api.w.org\/{rel}","templated":true}]}}