{"id":49257,"date":"2025-07-07T01:06:48","date_gmt":"2025-07-07T01:06:48","guid":{"rendered":"https:\/\/jnksport.com\/?post_type=product&#038;p=49257"},"modified":"2025-11-14T22:53:34","modified_gmt":"2025-11-14T22:53:34","slug":"zapatillas-asics-gel-challenger-13-1041a222-002-hombre","status":"publish","type":"product","link":"https:\/\/jnksport.com\/en\/product\/zapatillas-asics-gel-challenger-13-1041a222-002-hombre\/","title":{"rendered":"Zapatillas Asics Gel-Challenger 13 1041A222-002 Hombre"},"content":{"rendered":"<div>\n<div>La zapatilla de tenis GEL-CHALLENGER\u2122 13 crea la estabilidad que necesitas cuando cubres la l\u00ednea de base, para que puedas mantener tu mente concentrada en controlar el punto.<\/p>\n<p>La parte superior con soporte mantiene los pies bien sujetos en la plataforma. Crea una sensaci\u00f3n de refuerzo durante las voleas o al retroceder para atrapar globos profundos.<\/p>\n<p>La tecnolog\u00eda WINGWALL\u2122 se encuentra en la pared lateral para mejorar la estabilidad durante los movimientos laterales. Esta caracter\u00edstica ofrece un buen soporte, lo que permite un mayor impulso y golpeo de la bola con mayor velocidad.<\/p>\n<p>Protector de dedos PGuard\u2122<br \/>\nMayor durabilidad de la puntera.<br \/>\nPlantilla Ortholite\u00ae<br \/>\nGesti\u00f3n de la humedad (Ortholite es una marca registrada de O2 Partners LLC).<br \/>\nLa tecnolog\u00eda WINGWALL\u2122 mejora la estabilidad<br \/>\nSuela AHAR\u00ae Plus<br \/>\nUbicado estrat\u00e9gicamente en \u00e1reas cr\u00edticas de la suela, este compuesto excepcionalmente duradero es un 50 % m\u00e1s duradero que el caucho de alta abrasi\u00f3n ASICS est\u00e1ndar.<br \/>\nSistema de amortiguaci\u00f3n con tecnolog\u00eda GEL\u00ae en el antepi\u00e9 y el retropi\u00e9<br \/>\nAten\u00faa el impacto durante las fases de impacto y despegue y permite el movimiento en m\u00faltiples planos a medida que el pie transita el ciclo de marcha.<\/p><\/div>\n<\/div>\n<ul>\n<li>Marca: Asics<\/li>\n<li>Codigo: 1041A222-002<\/li>\n<li>Modelo: Gel-Challenger 13<\/li>\n<li>G\u00e9nero: Hombre<\/li>\n<li>Estilo: Deportivo<\/li>\n<li>Cierre: Cordones<\/li>\n<li>Material: Textil<\/li>\n<li>Color: Negro<\/li>\n<li>Material de la Suela: Goma<\/li>\n<\/ul>","protected":false},"excerpt":{"rendered":"<p>La zapatilla de tenis GEL-CHALLENGER\u2122 13 crea la estabilidad que necesitas cuando cubres la l\u00ednea de base, para que puedas mantener tu mente concentrada en&#8230;<\/p>","protected":false},"featured_media":49104,"comment_status":"open","ping_status":"closed","template":"","meta":{"om_disable_all_campaigns":false,"_monsterinsights_skip_tracking":false,"_monsterinsights_sitenote_active":false,"_monsterinsights_sitenote_note":"","_monsterinsights_sitenote_category":0,"_uf_show_specific_survey":0,"_uf_disable_surveys":false,"_joinchat":[]},"etheme_brands":[],"product_brand":[],"product_cat":[19],"product_tag":[],"class_list":{"0":"post-49257","1":"product","2":"type-product","3":"status-publish","4":"has-post-thumbnail","6":"product_cat-hombre","7":"product_shipping_class-envio-a-lima-y-provincia","9":"first","10":"instock","11":"sale","12":"featured","13":"shipping-taxable","14":"purchasable","15":"product-type-variable"},"aioseo_notices":[],"_links":{"self":[{"href":"https:\/\/jnksport.com\/en\/wp-json\/wp\/v2\/product\/49257","targetHints":{"allow":["GET"]}}],"collection":[{"href":"https:\/\/jnksport.com\/en\/wp-json\/wp\/v2\/product"}],"about":[{"href":"https:\/\/jnksport.com\/en\/wp-json\/wp\/v2\/types\/product"}],"replies":[{"embeddable":true,"href":"https:\/\/jnksport.com\/en\/wp-json\/wp\/v2\/comments?post=49257"}],"version-history":[{"count":0,"href":"https:\/\/jnksport.com\/en\/wp-json\/wp\/v2\/product\/49257\/revisions"}],"wp:featuredmedia":[{"embeddable":true,"href":"https:\/\/jnksport.com\/en\/wp-json\/wp\/v2\/media\/49104"}],"wp:attachment":[{"href":"https:\/\/jnksport.com\/en\/wp-json\/wp\/v2\/media?parent=49257"}],"wp:term":[{"taxonomy":"brand","embeddable":true,"href":"https:\/\/jnksport.com\/en\/wp-json\/wp\/v2\/etheme_brands?post=49257"},{"taxonomy":"product_brand","embeddable":true,"href":"https:\/\/jnksport.com\/en\/wp-json\/wp\/v2\/product_brand?post=49257"},{"taxonomy":"product_cat","embeddable":true,"href":"https:\/\/jnksport.com\/en\/wp-json\/wp\/v2\/product_cat?post=49257"},{"taxonomy":"product_tag","embeddable":true,"href":"https:\/\/jnksport.com\/en\/wp-json\/wp\/v2\/product_tag?post=49257"}],"curies":[{"name":"wp","href":"https:\/\/api.w.org\/{rel}","templated":true}]}}