{"id":49293,"date":"2025-07-07T01:06:56","date_gmt":"2025-07-07T01:06:56","guid":{"rendered":"https:\/\/jnksport.com\/?post_type=product&#038;p=49293"},"modified":"2026-04-11T17:02:59","modified_gmt":"2026-04-11T17:02:59","slug":"zapatillas-converse-lift-scribble-a09165-mujer","status":"publish","type":"product","link":"https:\/\/jnksport.com\/en\/product\/zapatillas-converse-lift-scribble-a09165-mujer\/","title":{"rendered":"Zapatillas Converse Lift Scribble A09165 Mujer"},"content":{"rendered":"<div>\n<div>Tus Chuck Taylor de alta gama hacen su trabajo, esta vez con garabatos ingeniosos. Dibuja en ellas con tu propio bol\u00edgrafo o deja que los gr\u00e1ficos de estilo urbano hablen por s\u00ed solos. Sea como sea, este estilo DIY es f\u00e1cil de combinar con cualquier otra prenda.<\/p>\n<p>RAZONES PARA COMPRARLAS<br \/>\nParte superior de lona para un aspecto cl\u00e1sico de Chucks, adem\u00e1s de gamuza duradera en la leng\u00fceta y el tal\u00f3n.<br \/>\nLa amortiguaci\u00f3n OrthoLite ayuda a proporcionar una comodidad \u00f3ptima.<br \/>\nLa suela exterior exagerada con dientes de sierra aporta un estilo expresivo y un toque audaz a cualquier look.<br \/>\nGr\u00e1ficos inspirados en garabatos en los costados, la puntera, la etiqueta de la leng\u00fceta y la plantilla.<br \/>\nParche de tobillo ic\u00f3nico de Chuck Taylor en cuero grabado con una etiqueta Converse con grafiti.<\/p><\/div>\n<\/div>\n<ul>\n<li>Marca: Converse<\/li>\n<li>Codigo: A09165<\/li>\n<li>Modelo: Lift Scribble<\/li>\n<li>G\u00e9nero: Mujer<\/li>\n<li>Estilo: Urbano<\/li>\n<li>Cierre: Cordones<\/li>\n<li>Material: Textil<\/li>\n<li>Color: Gris<\/li>\n<li>Material de la Suela: Caucho<\/li>\n<\/ul>","protected":false},"excerpt":{"rendered":"<p>Tus Chuck Taylor de alta gama hacen su trabajo, esta vez con garabatos ingeniosos. Dibuja en ellas con tu propio bol\u00edgrafo o deja que los&#8230;<\/p>","protected":false},"featured_media":49145,"comment_status":"open","ping_status":"closed","template":"","meta":{"om_disable_all_campaigns":false,"_monsterinsights_skip_tracking":false,"_monsterinsights_sitenote_active":false,"_monsterinsights_sitenote_note":"","_monsterinsights_sitenote_category":0,"_uf_show_specific_survey":0,"_uf_disable_surveys":false,"_joinchat":[]},"etheme_brands":[],"product_brand":[],"product_cat":[18],"product_tag":[],"class_list":{"0":"post-49293","1":"product","2":"type-product","3":"status-publish","4":"has-post-thumbnail","6":"product_cat-mujer","7":"product_shipping_class-envio-a-lima-y-provincia","9":"first","10":"instock","11":"sale","12":"featured","13":"shipping-taxable","14":"purchasable","15":"product-type-variable"},"aioseo_notices":[],"_links":{"self":[{"href":"https:\/\/jnksport.com\/en\/wp-json\/wp\/v2\/product\/49293","targetHints":{"allow":["GET"]}}],"collection":[{"href":"https:\/\/jnksport.com\/en\/wp-json\/wp\/v2\/product"}],"about":[{"href":"https:\/\/jnksport.com\/en\/wp-json\/wp\/v2\/types\/product"}],"replies":[{"embeddable":true,"href":"https:\/\/jnksport.com\/en\/wp-json\/wp\/v2\/comments?post=49293"}],"version-history":[{"count":0,"href":"https:\/\/jnksport.com\/en\/wp-json\/wp\/v2\/product\/49293\/revisions"}],"wp:featuredmedia":[{"embeddable":true,"href":"https:\/\/jnksport.com\/en\/wp-json\/wp\/v2\/media\/49145"}],"wp:attachment":[{"href":"https:\/\/jnksport.com\/en\/wp-json\/wp\/v2\/media?parent=49293"}],"wp:term":[{"taxonomy":"brand","embeddable":true,"href":"https:\/\/jnksport.com\/en\/wp-json\/wp\/v2\/etheme_brands?post=49293"},{"taxonomy":"product_brand","embeddable":true,"href":"https:\/\/jnksport.com\/en\/wp-json\/wp\/v2\/product_brand?post=49293"},{"taxonomy":"product_cat","embeddable":true,"href":"https:\/\/jnksport.com\/en\/wp-json\/wp\/v2\/product_cat?post=49293"},{"taxonomy":"product_tag","embeddable":true,"href":"https:\/\/jnksport.com\/en\/wp-json\/wp\/v2\/product_tag?post=49293"}],"curies":[{"name":"wp","href":"https:\/\/api.w.org\/{rel}","templated":true}]}}