{"id":49329,"date":"2025-07-07T01:07:02","date_gmt":"2025-07-07T01:07:02","guid":{"rendered":"https:\/\/jnksport.com\/?post_type=product&#038;p=49329"},"modified":"2026-04-29T22:32:16","modified_gmt":"2026-04-29T22:32:16","slug":"zapatillas-nike-pegasus-39-dh4072-104-mujer","status":"publish","type":"product","link":"https:\/\/jnksport.com\/en\/product\/zapatillas-nike-pegasus-39-dh4072-104-mujer\/","title":{"rendered":"Zapatillas Nike Pegasus 39 DH4072-104 Mujer"},"content":{"rendered":"<div>\n<div>Deja que el Nike Pegasus 39 te ayude a alcanzar nuevas alturas. M\u00e1s ligero que el Pegasus 38 en la parte superior e ideal para usar todo el a\u00f1o, tiene una sensaci\u00f3n de soporte para mantener los pies seguros; la amortiguaci\u00f3n en la planta del pie y las unidades dobles Zoom Air (una m\u00e1s que el Peg 38) les dan un brillo adicional a tus pisadas. El caballo de batalla con alas en el que conf\u00edas regres\u00f3. Es hora de volar.<\/p>\n<p>Comodidad total<\/p>\n<p>El acolchado adicional en la leng\u00fceta y el cuello ayuda a mantener la comodidad en los pies. Adem\u00e1s, hemos colocado malla dise\u00f1ada estrat\u00e9gicamente, que es m\u00e1s fuerte y m\u00e1s flexible que la malla normal, en toda la parte superior para ofrecer una transpirabilidad ligera.<\/p>\n<p>Pasos con soporte<\/p>\n<p>La tecnolog\u00eda Flywire est\u00e1 integrada a una banda en el mediopi\u00e9 para brindar un soporte total que ayuda a mantener los pies en su lugar.<\/p>\n<p>P\u00f3ntelo, corre y a volar<\/p>\n<p>La tecnolog\u00eda Nike React es una espuma ligera y duradera que proporciona una pisada suave y brinda respuesta inmediata. La combinamos con una unidad Air Zoom en el antepi\u00e9 y el tal\u00f3n para proporcionar una sensaci\u00f3n de energ\u00eda.<\/p>\n<p>Transiciones suaves<\/p>\n<p>La forma del tal\u00f3n se ha dise\u00f1ado para maximizar el aterrizaje, lo que facilita la transici\u00f3n del tal\u00f3n a la punta. Lo combinamos con espuma gruesa para obtener una pisada de respuesta inmediata.<\/p>\n<p>M\u00e1s beneficios<\/p>\n<p>La leng\u00fceta est\u00e1 separada de la parte superior para proporcionar espacio para las diferentes formas del pie.<br \/>\nLa suela tipo waffle ofrece una tracci\u00f3n excelente.<br \/>\nLas ranuras en la suela de goma brindan un movimiento natural.<\/p>\n<p>Datos del producto<\/p>\n<p>Este producto no est\u00e1 dise\u00f1ado para usarse como equipo de protecci\u00f3n personal (EPP)<br \/>\n Color que se muestra: Blanco\/Platino puro\/Hechizo rosa\/Oro trigo<\/p><\/div>\n<\/div>\n<ul>\n<li>Marca: Nike<\/li>\n<li>Codigo: DH4072-104<\/li>\n<li>Modelo: Pegasus 39<\/li>\n<li>G\u00e9nero: Mujer<\/li>\n<li>Estilo: Deportivo<\/li>\n<li>Cierre: Cordones<\/li>\n<li>Material: Textil<\/li>\n<li>Color: Blanco<\/li>\n<li>Material de la Suela: Goma<\/li>\n<\/ul>","protected":false},"excerpt":{"rendered":"<p>Deja que el Nike Pegasus 39 te ayude a alcanzar nuevas alturas. M\u00e1s ligero que el Pegasus 38 en la parte superior e ideal para&#8230;<\/p>","protected":false},"featured_media":54962,"comment_status":"open","ping_status":"closed","template":"","meta":{"om_disable_all_campaigns":false,"_monsterinsights_skip_tracking":false,"_monsterinsights_sitenote_active":false,"_monsterinsights_sitenote_note":"","_monsterinsights_sitenote_category":0,"_uf_show_specific_survey":0,"_uf_disable_surveys":false,"_joinchat":[]},"etheme_brands":[],"product_brand":[],"product_cat":[18],"product_tag":[],"class_list":{"0":"post-49329","1":"product","2":"type-product","3":"status-publish","4":"has-post-thumbnail","6":"product_cat-mujer","7":"product_shipping_class-envio-a-lima-y-provincia","9":"first","10":"instock","11":"sale","12":"featured","13":"shipping-taxable","14":"purchasable","15":"product-type-variable"},"aioseo_notices":[],"_links":{"self":[{"href":"https:\/\/jnksport.com\/en\/wp-json\/wp\/v2\/product\/49329","targetHints":{"allow":["GET"]}}],"collection":[{"href":"https:\/\/jnksport.com\/en\/wp-json\/wp\/v2\/product"}],"about":[{"href":"https:\/\/jnksport.com\/en\/wp-json\/wp\/v2\/types\/product"}],"replies":[{"embeddable":true,"href":"https:\/\/jnksport.com\/en\/wp-json\/wp\/v2\/comments?post=49329"}],"version-history":[{"count":0,"href":"https:\/\/jnksport.com\/en\/wp-json\/wp\/v2\/product\/49329\/revisions"}],"wp:featuredmedia":[{"embeddable":true,"href":"https:\/\/jnksport.com\/en\/wp-json\/wp\/v2\/media\/54962"}],"wp:attachment":[{"href":"https:\/\/jnksport.com\/en\/wp-json\/wp\/v2\/media?parent=49329"}],"wp:term":[{"taxonomy":"brand","embeddable":true,"href":"https:\/\/jnksport.com\/en\/wp-json\/wp\/v2\/etheme_brands?post=49329"},{"taxonomy":"product_brand","embeddable":true,"href":"https:\/\/jnksport.com\/en\/wp-json\/wp\/v2\/product_brand?post=49329"},{"taxonomy":"product_cat","embeddable":true,"href":"https:\/\/jnksport.com\/en\/wp-json\/wp\/v2\/product_cat?post=49329"},{"taxonomy":"product_tag","embeddable":true,"href":"https:\/\/jnksport.com\/en\/wp-json\/wp\/v2\/product_tag?post=49329"}],"curies":[{"name":"wp","href":"https:\/\/api.w.org\/{rel}","templated":true}]}}