{"id":49330,"date":"2025-07-07T01:07:02","date_gmt":"2025-07-07T01:07:02","guid":{"rendered":"https:\/\/jnksport.com\/?post_type=product&#038;p=49330"},"modified":"2026-04-29T22:32:10","modified_gmt":"2026-04-29T22:32:10","slug":"zapatillas-runic-dynamo-if-dynamo-if1-tf-ninos","status":"publish","type":"product","link":"https:\/\/jnksport.com\/en\/product\/zapatillas-runic-dynamo-if-dynamo-if1-tf-ninos\/","title":{"rendered":"Zapatillas Runic Dynamo If DYNAMO-IF1-TF Ni\u00f1os"},"content":{"rendered":"<div>\n<div>Ajuste cl\u00e1sico<br \/>\nSistema de amarre de pasadores<br \/>\nForro interno textil<br \/>\nCapellada en cuero sint\u00e9tico<\/div>\n<\/div>\n<ul>\n<li>Marca: Runic<\/li>\n<li>Codigo: DYNAMO-IF1-TF<\/li>\n<li>Modelo: Dynamo If<\/li>\n<li>G\u00e9nero: Ni\u00f1os<\/li>\n<li>Estilo: Deportivo<\/li>\n<li>Cierre: Cordones<\/li>\n<li>Material: Cuero<\/li>\n<li>Color: Negro<\/li>\n<li>Material de la Suela: Goma<\/li>\n<\/ul>","protected":false},"excerpt":{"rendered":"<p>Ajuste cl\u00e1sico Sistema de amarre de pasadores Forro interno textil Capellada en cuero sint\u00e9tico Marca: Runic Codigo: DYNAMO-IF1-TF Modelo: Dynamo If G\u00e9nero: Ni\u00f1os Estilo: Deportivo&#8230;<\/p>","protected":false},"featured_media":49184,"comment_status":"open","ping_status":"closed","template":"","meta":{"om_disable_all_campaigns":false,"_monsterinsights_skip_tracking":false,"_monsterinsights_sitenote_active":false,"_monsterinsights_sitenote_note":"","_monsterinsights_sitenote_category":0,"_uf_show_specific_survey":0,"_uf_disable_surveys":false,"_joinchat":[]},"etheme_brands":[],"product_brand":[],"product_cat":[159],"product_tag":[],"class_list":{"0":"post-49330","1":"product","2":"type-product","3":"status-publish","4":"has-post-thumbnail","6":"product_cat-ninos","7":"product_shipping_class-envio-a-lima-y-provincia","9":"first","10":"instock","11":"sale","12":"featured","13":"shipping-taxable","14":"purchasable","15":"product-type-variable"},"aioseo_notices":[],"_links":{"self":[{"href":"https:\/\/jnksport.com\/en\/wp-json\/wp\/v2\/product\/49330","targetHints":{"allow":["GET"]}}],"collection":[{"href":"https:\/\/jnksport.com\/en\/wp-json\/wp\/v2\/product"}],"about":[{"href":"https:\/\/jnksport.com\/en\/wp-json\/wp\/v2\/types\/product"}],"replies":[{"embeddable":true,"href":"https:\/\/jnksport.com\/en\/wp-json\/wp\/v2\/comments?post=49330"}],"version-history":[{"count":0,"href":"https:\/\/jnksport.com\/en\/wp-json\/wp\/v2\/product\/49330\/revisions"}],"wp:featuredmedia":[{"embeddable":true,"href":"https:\/\/jnksport.com\/en\/wp-json\/wp\/v2\/media\/49184"}],"wp:attachment":[{"href":"https:\/\/jnksport.com\/en\/wp-json\/wp\/v2\/media?parent=49330"}],"wp:term":[{"taxonomy":"brand","embeddable":true,"href":"https:\/\/jnksport.com\/en\/wp-json\/wp\/v2\/etheme_brands?post=49330"},{"taxonomy":"product_brand","embeddable":true,"href":"https:\/\/jnksport.com\/en\/wp-json\/wp\/v2\/product_brand?post=49330"},{"taxonomy":"product_cat","embeddable":true,"href":"https:\/\/jnksport.com\/en\/wp-json\/wp\/v2\/product_cat?post=49330"},{"taxonomy":"product_tag","embeddable":true,"href":"https:\/\/jnksport.com\/en\/wp-json\/wp\/v2\/product_tag?post=49330"}],"curies":[{"name":"wp","href":"https:\/\/api.w.org\/{rel}","templated":true}]}}