{"id":49363,"date":"2025-07-07T01:07:08","date_gmt":"2025-07-07T01:07:08","guid":{"rendered":"https:\/\/jnksport.com\/?post_type=product&#038;p=49363"},"modified":"2026-04-29T22:32:10","modified_gmt":"2026-04-29T22:32:10","slug":"zapatillas-nike-winflo-11-fj9509-002-hombre","status":"publish","type":"product","link":"https:\/\/jnksport.com\/en\/product\/zapatillas-nike-winflo-11-fj9509-002-hombre\/","title":{"rendered":"Zapatillas Nike Winflo 11 FJ9509-002 Hombre"},"content":{"rendered":"<div>\n<div>La amortiguaci\u00f3n responsiva proporciona una pisada equilibrada para las carreras del d\u00eda a d\u00eda. Disfruta del retorno de energ\u00eda con la combinaci\u00f3n de espuma Cushlon 3.0 Foam y una unidad Nike Air completa en la entresuela. Adem\u00e1s, la banda el\u00e1stica del mediopi\u00e9 y el amplio antepi\u00e9 proporcionan un ajuste c\u00f3modo y adaptable.<\/p>\n<p>Caracter\u00edsticas principales<\/p>\n<p>Parte superior de malla dise\u00f1ada estrat\u00e9gicamente transpirable<br \/>\nEntresuela de espuma Cushlon 3.0 Foam con una unidad Nike Air completa<br \/>\nLa suela de goma con dise\u00f1o tipo waffle ofrece una tracci\u00f3n duradera.<br \/>\nLa banda el\u00e1stica en el mediopi\u00e9 se adapta a una gran variedad de ajustes y actividades.<br \/>\nNovedades Un antepi\u00e9 espacioso, un tal\u00f3n m\u00e1s ancho y una mayor transpirabilidad.<\/p>\n<p>Datos del producto<\/p>\n<p>Peso aproximado: 325 g (talla 10 US para hombre)<br \/>\nCa\u00edda del tal\u00f3n a la punta: 10 mm<br \/>\nHorma MR-10: nuestro mejor y m\u00e1s uniforme ajuste<br \/>\nDetalles reflejantes<br \/>\nEste producto no est\u00e1 dise\u00f1ado para usarse como equipo de protecci\u00f3n personal (EPP)<br \/>\nSoporte: neutro<\/p>\n<p>Cuanto m\u00e1s soporte ofrece el calzado, m\u00e1s estabilidad puede darle a tu pisada natural. La combinaci\u00f3n de soporte optimizado y amortiguaci\u00f3n colocada intencionalmente te ayuda a sentir seguridad en cada paso. El soporte neutral te brinda equilibrio, ya sea que pises con el tal\u00f3n o con el antepi\u00e9. Es ideal para carreras largas y cortas, ya que proporciona una transici\u00f3n suave desde el tal\u00f3n hasta la punta.<\/p>\n<p>Ajuste adaptable<\/p>\n<p>La malla dise\u00f1ada estrat\u00e9gicamente de una sola capa en la parte superior te proporciona un ajuste c\u00f3modo y confortable. La estructura y la banda del mediopi\u00e9 que tanto te gustaban de la Winflo 10 siguen envolviendo suavemente tu pie, pero incorporamos un forro m\u00e1s suave y liso en el interior del calzado y tambi\u00e9n suavizamos el acolchado de la leng\u00fceta.<\/p>\n<p>Datos del producto<\/p>\n<p>Detalles reflejantes<br \/>\nEste producto no est\u00e1 dise\u00f1ado para usarse como equipo de protecci\u00f3n personal (EPP)<br \/>\n Color que se muestra: NEGRO<\/p><\/div>\n<\/div>\n<ul>\n<li>Marca: Nike<\/li>\n<li>Codigo: FJ9509-002<\/li>\n<li>Modelo: Winflo 11<\/li>\n<li>G\u00e9nero: Hombre<\/li>\n<li>Estilo: Deportivo<\/li>\n<li>Cierre: Cordones<\/li>\n<li>Material: Textil<\/li>\n<li>Color: Blanco<\/li>\n<li>Material de la Suela: Goma<\/li>\n<\/ul>","protected":false},"excerpt":{"rendered":"<p>La amortiguaci\u00f3n responsiva proporciona una pisada equilibrada para las carreras del d\u00eda a d\u00eda. Disfruta del retorno de energ\u00eda con la combinaci\u00f3n de espuma Cushlon&#8230;<\/p>","protected":false},"featured_media":59479,"comment_status":"open","ping_status":"closed","template":"","meta":{"om_disable_all_campaigns":false,"_monsterinsights_skip_tracking":false,"_monsterinsights_sitenote_active":false,"_monsterinsights_sitenote_note":"","_monsterinsights_sitenote_category":0,"_uf_show_specific_survey":0,"_uf_disable_surveys":false,"_joinchat":[]},"etheme_brands":[],"product_brand":[],"product_cat":[19],"product_tag":[],"class_list":{"0":"post-49363","1":"product","2":"type-product","3":"status-publish","4":"has-post-thumbnail","6":"product_cat-hombre","7":"product_shipping_class-envio-a-lima-y-provincia","9":"first","10":"instock","11":"sale","12":"featured","13":"shipping-taxable","14":"purchasable","15":"product-type-variable"},"aioseo_notices":[],"_links":{"self":[{"href":"https:\/\/jnksport.com\/en\/wp-json\/wp\/v2\/product\/49363","targetHints":{"allow":["GET"]}}],"collection":[{"href":"https:\/\/jnksport.com\/en\/wp-json\/wp\/v2\/product"}],"about":[{"href":"https:\/\/jnksport.com\/en\/wp-json\/wp\/v2\/types\/product"}],"replies":[{"embeddable":true,"href":"https:\/\/jnksport.com\/en\/wp-json\/wp\/v2\/comments?post=49363"}],"version-history":[{"count":1,"href":"https:\/\/jnksport.com\/en\/wp-json\/wp\/v2\/product\/49363\/revisions"}],"predecessor-version":[{"id":59480,"href":"https:\/\/jnksport.com\/en\/wp-json\/wp\/v2\/product\/49363\/revisions\/59480"}],"wp:featuredmedia":[{"embeddable":true,"href":"https:\/\/jnksport.com\/en\/wp-json\/wp\/v2\/media\/59479"}],"wp:attachment":[{"href":"https:\/\/jnksport.com\/en\/wp-json\/wp\/v2\/media?parent=49363"}],"wp:term":[{"taxonomy":"brand","embeddable":true,"href":"https:\/\/jnksport.com\/en\/wp-json\/wp\/v2\/etheme_brands?post=49363"},{"taxonomy":"product_brand","embeddable":true,"href":"https:\/\/jnksport.com\/en\/wp-json\/wp\/v2\/product_brand?post=49363"},{"taxonomy":"product_cat","embeddable":true,"href":"https:\/\/jnksport.com\/en\/wp-json\/wp\/v2\/product_cat?post=49363"},{"taxonomy":"product_tag","embeddable":true,"href":"https:\/\/jnksport.com\/en\/wp-json\/wp\/v2\/product_tag?post=49363"}],"curies":[{"name":"wp","href":"https:\/\/api.w.org\/{rel}","templated":true}]}}