{"id":49364,"date":"2025-07-07T01:07:08","date_gmt":"2025-07-07T01:07:08","guid":{"rendered":"https:\/\/jnksport.com\/?post_type=product&#038;p=49364"},"modified":"2026-03-26T19:36:53","modified_gmt":"2026-03-26T19:36:53","slug":"zapatillas-nike-court-shot-fq8146-002-hombre","status":"publish","type":"product","link":"https:\/\/jnksport.com\/en\/product\/zapatillas-nike-court-shot-fq8146-002-hombre\/","title":{"rendered":"Zapatillas Nike Court Shot FQ8146-002 Hombre"},"content":{"rendered":"<div>\n<div>Estos tenis de perfil bajo son un b\u00e1sico minimalista. La parte superior de cuero sint\u00e9tico crea un look cl\u00e1sico; las costuras y el logotipo Swoosh texturizado a\u00f1aden la cantidad exacta de detalles mejorados.<\/p>\n<p>Beneficios<\/p>\n<p>El cuero sint\u00e9tico en la parte superior es duradero y f\u00e1cil de limpiar.<br \/>\nEl forro de malla mantiene la ligereza y ventilaci\u00f3n.<br \/>\nEl acolchado en el cuello y la leng\u00fceta a\u00f1aden suavidad.<\/p>\n<p>Datos del producto<\/p>\n<p>Suela de goma<br \/>\nLogotipo Swoosh en bajorrelieve en la entresuela<br \/>\n Color que se muestra: Negro\/Blanco<\/p><\/div>\n<\/div>\n<ul>\n<li>Marca: Nike<\/li>\n<li>Codigo: FQ8146-002<\/li>\n<li>Modelo: Court Shot<\/li>\n<li>G\u00e9nero: Hombre<\/li>\n<li>Estilo: Urbano<\/li>\n<li>Cierre: Cordones<\/li>\n<li>Material: Cuero<\/li>\n<li>Color: Negro<\/li>\n<li>Material de la Suela: Goma<\/li>\n<\/ul>","protected":false},"excerpt":{"rendered":"<p>Estos tenis de perfil bajo son un b\u00e1sico minimalista. La parte superior de cuero sint\u00e9tico crea un look cl\u00e1sico; las costuras y el logotipo Swoosh&#8230;<\/p>","protected":false},"featured_media":54964,"comment_status":"open","ping_status":"closed","template":"","meta":{"om_disable_all_campaigns":false,"_monsterinsights_skip_tracking":false,"_monsterinsights_sitenote_active":false,"_monsterinsights_sitenote_note":"","_monsterinsights_sitenote_category":0,"_uf_show_specific_survey":0,"_uf_disable_surveys":false,"_joinchat":[]},"etheme_brands":[],"product_brand":[],"product_cat":[19],"product_tag":[],"class_list":{"0":"post-49364","1":"product","2":"type-product","3":"status-publish","4":"has-post-thumbnail","6":"product_cat-hombre","7":"product_shipping_class-envio-a-lima-y-provincia","9":"first","10":"instock","11":"sale","12":"featured","13":"shipping-taxable","14":"purchasable","15":"product-type-variable"},"aioseo_notices":[],"_links":{"self":[{"href":"https:\/\/jnksport.com\/en\/wp-json\/wp\/v2\/product\/49364","targetHints":{"allow":["GET"]}}],"collection":[{"href":"https:\/\/jnksport.com\/en\/wp-json\/wp\/v2\/product"}],"about":[{"href":"https:\/\/jnksport.com\/en\/wp-json\/wp\/v2\/types\/product"}],"replies":[{"embeddable":true,"href":"https:\/\/jnksport.com\/en\/wp-json\/wp\/v2\/comments?post=49364"}],"version-history":[{"count":0,"href":"https:\/\/jnksport.com\/en\/wp-json\/wp\/v2\/product\/49364\/revisions"}],"wp:featuredmedia":[{"embeddable":true,"href":"https:\/\/jnksport.com\/en\/wp-json\/wp\/v2\/media\/54964"}],"wp:attachment":[{"href":"https:\/\/jnksport.com\/en\/wp-json\/wp\/v2\/media?parent=49364"}],"wp:term":[{"taxonomy":"brand","embeddable":true,"href":"https:\/\/jnksport.com\/en\/wp-json\/wp\/v2\/etheme_brands?post=49364"},{"taxonomy":"product_brand","embeddable":true,"href":"https:\/\/jnksport.com\/en\/wp-json\/wp\/v2\/product_brand?post=49364"},{"taxonomy":"product_cat","embeddable":true,"href":"https:\/\/jnksport.com\/en\/wp-json\/wp\/v2\/product_cat?post=49364"},{"taxonomy":"product_tag","embeddable":true,"href":"https:\/\/jnksport.com\/en\/wp-json\/wp\/v2\/product_tag?post=49364"}],"curies":[{"name":"wp","href":"https:\/\/api.w.org\/{rel}","templated":true}]}}